{"id":2033,"date":"2025-05-05T00:13:48","date_gmt":"2025-05-05T04:13:48","guid":{"rendered":"https:\/\/turisvina.cl\/?page_id=2033"},"modified":"2025-05-08T15:28:38","modified_gmt":"2025-05-08T19:28:38","slug":"faq","status":"publish","type":"page","link":"https:\/\/turisvina.cl\/en\/faq\/","title":{"rendered":"Preguntas Frecuentes \u2013 TurisVi\u00f1a"},"content":{"rendered":"<div data-elementor-type=\"wp-page\" data-elementor-id=\"2033\" class=\"elementor elementor-2033\" data-elementor-post-type=\"page\">\n\t\t\t\t<div class=\"elementor-element elementor-element-7127f56 e-flex e-con-boxed e-con e-parent\" data-id=\"7127f56\" data-element_type=\"container\" data-e-type=\"container\">\n\t\t\t\t\t<div class=\"e-con-inner\">\n\t\t\t\t<div class=\"elementor-element elementor-element-e2498cf tx-hd-align-center elementor-widget elementor-widget-avas-heading\" data-id=\"e2498cf\" data-element_type=\"widget\" data-e-type=\"widget\" data-widget_type=\"avas-heading.default\">\n\t\t\t\t<div class=\"elementor-widget-container\">\n\t\t\t\t\t        <div class=\"tx-hd-wrap\">\n\n            <div class=\"tx-hd-wm\"><\/div>\n\n            \n            <div class=\"tx-hd-sub\">TurisVi\u00f1a<\/div>\n                        <h2 class=\"tx-hd-title\">\n                <span class=\"tx-hd-first-part\">Frequently Asked Questions<\/span>\n                <span class=\"tx-hd-last-part\"><\/span>\n            <\/h2>    \n            \n            <div class=\"tx-hd-desc\"><\/div>\n\n\n                   \n        <\/div><!-- tx-hd-wrap -->\n\n\n\n\n\n\n\n\n\t\t\t\t<\/div>\n\t\t\t\t<\/div>\n\t\t\t\t\t<\/div>\n\t\t\t\t<\/div>\n\t\t<div class=\"elementor-element elementor-element-1fecd39 e-flex e-con-boxed e-con e-parent\" data-id=\"1fecd39\" data-element_type=\"container\" data-e-type=\"container\">\n\t\t\t\t\t<div class=\"e-con-inner\">\n\t\t\t\t<div class=\"elementor-element elementor-element-02166d8 elementor-widget elementor-widget-avas-accordion\" data-id=\"02166d8\" data-element_type=\"widget\" data-e-type=\"widget\" data-widget_type=\"avas-accordion.default\">\n\t\t\t\t<div class=\"elementor-widget-container\">\n\t\t\t\t\t\t\t<div class=\"tx-accordion\">\n\t\t\t\t\t\t\t<div class=\"tx-accordion-item\">\n\t\t\t\t\t<div id=\"tx-accordion-tab-title-2181\" class=\"tx-accordion-tab-title\" data-tab=\"1\" role=\"button\" aria-controls=\"tx-accordion-tab-content-2181\" aria-expanded=\"false\">\n\t\t\t\t\t\t\t\t\t\t\t\t\t<span class=\"tx-accordion-icon tx-accordion-icon-left\" aria-hidden=\"true\">\n\t\t\t\t\t\t\t\t\t\t\t\t\t\t\t<span class=\"tx-accordion-icon-closed\"><svg class=\"e-font-icon-svg e-fas-plus\" viewbox=\"0 0 448 512\" xmlns=\"http:\/\/www.w3.org\/2000\/svg\"><path d=\"M416 208H272V64c0-17.67-14.33-32-32-32h-32c-17.67 0-32 14.33-32 32v144H32c-17.67 0-32 14.33-32 32v32c0 17.67 14.33 32 32 32h144v144c0 17.67 14.33 32 32 32h32c17.67 0 32-14.33 32-32V304h144c17.67 0 32-14.33 32-32v-32c0-17.67-14.33-32-32-32z\"><\/path><\/svg><\/span>\n\t\t\t\t\t\t\t\t<span class=\"tx-accordion-icon-opened\"><svg class=\"e-font-icon-svg e-fas-minus\" viewbox=\"0 0 448 512\" xmlns=\"http:\/\/www.w3.org\/2000\/svg\"><path d=\"M416 208H32c-17.67 0-32 14.33-32 32v32c0 17.67 14.33 32 32 32h384c17.67 0 32-14.33 32-32v-32c0-17.67-14.33-32-32-32z\"><\/path><\/svg><\/span>\n\t\t\t\t\t\t\t\t\t\t\t\t\t\t<\/span>\n\t\t\t\t\t\t\t\t\t\t\t\t<span class=\"tx-accordion-title\" tabindex=\"0\">\u00bfQu\u00e9 servicios ofrece TurisVi\u00f1a?<\/span>\n\t\t\t\t\t<\/div>\n\t\t\t\t\t<div id=\"tx-accordion-tab-content-2181\" class=\"tx-accordion-tab-content clearfix\" data-tab=\"1\" role=\"region\" aria-labelledby=\"tx-accordion-tab-title-2181\"><p>TurisVi\u00f1a ofrece soluciones de movilidad a nivel nacional, incluyendo:<\/p><ul><li>Transporte tur\u00edstico y cultural<\/li><li>Traslados ejecutivos y empresariales<\/li><li>Arriendo de veh\u00edculos con o sin chofer<\/li><li>Rent a Car por horas, d\u00edas o meses<\/li><li>Arriendo de bicicletas y ciclotours en Vi\u00f1a del Mar y Valpara\u00edso<\/li><\/ul><\/div>\n\t\t\t\t<\/div>\n\t\t\t\t\t\t\t<div class=\"tx-accordion-item\">\n\t\t\t\t\t<div id=\"tx-accordion-tab-title-2182\" class=\"tx-accordion-tab-title\" data-tab=\"2\" role=\"button\" aria-controls=\"tx-accordion-tab-content-2182\" aria-expanded=\"false\">\n\t\t\t\t\t\t\t\t\t\t\t\t\t<span class=\"tx-accordion-icon tx-accordion-icon-left\" aria-hidden=\"true\">\n\t\t\t\t\t\t\t\t\t\t\t\t\t\t\t<span class=\"tx-accordion-icon-closed\"><svg class=\"e-font-icon-svg e-fas-plus\" viewbox=\"0 0 448 512\" xmlns=\"http:\/\/www.w3.org\/2000\/svg\"><path d=\"M416 208H272V64c0-17.67-14.33-32-32-32h-32c-17.67 0-32 14.33-32 32v144H32c-17.67 0-32 14.33-32 32v32c0 17.67 14.33 32 32 32h144v144c0 17.67 14.33 32 32 32h32c17.67 0 32-14.33 32-32V304h144c17.67 0 32-14.33 32-32v-32c0-17.67-14.33-32-32-32z\"><\/path><\/svg><\/span>\n\t\t\t\t\t\t\t\t<span class=\"tx-accordion-icon-opened\"><svg class=\"e-font-icon-svg e-fas-minus\" viewbox=\"0 0 448 512\" xmlns=\"http:\/\/www.w3.org\/2000\/svg\"><path d=\"M416 208H32c-17.67 0-32 14.33-32 32v32c0 17.67 14.33 32 32 32h384c17.67 0 32-14.33 32-32v-32c0-17.67-14.33-32-32-32z\"><\/path><\/svg><\/span>\n\t\t\t\t\t\t\t\t\t\t\t\t\t\t<\/span>\n\t\t\t\t\t\t\t\t\t\t\t\t<span class=\"tx-accordion-title\" tabindex=\"0\">\u00bfD\u00f3nde opera TurisVi\u00f1a?<\/span>\n\t\t\t\t\t<\/div>\n\t\t\t\t\t<div id=\"tx-accordion-tab-content-2182\" class=\"tx-accordion-tab-content clearfix\" data-tab=\"2\" role=\"region\" aria-labelledby=\"tx-accordion-tab-title-2182\"><p>Ofrecemos cobertura nacional, desde Arica a Punta Arenas, con operaciones directas en la Regi\u00f3n de Valpara\u00edso y coordinaci\u00f3n de servicios en todo Chile a trav\u00e9s de convenios log\u00edsticos.<\/p><\/div>\n\t\t\t\t<\/div>\n\t\t\t\t\t\t\t<div class=\"tx-accordion-item\">\n\t\t\t\t\t<div id=\"tx-accordion-tab-title-2183\" class=\"tx-accordion-tab-title\" data-tab=\"3\" role=\"button\" aria-controls=\"tx-accordion-tab-content-2183\" aria-expanded=\"false\">\n\t\t\t\t\t\t\t\t\t\t\t\t\t<span class=\"tx-accordion-icon tx-accordion-icon-left\" aria-hidden=\"true\">\n\t\t\t\t\t\t\t\t\t\t\t\t\t\t\t<span class=\"tx-accordion-icon-closed\"><svg class=\"e-font-icon-svg e-fas-plus\" viewbox=\"0 0 448 512\" xmlns=\"http:\/\/www.w3.org\/2000\/svg\"><path d=\"M416 208H272V64c0-17.67-14.33-32-32-32h-32c-17.67 0-32 14.33-32 32v144H32c-17.67 0-32 14.33-32 32v32c0 17.67 14.33 32 32 32h144v144c0 17.67 14.33 32 32 32h32c17.67 0 32-14.33 32-32V304h144c17.67 0 32-14.33 32-32v-32c0-17.67-14.33-32-32-32z\"><\/path><\/svg><\/span>\n\t\t\t\t\t\t\t\t<span class=\"tx-accordion-icon-opened\"><svg class=\"e-font-icon-svg e-fas-minus\" viewbox=\"0 0 448 512\" xmlns=\"http:\/\/www.w3.org\/2000\/svg\"><path d=\"M416 208H32c-17.67 0-32 14.33-32 32v32c0 17.67 14.33 32 32 32h384c17.67 0 32-14.33 32-32v-32c0-17.67-14.33-32-32-32z\"><\/path><\/svg><\/span>\n\t\t\t\t\t\t\t\t\t\t\t\t\t\t<\/span>\n\t\t\t\t\t\t\t\t\t\t\t\t<span class=\"tx-accordion-title\" tabindex=\"0\">\u00bfPuedo reservar en l\u00ednea?<\/span>\n\t\t\t\t\t<\/div>\n\t\t\t\t\t<div id=\"tx-accordion-tab-content-2183\" class=\"tx-accordion-tab-content clearfix\" data-tab=\"3\" role=\"region\" aria-labelledby=\"tx-accordion-tab-title-2183\"><p>S\u00ed. Puedes cotizar y reservar veh\u00edculos, tours o servicios de traslado directamente desde nuestro sitio web o escribi\u00e9ndonos por WhatsApp.<\/p><\/div>\n\t\t\t\t<\/div>\n\t\t\t\t\t\t\t<div class=\"tx-accordion-item\">\n\t\t\t\t\t<div id=\"tx-accordion-tab-title-2184\" class=\"tx-accordion-tab-title\" data-tab=\"4\" role=\"button\" aria-controls=\"tx-accordion-tab-content-2184\" aria-expanded=\"false\">\n\t\t\t\t\t\t\t\t\t\t\t\t\t<span class=\"tx-accordion-icon tx-accordion-icon-left\" aria-hidden=\"true\">\n\t\t\t\t\t\t\t\t\t\t\t\t\t\t\t<span class=\"tx-accordion-icon-closed\"><svg class=\"e-font-icon-svg e-fas-plus\" viewbox=\"0 0 448 512\" xmlns=\"http:\/\/www.w3.org\/2000\/svg\"><path d=\"M416 208H272V64c0-17.67-14.33-32-32-32h-32c-17.67 0-32 14.33-32 32v144H32c-17.67 0-32 14.33-32 32v32c0 17.67 14.33 32 32 32h144v144c0 17.67 14.33 32 32 32h32c17.67 0 32-14.33 32-32V304h144c17.67 0 32-14.33 32-32v-32c0-17.67-14.33-32-32-32z\"><\/path><\/svg><\/span>\n\t\t\t\t\t\t\t\t<span class=\"tx-accordion-icon-opened\"><svg class=\"e-font-icon-svg e-fas-minus\" viewbox=\"0 0 448 512\" xmlns=\"http:\/\/www.w3.org\/2000\/svg\"><path d=\"M416 208H32c-17.67 0-32 14.33-32 32v32c0 17.67 14.33 32 32 32h384c17.67 0 32-14.33 32-32v-32c0-17.67-14.33-32-32-32z\"><\/path><\/svg><\/span>\n\t\t\t\t\t\t\t\t\t\t\t\t\t\t<\/span>\n\t\t\t\t\t\t\t\t\t\t\t\t<span class=\"tx-accordion-title\" tabindex=\"0\">\u00bfQui\u00e9nes pueden usar los servicios de TurisVi\u00f1a?<\/span>\n\t\t\t\t\t<\/div>\n\t\t\t\t\t<div id=\"tx-accordion-tab-content-2184\" class=\"tx-accordion-tab-content clearfix\" data-tab=\"4\" role=\"region\" aria-labelledby=\"tx-accordion-tab-title-2184\"><p>Atendemos a:<\/p><ul><li>Personas que buscan conocer el litoral central<\/li><li>Empresas y organizaciones p\u00fablicas<\/li><li>Instituciones educativas y de salud<\/li><li>Viajeros, turistas y ejecutivos en tr\u00e1nsito<\/li><li>Organizaciones que requieren transporte permanente<\/li><\/ul><\/div>\n\t\t\t\t<\/div>\n\t\t\t\t\t\t\t<div class=\"tx-accordion-item\">\n\t\t\t\t\t<div id=\"tx-accordion-tab-title-2185\" class=\"tx-accordion-tab-title\" data-tab=\"5\" role=\"button\" aria-controls=\"tx-accordion-tab-content-2185\" aria-expanded=\"false\">\n\t\t\t\t\t\t\t\t\t\t\t\t\t<span class=\"tx-accordion-icon tx-accordion-icon-left\" aria-hidden=\"true\">\n\t\t\t\t\t\t\t\t\t\t\t\t\t\t\t<span class=\"tx-accordion-icon-closed\"><svg class=\"e-font-icon-svg e-fas-plus\" viewbox=\"0 0 448 512\" xmlns=\"http:\/\/www.w3.org\/2000\/svg\"><path d=\"M416 208H272V64c0-17.67-14.33-32-32-32h-32c-17.67 0-32 14.33-32 32v144H32c-17.67 0-32 14.33-32 32v32c0 17.67 14.33 32 32 32h144v144c0 17.67 14.33 32 32 32h32c17.67 0 32-14.33 32-32V304h144c17.67 0 32-14.33 32-32v-32c0-17.67-14.33-32-32-32z\"><\/path><\/svg><\/span>\n\t\t\t\t\t\t\t\t<span class=\"tx-accordion-icon-opened\"><svg class=\"e-font-icon-svg e-fas-minus\" viewbox=\"0 0 448 512\" xmlns=\"http:\/\/www.w3.org\/2000\/svg\"><path d=\"M416 208H32c-17.67 0-32 14.33-32 32v32c0 17.67 14.33 32 32 32h384c17.67 0 32-14.33 32-32v-32c0-17.67-14.33-32-32-32z\"><\/path><\/svg><\/span>\n\t\t\t\t\t\t\t\t\t\t\t\t\t\t<\/span>\n\t\t\t\t\t\t\t\t\t\t\t\t<span class=\"tx-accordion-title\" tabindex=\"0\">\u00bfLos veh\u00edculos est\u00e1n asegurados?<\/span>\n\t\t\t\t\t<\/div>\n\t\t\t\t\t<div id=\"tx-accordion-tab-content-2185\" class=\"tx-accordion-tab-content clearfix\" data-tab=\"5\" role=\"region\" aria-labelledby=\"tx-accordion-tab-title-2185\"><p>S\u00ed. Todos nuestros veh\u00edculos cuentan con:<\/p><ul><li>Seguro obligatorio (SOAP)<\/li><li>Seguro complementario contra terceros<\/li><li>TAG habilitado y revisi\u00f3n t\u00e9cnica al d\u00eda<\/li><\/ul><\/div>\n\t\t\t\t<\/div>\n\t\t\t\t\t\t\t<div class=\"tx-accordion-item\">\n\t\t\t\t\t<div id=\"tx-accordion-tab-title-2186\" class=\"tx-accordion-tab-title\" data-tab=\"6\" role=\"button\" aria-controls=\"tx-accordion-tab-content-2186\" aria-expanded=\"false\">\n\t\t\t\t\t\t\t\t\t\t\t\t\t<span class=\"tx-accordion-icon tx-accordion-icon-left\" aria-hidden=\"true\">\n\t\t\t\t\t\t\t\t\t\t\t\t\t\t\t<span class=\"tx-accordion-icon-closed\"><svg class=\"e-font-icon-svg e-fas-plus\" viewbox=\"0 0 448 512\" xmlns=\"http:\/\/www.w3.org\/2000\/svg\"><path d=\"M416 208H272V64c0-17.67-14.33-32-32-32h-32c-17.67 0-32 14.33-32 32v144H32c-17.67 0-32 14.33-32 32v32c0 17.67 14.33 32 32 32h144v144c0 17.67 14.33 32 32 32h32c17.67 0 32-14.33 32-32V304h144c17.67 0 32-14.33 32-32v-32c0-17.67-14.33-32-32-32z\"><\/path><\/svg><\/span>\n\t\t\t\t\t\t\t\t<span class=\"tx-accordion-icon-opened\"><svg class=\"e-font-icon-svg e-fas-minus\" viewbox=\"0 0 448 512\" xmlns=\"http:\/\/www.w3.org\/2000\/svg\"><path d=\"M416 208H32c-17.67 0-32 14.33-32 32v32c0 17.67 14.33 32 32 32h384c17.67 0 32-14.33 32-32v-32c0-17.67-14.33-32-32-32z\"><\/path><\/svg><\/span>\n\t\t\t\t\t\t\t\t\t\t\t\t\t\t<\/span>\n\t\t\t\t\t\t\t\t\t\t\t\t<span class=\"tx-accordion-title\" tabindex=\"0\">\u00bfQu\u00e9 incluye el arriendo de bicicletas?<\/span>\n\t\t\t\t\t<\/div>\n\t\t\t\t\t<div id=\"tx-accordion-tab-content-2186\" class=\"tx-accordion-tab-content clearfix\" data-tab=\"6\" role=\"region\" aria-labelledby=\"tx-accordion-tab-title-2186\"><ul><li>Bicicleta urbana o el\u00e9ctrica<\/li><li>Casco, candado y mapa digital o impreso<\/li><li>Opcional: gu\u00edas para rutas patrimoniales<\/li><\/ul><\/div>\n\t\t\t\t<\/div>\n\t\t\t\t\t\t\t<div class=\"tx-accordion-item\">\n\t\t\t\t\t<div id=\"tx-accordion-tab-title-2187\" class=\"tx-accordion-tab-title\" data-tab=\"7\" role=\"button\" aria-controls=\"tx-accordion-tab-content-2187\" aria-expanded=\"false\">\n\t\t\t\t\t\t\t\t\t\t\t\t\t<span class=\"tx-accordion-icon tx-accordion-icon-left\" aria-hidden=\"true\">\n\t\t\t\t\t\t\t\t\t\t\t\t\t\t\t<span class=\"tx-accordion-icon-closed\"><svg class=\"e-font-icon-svg e-fas-plus\" viewbox=\"0 0 448 512\" xmlns=\"http:\/\/www.w3.org\/2000\/svg\"><path d=\"M416 208H272V64c0-17.67-14.33-32-32-32h-32c-17.67 0-32 14.33-32 32v144H32c-17.67 0-32 14.33-32 32v32c0 17.67 14.33 32 32 32h144v144c0 17.67 14.33 32 32 32h32c17.67 0 32-14.33 32-32V304h144c17.67 0 32-14.33 32-32v-32c0-17.67-14.33-32-32-32z\"><\/path><\/svg><\/span>\n\t\t\t\t\t\t\t\t<span class=\"tx-accordion-icon-opened\"><svg class=\"e-font-icon-svg e-fas-minus\" viewbox=\"0 0 448 512\" xmlns=\"http:\/\/www.w3.org\/2000\/svg\"><path d=\"M416 208H32c-17.67 0-32 14.33-32 32v32c0 17.67 14.33 32 32 32h384c17.67 0 32-14.33 32-32v-32c0-17.67-14.33-32-32-32z\"><\/path><\/svg><\/span>\n\t\t\t\t\t\t\t\t\t\t\t\t\t\t<\/span>\n\t\t\t\t\t\t\t\t\t\t\t\t<span class=\"tx-accordion-title\" tabindex=\"0\">\u00bfTurisVi\u00f1a trabaja con organismos p\u00fablicos?<\/span>\n\t\t\t\t\t<\/div>\n\t\t\t\t\t<div id=\"tx-accordion-tab-content-2187\" class=\"tx-accordion-tab-content clearfix\" data-tab=\"7\" role=\"region\" aria-labelledby=\"tx-accordion-tab-title-2187\">S\u00ed. Hemos sido adjudicatarios de m\u00faltiples licitaciones en el mercado p\u00fablico, prestando servicios de transporte a municipios, hospitales, universidades y ministerios.<\/div>\n\t\t\t\t<\/div>\n\t\t\t\t\t\t\t<div class=\"tx-accordion-item\">\n\t\t\t\t\t<div id=\"tx-accordion-tab-title-2188\" class=\"tx-accordion-tab-title\" data-tab=\"8\" role=\"button\" aria-controls=\"tx-accordion-tab-content-2188\" aria-expanded=\"false\">\n\t\t\t\t\t\t\t\t\t\t\t\t\t<span class=\"tx-accordion-icon tx-accordion-icon-left\" aria-hidden=\"true\">\n\t\t\t\t\t\t\t\t\t\t\t\t\t\t\t<span class=\"tx-accordion-icon-closed\"><svg class=\"e-font-icon-svg e-fas-plus\" viewbox=\"0 0 448 512\" xmlns=\"http:\/\/www.w3.org\/2000\/svg\"><path d=\"M416 208H272V64c0-17.67-14.33-32-32-32h-32c-17.67 0-32 14.33-32 32v144H32c-17.67 0-32 14.33-32 32v32c0 17.67 14.33 32 32 32h144v144c0 17.67 14.33 32 32 32h32c17.67 0 32-14.33 32-32V304h144c17.67 0 32-14.33 32-32v-32c0-17.67-14.33-32-32-32z\"><\/path><\/svg><\/span>\n\t\t\t\t\t\t\t\t<span class=\"tx-accordion-icon-opened\"><svg class=\"e-font-icon-svg e-fas-minus\" viewbox=\"0 0 448 512\" xmlns=\"http:\/\/www.w3.org\/2000\/svg\"><path d=\"M416 208H32c-17.67 0-32 14.33-32 32v32c0 17.67 14.33 32 32 32h384c17.67 0 32-14.33 32-32v-32c0-17.67-14.33-32-32-32z\"><\/path><\/svg><\/span>\n\t\t\t\t\t\t\t\t\t\t\t\t\t\t<\/span>\n\t\t\t\t\t\t\t\t\t\t\t\t<span class=\"tx-accordion-title\" tabindex=\"0\">\u00bfTurisVi\u00f1a atiende urgencias o servicios 24\/7?<\/span>\n\t\t\t\t\t<\/div>\n\t\t\t\t\t<div id=\"tx-accordion-tab-content-2188\" class=\"tx-accordion-tab-content clearfix\" data-tab=\"8\" role=\"region\" aria-labelledby=\"tx-accordion-tab-title-2188\"><p>S\u00ed. Nuestra central est\u00e1 operativa 24\/7 para atenci\u00f3n de flota, reservas, emergencias en ruta o coordinaci\u00f3n de servicios nocturnos.<\/p><\/div>\n\t\t\t\t<\/div>\n\t\t\t\t\t\t\t\t<\/div>\n\t\t\t\t\t\t<\/div>\n\t\t\t\t<\/div>\n\t\t\t\t\t<\/div>\n\t\t\t\t<\/div>\n\t\t\t\t<\/div>","protected":false},"excerpt":{"rendered":"<p class=\"tx-excerpt\">TurisVi\u00f1a Preguntas frecuentes \u00bfQu\u00e9 servicios ofrece TurisVi\u00f1a? TurisVi\u00f1a ofrece soluciones de movilidad a nivel nacional, incluyendo: Transporte tur\u00edstico y cultural Traslados ejecutivos y empresariales Arriendo de veh\u00edculos con o sin chofer Rent a Car por...<\/p>","protected":false},"author":1,"featured_media":0,"parent":0,"menu_order":0,"comment_status":"closed","ping_status":"closed","template":"","meta":{"footnotes":""},"class_list":["post-2033","page","type-page","status-publish","hentry"],"yoast_head":"<!-- This site is optimized with the Yoast SEO Premium plugin v27.1 (Yoast SEO v27.4) - https:\/\/yoast.com\/product\/yoast-seo-premium-wordpress\/ -->\n<title>Preguntas Frecuentes \u2013 TurisVi\u00f1a - Turisvi\u00f1a<\/title>\n<meta name=\"robots\" content=\"index, follow, max-snippet:-1, max-image-preview:large, max-video-preview:-1\" \/>\n<link rel=\"canonical\" href=\"https:\/\/turisvina.cl\/en\/faq\/\" \/>\n<meta property=\"og:locale\" content=\"en_US\" \/>\n<meta property=\"og:type\" content=\"article\" \/>\n<meta property=\"og:title\" content=\"Preguntas Frecuentes \u2013 TurisVi\u00f1a\" \/>\n<meta property=\"og:description\" content=\"TurisVi\u00f1a Preguntas frecuentes \u00bfQu\u00e9 servicios ofrece TurisVi\u00f1a? TurisVi\u00f1a ofrece soluciones de movilidad a nivel nacional, incluyendo: Transporte tur\u00edstico y cultural Traslados ejecutivos y empresariales Arriendo de veh\u00edculos con o sin chofer Rent a Car por horas, d\u00edas o meses Arriendo de bicicletas y ciclotours en Vi\u00f1a del Mar y Valpara\u00edso \u00bfD\u00f3nde opera TurisVi\u00f1a? Ofrecemos cobertura [&hellip;]\" \/>\n<meta property=\"og:url\" content=\"https:\/\/turisvina.cl\/en\/faq\/\" \/>\n<meta property=\"og:site_name\" content=\"Turisvi\u00f1a\" \/>\n<meta property=\"article:modified_time\" content=\"2025-05-08T19:28:38+00:00\" \/>\n<meta name=\"twitter:card\" content=\"summary_large_image\" \/>\n<meta name=\"twitter:label1\" content=\"Est. reading time\" \/>\n\t<meta name=\"twitter:data1\" content=\"2 minutes\" \/>\n<script type=\"application\/ld+json\" class=\"yoast-schema-graph\">{\"@context\":\"https:\\\/\\\/schema.org\",\"@graph\":[{\"@type\":\"WebPage\",\"@id\":\"https:\\\/\\\/turisvina.cl\\\/faq\\\/\",\"url\":\"https:\\\/\\\/turisvina.cl\\\/faq\\\/\",\"name\":\"Preguntas Frecuentes \u2013 TurisVi\u00f1a - Turisvi\u00f1a\",\"isPartOf\":{\"@id\":\"https:\\\/\\\/turisvina.cl\\\/#website\"},\"datePublished\":\"2025-05-05T04:13:48+00:00\",\"dateModified\":\"2025-05-08T19:28:38+00:00\",\"breadcrumb\":{\"@id\":\"https:\\\/\\\/turisvina.cl\\\/faq\\\/#breadcrumb\"},\"inLanguage\":\"en-US\",\"potentialAction\":[{\"@type\":\"ReadAction\",\"target\":[\"https:\\\/\\\/turisvina.cl\\\/faq\\\/\"]}]},{\"@type\":\"BreadcrumbList\",\"@id\":\"https:\\\/\\\/turisvina.cl\\\/faq\\\/#breadcrumb\",\"itemListElement\":[{\"@type\":\"ListItem\",\"position\":1,\"name\":\"Portada\",\"item\":\"https:\\\/\\\/turisvina.cl\\\/\"},{\"@type\":\"ListItem\",\"position\":2,\"name\":\"Preguntas Frecuentes \u2013 TurisVi\u00f1a\"}]},{\"@type\":\"WebSite\",\"@id\":\"https:\\\/\\\/turisvina.cl\\\/#website\",\"url\":\"https:\\\/\\\/turisvina.cl\\\/\",\"name\":\"Turisvi\u00f1a\",\"description\":\"\",\"publisher\":{\"@id\":\"https:\\\/\\\/turisvina.cl\\\/#organization\"},\"potentialAction\":[{\"@type\":\"SearchAction\",\"target\":{\"@type\":\"EntryPoint\",\"urlTemplate\":\"https:\\\/\\\/turisvina.cl\\\/?s={search_term_string}\"},\"query-input\":{\"@type\":\"PropertyValueSpecification\",\"valueRequired\":true,\"valueName\":\"search_term_string\"}}],\"inLanguage\":\"en-US\"},{\"@type\":\"Organization\",\"@id\":\"https:\\\/\\\/turisvina.cl\\\/#organization\",\"name\":\"Turisvi\u00f1a\",\"url\":\"https:\\\/\\\/turisvina.cl\\\/\",\"logo\":{\"@type\":\"ImageObject\",\"inLanguage\":\"en-US\",\"@id\":\"https:\\\/\\\/turisvina.cl\\\/#\\\/schema\\\/logo\\\/image\\\/\",\"url\":\"https:\\\/\\\/turisvina.cl\\\/wp-content\\\/uploads\\\/2024\\\/03\\\/turisvinalogo.png\",\"contentUrl\":\"https:\\\/\\\/turisvina.cl\\\/wp-content\\\/uploads\\\/2024\\\/03\\\/turisvinalogo.png\",\"width\":766,\"height\":315,\"caption\":\"Turisvi\u00f1a\"},\"image\":{\"@id\":\"https:\\\/\\\/turisvina.cl\\\/#\\\/schema\\\/logo\\\/image\\\/\"}}]}<\/script>\n<!-- \/ Yoast SEO Premium plugin. -->","yoast_head_json":{"title":"Preguntas Frecuentes \u2013 TurisVi\u00f1a - Turisvi\u00f1a","robots":{"index":"index","follow":"follow","max-snippet":"max-snippet:-1","max-image-preview":"max-image-preview:large","max-video-preview":"max-video-preview:-1"},"canonical":"https:\/\/turisvina.cl\/en\/faq\/","og_locale":"en_US","og_type":"article","og_title":"Preguntas Frecuentes \u2013 TurisVi\u00f1a","og_description":"TurisVi\u00f1a Preguntas frecuentes \u00bfQu\u00e9 servicios ofrece TurisVi\u00f1a? TurisVi\u00f1a ofrece soluciones de movilidad a nivel nacional, incluyendo: Transporte tur\u00edstico y cultural Traslados ejecutivos y empresariales Arriendo de veh\u00edculos con o sin chofer Rent a Car por horas, d\u00edas o meses Arriendo de bicicletas y ciclotours en Vi\u00f1a del Mar y Valpara\u00edso \u00bfD\u00f3nde opera TurisVi\u00f1a? Ofrecemos cobertura [&hellip;]","og_url":"https:\/\/turisvina.cl\/en\/faq\/","og_site_name":"Turisvi\u00f1a","article_modified_time":"2025-05-08T19:28:38+00:00","twitter_card":"summary_large_image","twitter_misc":{"Est. reading time":"2 minutes"},"schema":{"@context":"https:\/\/schema.org","@graph":[{"@type":"WebPage","@id":"https:\/\/turisvina.cl\/faq\/","url":"https:\/\/turisvina.cl\/faq\/","name":"Preguntas Frecuentes \u2013 TurisVi\u00f1a - Turisvi\u00f1a","isPartOf":{"@id":"https:\/\/turisvina.cl\/#website"},"datePublished":"2025-05-05T04:13:48+00:00","dateModified":"2025-05-08T19:28:38+00:00","breadcrumb":{"@id":"https:\/\/turisvina.cl\/faq\/#breadcrumb"},"inLanguage":"en-US","potentialAction":[{"@type":"ReadAction","target":["https:\/\/turisvina.cl\/faq\/"]}]},{"@type":"BreadcrumbList","@id":"https:\/\/turisvina.cl\/faq\/#breadcrumb","itemListElement":[{"@type":"ListItem","position":1,"name":"Portada","item":"https:\/\/turisvina.cl\/"},{"@type":"ListItem","position":2,"name":"Preguntas Frecuentes \u2013 TurisVi\u00f1a"}]},{"@type":"WebSite","@id":"https:\/\/turisvina.cl\/#website","url":"https:\/\/turisvina.cl\/","name":"Turisvi\u00f1a","description":"","publisher":{"@id":"https:\/\/turisvina.cl\/#organization"},"potentialAction":[{"@type":"SearchAction","target":{"@type":"EntryPoint","urlTemplate":"https:\/\/turisvina.cl\/?s={search_term_string}"},"query-input":{"@type":"PropertyValueSpecification","valueRequired":true,"valueName":"search_term_string"}}],"inLanguage":"en-US"},{"@type":"Organization","@id":"https:\/\/turisvina.cl\/#organization","name":"Turisvi\u00f1a","url":"https:\/\/turisvina.cl\/","logo":{"@type":"ImageObject","inLanguage":"en-US","@id":"https:\/\/turisvina.cl\/#\/schema\/logo\/image\/","url":"https:\/\/turisvina.cl\/wp-content\/uploads\/2024\/03\/turisvinalogo.png","contentUrl":"https:\/\/turisvina.cl\/wp-content\/uploads\/2024\/03\/turisvinalogo.png","width":766,"height":315,"caption":"Turisvi\u00f1a"},"image":{"@id":"https:\/\/turisvina.cl\/#\/schema\/logo\/image\/"}}]}},"_links":{"self":[{"href":"https:\/\/turisvina.cl\/en\/wp-json\/wp\/v2\/pages\/2033","targetHints":{"allow":["GET"]}}],"collection":[{"href":"https:\/\/turisvina.cl\/en\/wp-json\/wp\/v2\/pages"}],"about":[{"href":"https:\/\/turisvina.cl\/en\/wp-json\/wp\/v2\/types\/page"}],"author":[{"embeddable":true,"href":"https:\/\/turisvina.cl\/en\/wp-json\/wp\/v2\/users\/1"}],"replies":[{"embeddable":true,"href":"https:\/\/turisvina.cl\/en\/wp-json\/wp\/v2\/comments?post=2033"}],"version-history":[{"count":8,"href":"https:\/\/turisvina.cl\/en\/wp-json\/wp\/v2\/pages\/2033\/revisions"}],"predecessor-version":[{"id":2738,"href":"https:\/\/turisvina.cl\/en\/wp-json\/wp\/v2\/pages\/2033\/revisions\/2738"}],"wp:attachment":[{"href":"https:\/\/turisvina.cl\/en\/wp-json\/wp\/v2\/media?parent=2033"}],"curies":[{"name":"wp","href":"https:\/\/api.w.org\/{rel}","templated":true}]}}