{"id":2175,"date":"2025-05-05T15:53:25","date_gmt":"2025-05-05T19:53:25","guid":{"rendered":"https:\/\/turisvina.cl\/?page_id=2175"},"modified":"2025-09-30T11:02:49","modified_gmt":"2025-09-30T14:02:49","slug":"convenios","status":"publish","type":"page","link":"https:\/\/turisvina.cl\/en\/convenios\/","title":{"rendered":"Agreements"},"content":{"rendered":"<div data-elementor-type=\"wp-page\" data-elementor-id=\"2175\" class=\"elementor elementor-2175\" data-elementor-post-type=\"page\">\n\t\t\t\t<div class=\"elementor-element elementor-element-7c2b297 e-flex e-con-boxed elementor-invisible e-con e-parent\" data-id=\"7c2b297\" data-element_type=\"container\" data-e-type=\"container\" data-settings=\"{&quot;animation&quot;:&quot;fadeInUp&quot;}\">\n\t\t\t\t\t<div class=\"e-con-inner\">\n\t\t\t\t<div class=\"elementor-element elementor-element-db1ac23 tx-hd-align-center elementor-invisible elementor-widget elementor-widget-avas-heading\" data-id=\"db1ac23\" data-element_type=\"widget\" data-e-type=\"widget\" data-settings=\"{&quot;_animation&quot;:&quot;fadeIn&quot;}\" data-widget_type=\"avas-heading.default\">\n\t\t\t\t<div class=\"elementor-widget-container\">\n\t\t\t\t\t        <div class=\"tx-hd-wrap\">\n\n            <div class=\"tx-hd-wm\"><\/div>\n\n            \n            <div class=\"tx-hd-sub\">TurisVi\u00f1a<\/div>\n                        <h2 class=\"tx-hd-title\">\n                <span class=\"tx-hd-first-part\">Agreements<\/span>\n                <span class=\"tx-hd-last-part\"><\/span>\n            <\/h2>    \n            \n            <div class=\"tx-hd-desc\"><p>At TurisVi\u00f1a, we develop customized agreements with public institutions, private companies, and organizations that need efficient mobility solutions. Find out who already trusts our services and how we can help you move your equipment or fleet safely and with professional support.<\/p><\/div>\n\n\n                   \n        <\/div><!-- tx-hd-wrap -->\n\n\n\n\n\n\n\n\n\t\t\t\t<\/div>\n\t\t\t\t<\/div>\n\t\t\t\t\t<\/div>\n\t\t\t\t<\/div>\n\t\t<div class=\"elementor-element elementor-element-de4036e e-flex e-con-boxed elementor-invisible e-con e-parent\" data-id=\"de4036e\" data-element_type=\"container\" data-e-type=\"container\" data-settings=\"{&quot;animation&quot;:&quot;fadeInUp&quot;}\">\n\t\t\t\t\t<div class=\"e-con-inner\">\n\t\t\t\t<div class=\"elementor-element elementor-element-0826651 elementor-widget elementor-widget-avas-gallery\" data-id=\"0826651\" data-element_type=\"widget\" data-e-type=\"widget\" data-widget_type=\"avas-gallery.default\">\n\t\t\t\t<div class=\"elementor-widget-container\">\n\t\t\t\t\t        \r\n    <div class=\"tx-gallery-wrap tx-gallery-style-1\" data-settings=\"{&quot;layoutMode&quot;:&quot;fitRows&quot;,&quot;transitionDuration&quot;:400}\">\r\n            \r\n                \r\n            <div id=\"tx-gallery-grid-0826651\" class=\"tx-gallery-grid\">\r\n                                                            <div id=\"tx-gallery-item-0826651\" class=\"tx-gallery-item resort elementor-animation-\" data-category=\"resort\">\r\n                           <img fetchpriority=\"high\" decoding=\"async\" width=\"373\" height=\"280\" src=\"https:\/\/turisvina.cl\/wp-content\/uploads\/2025\/08\/surf-web-373x280.png\" class=\"attachment-tx-gall-grid-cols-3 size-tx-gall-grid-cols-3 wp-image-3585\" alt=\"\" srcset=\"https:\/\/turisvina.cl\/wp-content\/uploads\/2025\/08\/surf-web-373x280.png 373w, https:\/\/turisvina.cl\/wp-content\/uploads\/2025\/08\/surf-web-300x225.png 300w, https:\/\/turisvina.cl\/wp-content\/uploads\/2025\/08\/surf-web-100x75.png 100w, https:\/\/turisvina.cl\/wp-content\/uploads\/2025\/08\/surf-web-360x270.png 360w, https:\/\/turisvina.cl\/wp-content\/uploads\/2025\/08\/surf-web-620x465.png 620w, https:\/\/turisvina.cl\/wp-content\/uploads\/2025\/08\/surf-web-460x345.png 460w, https:\/\/turisvina.cl\/wp-content\/uploads\/2025\/08\/surf-web-365x274.png 365w, https:\/\/turisvina.cl\/wp-content\/uploads\/2025\/08\/surf-web.png 640w\" sizes=\"(max-width: 373px) 100vw, 373px\" \/>                            \r\n                            <div class=\"tx-gallery-overlay\">  \r\n\r\n                                <div class=\"tx-gallery-icons\">\r\n\r\n                                                                        <a id=\"tx-gallery-popup-0826651\" class=\"tx-gallery-popup\" href=\"#wavesurfclub\" data-effect=\"mfp-zoom-in\" aria-label=\"Open larger view of Wave Surf Club \" role=\"button\">\r\n                                        <span class=\"tx-sr-only\">Open larger view of Wave Surf Club <\/span>\r\n                                        <i class=\"bi bi-search\" aria-hidden=\"true\"><\/i>\r\n                                    <\/a>\r\n                                    \r\n                                                                        <a class=\"tx-gallery-link\" href=\"#\" target=\"_self\" rel=\"\" aria-label=\"Open link for Wave Surf Club \"><span class=\"tx-sr-only\">Open link for Wave Surf Club <\/span>\r\n                                    <i class=\"bi bi-link-45deg\" aria-hidden=\"true\"><\/i>\r\n                                    <\/a>\r\n                                    \r\n\r\n                                <\/div><!-- .tx-gallery-icons -->\r\n\r\n                                <div class=\"tx-gallery-desc\"><\/div><!-- tx-gallery-desc -->\r\n                                \r\n                                                                <div class=\"tx-gallery-title-bar\">\r\n                                    \r\n                                    <h5 class=\"tx-gallery-name\">\r\n                                                                        <a href=\"#\" target=\"_self\">\r\n                                                                                                                Wave Surf Club                                         \r\n                                    <\/a>                                    <\/h5><!-- tx-gallery-name -->\r\n\r\n                                                                        <h5 class=\"tx-gallery-categoy\">Resort<\/h5>\r\n                                    \r\n                                <\/div><!-- tx-gallery-title-bar -->\r\n                                                            <\/div><!-- tx-gallery-overlay -->\r\n                          \r\n                                                     \r\n                        <\/div><!-- tx-gallery-item -->\r\n\r\n\r\n                        <div id=\"wavesurfclub\" class=\"tx-port-enlrg-content mfp-hide mfp-with-anim\">\r\n                          <img decoding=\"async\" src=\"https:\/\/turisvina.cl\/wp-content\/uploads\/2025\/08\/surf-web.png\">\r\n                        <\/div><!-- \/.tx-port-enlrg-content -->\r\n                    \r\n\r\n                        \r\n                                                            <div id=\"tx-gallery-item-0826651\" class=\"tx-gallery-item resort elementor-animation-\" data-category=\"resort\">\r\n                           <img decoding=\"async\" width=\"373\" height=\"280\" src=\"https:\/\/turisvina.cl\/wp-content\/uploads\/2025\/05\/hippocampus-373x280.png\" class=\"attachment-tx-gall-grid-cols-3 size-tx-gall-grid-cols-3 wp-image-2184\" alt=\"\" srcset=\"https:\/\/turisvina.cl\/wp-content\/uploads\/2025\/05\/hippocampus-373x280.png 373w, https:\/\/turisvina.cl\/wp-content\/uploads\/2025\/05\/hippocampus-300x225.png 300w, https:\/\/turisvina.cl\/wp-content\/uploads\/2025\/05\/hippocampus-100x75.png 100w, https:\/\/turisvina.cl\/wp-content\/uploads\/2025\/05\/hippocampus-360x270.png 360w, https:\/\/turisvina.cl\/wp-content\/uploads\/2025\/05\/hippocampus-620x465.png 620w, https:\/\/turisvina.cl\/wp-content\/uploads\/2025\/05\/hippocampus-460x345.png 460w, https:\/\/turisvina.cl\/wp-content\/uploads\/2025\/05\/hippocampus-365x274.png 365w, https:\/\/turisvina.cl\/wp-content\/uploads\/2025\/05\/hippocampus-600x450.png 600w, https:\/\/turisvina.cl\/wp-content\/uploads\/2025\/05\/hippocampus.png 640w\" sizes=\"(max-width: 373px) 100vw, 373px\" \/>                            \r\n                            <div class=\"tx-gallery-overlay\">  \r\n\r\n                                <div class=\"tx-gallery-icons\">\r\n\r\n                                                                        <a id=\"tx-gallery-popup-0826651\" class=\"tx-gallery-popup\" href=\"#hippocampus\" data-effect=\"mfp-zoom-in\" aria-label=\"Open larger view of Hippocampus \" role=\"button\">\r\n                                        <span class=\"tx-sr-only\">Open larger view of Hippocampus <\/span>\r\n                                        <i class=\"bi bi-search\" aria-hidden=\"true\"><\/i>\r\n                                    <\/a>\r\n                                    \r\n                                                                        <a class=\"tx-gallery-link\" href=\"https:\/\/hippocampus.cl\/\" target=\"_self\" rel=\"\" aria-label=\"Open link for Hippocampus \"><span class=\"tx-sr-only\">Open link for Hippocampus <\/span>\r\n                                    <i class=\"bi bi-link-45deg\" aria-hidden=\"true\"><\/i>\r\n                                    <\/a>\r\n                                    \r\n\r\n                                <\/div><!-- .tx-gallery-icons -->\r\n\r\n                                <div class=\"tx-gallery-desc\"><\/div><!-- tx-gallery-desc -->\r\n                                \r\n                                                                <div class=\"tx-gallery-title-bar\">\r\n                                    \r\n                                    <h5 class=\"tx-gallery-name\">\r\n                                                                        <a href=\"https:\/\/hippocampus.cl\/\" target=\"_self\">\r\n                                                                                                                Hippocampus                                         \r\n                                    <\/a>                                    <\/h5><!-- tx-gallery-name -->\r\n\r\n                                                                        <h5 class=\"tx-gallery-categoy\">Resort<\/h5>\r\n                                    \r\n                                <\/div><!-- tx-gallery-title-bar -->\r\n                                                            <\/div><!-- tx-gallery-overlay -->\r\n                          \r\n                                                     \r\n                        <\/div><!-- tx-gallery-item -->\r\n\r\n\r\n                        <div id=\"hippocampus\" class=\"tx-port-enlrg-content mfp-hide mfp-with-anim\">\r\n                          <img decoding=\"async\" src=\"https:\/\/turisvina.cl\/wp-content\/uploads\/2025\/05\/hippocampus.png\">\r\n                        <\/div><!-- \/.tx-port-enlrg-content -->\r\n                    \r\n\r\n                        \r\n                                                            <div id=\"tx-gallery-item-0826651\" class=\"tx-gallery-item alimentaci\u00f3n elementor-animation-\" data-category=\"alimentaci\u00f3n\">\r\n                           <img decoding=\"async\" width=\"373\" height=\"280\" src=\"https:\/\/turisvina.cl\/wp-content\/uploads\/2025\/05\/mundocoffe-373x280.png\" class=\"attachment-tx-gall-grid-cols-3 size-tx-gall-grid-cols-3 wp-image-2185\" alt=\"\" srcset=\"https:\/\/turisvina.cl\/wp-content\/uploads\/2025\/05\/mundocoffe-373x280.png 373w, https:\/\/turisvina.cl\/wp-content\/uploads\/2025\/05\/mundocoffe-300x225.png 300w, https:\/\/turisvina.cl\/wp-content\/uploads\/2025\/05\/mundocoffe-100x75.png 100w, https:\/\/turisvina.cl\/wp-content\/uploads\/2025\/05\/mundocoffe-360x270.png 360w, https:\/\/turisvina.cl\/wp-content\/uploads\/2025\/05\/mundocoffe-620x465.png 620w, https:\/\/turisvina.cl\/wp-content\/uploads\/2025\/05\/mundocoffe-460x345.png 460w, https:\/\/turisvina.cl\/wp-content\/uploads\/2025\/05\/mundocoffe-365x274.png 365w, https:\/\/turisvina.cl\/wp-content\/uploads\/2025\/05\/mundocoffe-600x450.png 600w, https:\/\/turisvina.cl\/wp-content\/uploads\/2025\/05\/mundocoffe.png 640w\" sizes=\"(max-width: 373px) 100vw, 373px\" \/>                            \r\n                            <div class=\"tx-gallery-overlay\">  \r\n\r\n                                <div class=\"tx-gallery-icons\">\r\n\r\n                                                                        <a id=\"tx-gallery-popup-0826651\" class=\"tx-gallery-popup\" href=\"#mundocoffee\" data-effect=\"mfp-zoom-in\" aria-label=\"Open larger view of Mundo Coffee\" role=\"button\">\r\n                                        <span class=\"tx-sr-only\">Open larger view of Mundo Coffee<\/span>\r\n                                        <i class=\"bi bi-search\" aria-hidden=\"true\"><\/i>\r\n                                    <\/a>\r\n                                    \r\n                                                                        <a class=\"tx-gallery-link\" href=\"#\" target=\"_self\" rel=\"\" aria-label=\"Open link for Mundo Coffee\"><span class=\"tx-sr-only\">Open link for Mundo Coffee<\/span>\r\n                                    <i class=\"bi bi-link-45deg\" aria-hidden=\"true\"><\/i>\r\n                                    <\/a>\r\n                                    \r\n\r\n                                <\/div><!-- .tx-gallery-icons -->\r\n\r\n                                <div class=\"tx-gallery-desc\"><\/div><!-- tx-gallery-desc -->\r\n                                \r\n                                                                <div class=\"tx-gallery-title-bar\">\r\n                                    \r\n                                    <h5 class=\"tx-gallery-name\">\r\n                                                                        <a href=\"#\" target=\"_self\">\r\n                                                                                                                World Coffee                                        \r\n                                    <\/a>                                    <\/h5><!-- tx-gallery-name -->\r\n\r\n                                                                        <h5 class=\"tx-gallery-categoy\">Feeding <\/h5>\r\n                                    \r\n                                <\/div><!-- tx-gallery-title-bar -->\r\n                                                            <\/div><!-- tx-gallery-overlay -->\r\n                          \r\n                                                     \r\n                        <\/div><!-- tx-gallery-item -->\r\n\r\n\r\n                        <div id=\"mundocoffee\" class=\"tx-port-enlrg-content mfp-hide mfp-with-anim\">\r\n                          <img decoding=\"async\" src=\"https:\/\/turisvina.cl\/wp-content\/uploads\/2025\/05\/mundocoffe.png\">\r\n                        <\/div><!-- \/.tx-port-enlrg-content -->\r\n                    \r\n\r\n                        \r\n                                \r\n            <\/div><!-- tx-gallery-grid -->\r\n\r\n    <\/div><!-- tx-gallery-wrap -->\r\n\r\n\t\t\t\t<\/div>\n\t\t\t\t<\/div>\n\t\t\t\t\t<\/div>\n\t\t\t\t<\/div>\n\t\t\t\t<\/div>","protected":false},"excerpt":{"rendered":"<p class=\"tx-excerpt\">TurisVi\u00f1a Convenios En TurisVi\u00f1a desarrollamos convenios personalizados con instituciones p\u00fablicas, empresas privadas y organizaciones que necesitan soluciones de movilidad eficientes. Descubre qui\u00e9nes ya conf\u00edan en nuestros servicios y c\u00f3mo podemos ayudarte a movilizar tu equipo...<\/p>","protected":false},"author":1,"featured_media":0,"parent":0,"menu_order":0,"comment_status":"closed","ping_status":"closed","template":"","meta":{"footnotes":""},"class_list":["post-2175","page","type-page","status-publish","hentry"],"yoast_head":"<!-- This site is optimized with the Yoast SEO Premium plugin v27.1 (Yoast SEO v27.4) - https:\/\/yoast.com\/product\/yoast-seo-premium-wordpress\/ -->\n<title>Convenios que ofrecemos para instituciones p\u00fablicas y empresas privadas.<\/title>\n<meta name=\"description\" content=\"Contamos con soluciones de transporte y arriendo de veh\u00edculos adaptadas a cada organizaci\u00f3n.\" \/>\n<meta name=\"robots\" content=\"index, follow, max-snippet:-1, max-image-preview:large, max-video-preview:-1\" \/>\n<link rel=\"canonical\" href=\"https:\/\/turisvina.cl\/en\/convenios\/\" \/>\n<meta property=\"og:locale\" content=\"en_US\" \/>\n<meta property=\"og:type\" content=\"article\" \/>\n<meta property=\"og:title\" content=\"Convenios\" \/>\n<meta property=\"og:description\" content=\"Contamos con soluciones de transporte y arriendo de veh\u00edculos adaptadas a cada organizaci\u00f3n.\" \/>\n<meta property=\"og:url\" content=\"https:\/\/turisvina.cl\/en\/convenios\/\" \/>\n<meta property=\"og:site_name\" content=\"Turisvi\u00f1a\" \/>\n<meta property=\"article:modified_time\" content=\"2025-09-30T14:02:49+00:00\" \/>\n<meta property=\"og:image\" content=\"https:\/\/turisvina.cl\/wp-content\/uploads\/2025\/08\/surf-web.png\" \/>\n\t<meta property=\"og:image:width\" content=\"640\" \/>\n\t<meta property=\"og:image:height\" content=\"480\" \/>\n\t<meta property=\"og:image:type\" content=\"image\/png\" \/>\n<meta name=\"twitter:card\" content=\"summary_large_image\" \/>\n<meta name=\"twitter:label1\" content=\"Est. reading time\" \/>\n\t<meta name=\"twitter:data1\" content=\"2 minutes\" \/>\n<script type=\"application\/ld+json\" class=\"yoast-schema-graph\">{\"@context\":\"https:\\\/\\\/schema.org\",\"@graph\":[{\"@type\":\"WebPage\",\"@id\":\"https:\\\/\\\/turisvina.cl\\\/convenios\\\/\",\"url\":\"https:\\\/\\\/turisvina.cl\\\/convenios\\\/\",\"name\":\"Convenios que ofrecemos para instituciones p\u00fablicas y empresas privadas.\",\"isPartOf\":{\"@id\":\"https:\\\/\\\/turisvina.cl\\\/#website\"},\"primaryImageOfPage\":{\"@id\":\"https:\\\/\\\/turisvina.cl\\\/convenios\\\/#primaryimage\"},\"image\":{\"@id\":\"https:\\\/\\\/turisvina.cl\\\/convenios\\\/#primaryimage\"},\"thumbnailUrl\":\"https:\\\/\\\/turisvina.cl\\\/wp-content\\\/uploads\\\/2025\\\/08\\\/surf-web-373x280.png\",\"datePublished\":\"2025-05-05T19:53:25+00:00\",\"dateModified\":\"2025-09-30T14:02:49+00:00\",\"description\":\"Contamos con soluciones de transporte y arriendo de veh\u00edculos adaptadas a cada organizaci\u00f3n.\",\"breadcrumb\":{\"@id\":\"https:\\\/\\\/turisvina.cl\\\/convenios\\\/#breadcrumb\"},\"inLanguage\":\"en-US\",\"potentialAction\":[{\"@type\":\"ReadAction\",\"target\":[\"https:\\\/\\\/turisvina.cl\\\/convenios\\\/\"]}]},{\"@type\":\"ImageObject\",\"inLanguage\":\"en-US\",\"@id\":\"https:\\\/\\\/turisvina.cl\\\/convenios\\\/#primaryimage\",\"url\":\"https:\\\/\\\/turisvina.cl\\\/wp-content\\\/uploads\\\/2025\\\/08\\\/surf-web-373x280.png\",\"contentUrl\":\"https:\\\/\\\/turisvina.cl\\\/wp-content\\\/uploads\\\/2025\\\/08\\\/surf-web-373x280.png\"},{\"@type\":\"BreadcrumbList\",\"@id\":\"https:\\\/\\\/turisvina.cl\\\/convenios\\\/#breadcrumb\",\"itemListElement\":[{\"@type\":\"ListItem\",\"position\":1,\"name\":\"Portada\",\"item\":\"https:\\\/\\\/turisvina.cl\\\/\"},{\"@type\":\"ListItem\",\"position\":2,\"name\":\"Convenios\"}]},{\"@type\":\"WebSite\",\"@id\":\"https:\\\/\\\/turisvina.cl\\\/#website\",\"url\":\"https:\\\/\\\/turisvina.cl\\\/\",\"name\":\"Turisvi\u00f1a\",\"description\":\"\",\"publisher\":{\"@id\":\"https:\\\/\\\/turisvina.cl\\\/#organization\"},\"potentialAction\":[{\"@type\":\"SearchAction\",\"target\":{\"@type\":\"EntryPoint\",\"urlTemplate\":\"https:\\\/\\\/turisvina.cl\\\/?s={search_term_string}\"},\"query-input\":{\"@type\":\"PropertyValueSpecification\",\"valueRequired\":true,\"valueName\":\"search_term_string\"}}],\"inLanguage\":\"en-US\"},{\"@type\":\"Organization\",\"@id\":\"https:\\\/\\\/turisvina.cl\\\/#organization\",\"name\":\"Turisvi\u00f1a\",\"url\":\"https:\\\/\\\/turisvina.cl\\\/\",\"logo\":{\"@type\":\"ImageObject\",\"inLanguage\":\"en-US\",\"@id\":\"https:\\\/\\\/turisvina.cl\\\/#\\\/schema\\\/logo\\\/image\\\/\",\"url\":\"https:\\\/\\\/turisvina.cl\\\/wp-content\\\/uploads\\\/2024\\\/03\\\/turisvinalogo.png\",\"contentUrl\":\"https:\\\/\\\/turisvina.cl\\\/wp-content\\\/uploads\\\/2024\\\/03\\\/turisvinalogo.png\",\"width\":766,\"height\":315,\"caption\":\"Turisvi\u00f1a\"},\"image\":{\"@id\":\"https:\\\/\\\/turisvina.cl\\\/#\\\/schema\\\/logo\\\/image\\\/\"}}]}<\/script>\n<!-- \/ Yoast SEO Premium plugin. -->","yoast_head_json":{"title":"Convenios que ofrecemos para instituciones p\u00fablicas y empresas privadas.","description":"Contamos con soluciones de transporte y arriendo de veh\u00edculos adaptadas a cada organizaci\u00f3n.","robots":{"index":"index","follow":"follow","max-snippet":"max-snippet:-1","max-image-preview":"max-image-preview:large","max-video-preview":"max-video-preview:-1"},"canonical":"https:\/\/turisvina.cl\/en\/convenios\/","og_locale":"en_US","og_type":"article","og_title":"Convenios","og_description":"Contamos con soluciones de transporte y arriendo de veh\u00edculos adaptadas a cada organizaci\u00f3n.","og_url":"https:\/\/turisvina.cl\/en\/convenios\/","og_site_name":"Turisvi\u00f1a","article_modified_time":"2025-09-30T14:02:49+00:00","og_image":[{"width":640,"height":480,"url":"https:\/\/turisvina.cl\/wp-content\/uploads\/2025\/08\/surf-web.png","type":"image\/png"}],"twitter_card":"summary_large_image","twitter_misc":{"Est. reading time":"2 minutes"},"schema":{"@context":"https:\/\/schema.org","@graph":[{"@type":"WebPage","@id":"https:\/\/turisvina.cl\/convenios\/","url":"https:\/\/turisvina.cl\/convenios\/","name":"Convenios que ofrecemos para instituciones p\u00fablicas y empresas privadas.","isPartOf":{"@id":"https:\/\/turisvina.cl\/#website"},"primaryImageOfPage":{"@id":"https:\/\/turisvina.cl\/convenios\/#primaryimage"},"image":{"@id":"https:\/\/turisvina.cl\/convenios\/#primaryimage"},"thumbnailUrl":"https:\/\/turisvina.cl\/wp-content\/uploads\/2025\/08\/surf-web-373x280.png","datePublished":"2025-05-05T19:53:25+00:00","dateModified":"2025-09-30T14:02:49+00:00","description":"Contamos con soluciones de transporte y arriendo de veh\u00edculos adaptadas a cada organizaci\u00f3n.","breadcrumb":{"@id":"https:\/\/turisvina.cl\/convenios\/#breadcrumb"},"inLanguage":"en-US","potentialAction":[{"@type":"ReadAction","target":["https:\/\/turisvina.cl\/convenios\/"]}]},{"@type":"ImageObject","inLanguage":"en-US","@id":"https:\/\/turisvina.cl\/convenios\/#primaryimage","url":"https:\/\/turisvina.cl\/wp-content\/uploads\/2025\/08\/surf-web-373x280.png","contentUrl":"https:\/\/turisvina.cl\/wp-content\/uploads\/2025\/08\/surf-web-373x280.png"},{"@type":"BreadcrumbList","@id":"https:\/\/turisvina.cl\/convenios\/#breadcrumb","itemListElement":[{"@type":"ListItem","position":1,"name":"Portada","item":"https:\/\/turisvina.cl\/"},{"@type":"ListItem","position":2,"name":"Convenios"}]},{"@type":"WebSite","@id":"https:\/\/turisvina.cl\/#website","url":"https:\/\/turisvina.cl\/","name":"Turisvi\u00f1a","description":"","publisher":{"@id":"https:\/\/turisvina.cl\/#organization"},"potentialAction":[{"@type":"SearchAction","target":{"@type":"EntryPoint","urlTemplate":"https:\/\/turisvina.cl\/?s={search_term_string}"},"query-input":{"@type":"PropertyValueSpecification","valueRequired":true,"valueName":"search_term_string"}}],"inLanguage":"en-US"},{"@type":"Organization","@id":"https:\/\/turisvina.cl\/#organization","name":"Turisvi\u00f1a","url":"https:\/\/turisvina.cl\/","logo":{"@type":"ImageObject","inLanguage":"en-US","@id":"https:\/\/turisvina.cl\/#\/schema\/logo\/image\/","url":"https:\/\/turisvina.cl\/wp-content\/uploads\/2024\/03\/turisvinalogo.png","contentUrl":"https:\/\/turisvina.cl\/wp-content\/uploads\/2024\/03\/turisvinalogo.png","width":766,"height":315,"caption":"Turisvi\u00f1a"},"image":{"@id":"https:\/\/turisvina.cl\/#\/schema\/logo\/image\/"}}]}},"_links":{"self":[{"href":"https:\/\/turisvina.cl\/en\/wp-json\/wp\/v2\/pages\/2175","targetHints":{"allow":["GET"]}}],"collection":[{"href":"https:\/\/turisvina.cl\/en\/wp-json\/wp\/v2\/pages"}],"about":[{"href":"https:\/\/turisvina.cl\/en\/wp-json\/wp\/v2\/types\/page"}],"author":[{"embeddable":true,"href":"https:\/\/turisvina.cl\/en\/wp-json\/wp\/v2\/users\/1"}],"replies":[{"embeddable":true,"href":"https:\/\/turisvina.cl\/en\/wp-json\/wp\/v2\/comments?post=2175"}],"version-history":[{"count":23,"href":"https:\/\/turisvina.cl\/en\/wp-json\/wp\/v2\/pages\/2175\/revisions"}],"predecessor-version":[{"id":4104,"href":"https:\/\/turisvina.cl\/en\/wp-json\/wp\/v2\/pages\/2175\/revisions\/4104"}],"wp:attachment":[{"href":"https:\/\/turisvina.cl\/en\/wp-json\/wp\/v2\/media?parent=2175"}],"curies":[{"name":"wp","href":"https:\/\/api.w.org\/{rel}","templated":true}]}}