{"id":2421,"date":"2025-05-07T10:32:31","date_gmt":"2025-05-07T14:32:31","guid":{"rendered":"https:\/\/turisvina.cl\/?page_id=2421"},"modified":"2025-05-07T10:50:04","modified_gmt":"2025-05-07T14:50:04","slug":"seguros-y-garantia","status":"publish","type":"page","link":"https:\/\/turisvina.cl\/en\/seguros-y-garantia\/","title":{"rendered":"Insurance and Warranty"},"content":{"rendered":"<div data-elementor-type=\"wp-page\" data-elementor-id=\"2421\" class=\"elementor elementor-2421\" data-elementor-post-type=\"page\">\n\t\t\t\t<div class=\"elementor-element elementor-element-de39332 e-flex e-con-boxed elementor-invisible e-con e-parent\" data-id=\"de39332\" data-element_type=\"container\" data-e-type=\"container\" data-settings=\"{&quot;animation&quot;:&quot;fadeIn&quot;,&quot;animation_delay&quot;:200}\">\n\t\t\t\t\t<div class=\"e-con-inner\">\n\t\t\t\t<div class=\"elementor-element elementor-element-7425293 tx-hd-align-center elementor-invisible elementor-widget elementor-widget-avas-heading\" data-id=\"7425293\" data-element_type=\"widget\" data-e-type=\"widget\" data-settings=\"{&quot;_animation&quot;:&quot;fadeIn&quot;}\" data-widget_type=\"avas-heading.default\">\n\t\t\t\t<div class=\"elementor-widget-container\">\n\t\t\t\t\t        <div class=\"tx-hd-wrap\">\n\n            <div class=\"tx-hd-wm\"><\/div>\n\n            \n            <div class=\"tx-hd-sub\">TurisVi\u00f1a<\/div>\n                        <h2 class=\"tx-hd-title\">\n                <span class=\"tx-hd-first-part\">Guarantees and security on every trip<\/span>\n                <span class=\"tx-hd-last-part\"><\/span>\n            <\/h2>    \n            \n            <div class=\"tx-hd-desc\"><p>At TurisVi\u00f1a, we take safety seriously. Each trip is backed by a fleet authorized under Decree 80 of the Ministry of Transportation, with comprehensive insurance that protects both drivers and passengers. We are ACHS certified and affiliated, in addition to the SERNATUR tourism quality certification, guaranteeing a professional, reliable, and nationally regulated service.<\/p><\/div>\n\n\n                   \n        <\/div><!-- tx-hd-wrap -->\n\n\n\n\n\n\n\n\n\t\t\t\t<\/div>\n\t\t\t\t<\/div>\n\t\t\t\t\t<\/div>\n\t\t\t\t<\/div>\n\t\t<div class=\"elementor-element elementor-element-cd34abb e-flex e-con-boxed elementor-invisible e-con e-parent\" data-id=\"cd34abb\" data-element_type=\"container\" data-e-type=\"container\" data-settings=\"{&quot;animation&quot;:&quot;fadeInUp&quot;}\">\n\t\t\t\t\t<div class=\"e-con-inner\">\n\t\t\t\t<div class=\"elementor-element elementor-element-8c4958d elementor-widget elementor-widget-heading\" data-id=\"8c4958d\" data-element_type=\"widget\" data-e-type=\"widget\" data-widget_type=\"heading.default\">\n\t\t\t\t<div class=\"elementor-widget-container\">\n\t\t\t\t\t<h2 class=\"elementor-heading-title elementor-size-default\">Fleet authorized by the Ministry of Transport and Telecommunications through Decree 80.<\/h2>\t\t\t\t<\/div>\n\t\t\t\t<\/div>\n\t\t\t\t\t<\/div>\n\t\t\t\t<\/div>\n\t\t<div class=\"elementor-element elementor-element-413ea85 e-flex e-con-boxed e-con e-parent\" data-id=\"413ea85\" data-element_type=\"container\" data-e-type=\"container\">\n\t\t\t\t\t<div class=\"e-con-inner\">\n\t\t\t\t<div class=\"elementor-element elementor-element-456070f elementor-icon-list--layout-traditional elementor-list-item-link-full_width elementor-invisible elementor-widget elementor-widget-icon-list\" data-id=\"456070f\" data-element_type=\"widget\" data-e-type=\"widget\" data-settings=\"{&quot;_animation&quot;:&quot;fadeInUp&quot;,&quot;_animation_delay&quot;:100}\" data-widget_type=\"icon-list.default\">\n\t\t\t\t<div class=\"elementor-widget-container\">\n\t\t\t\t\t\t\t<ul class=\"elementor-icon-list-items\">\n\t\t\t\t\t\t\t<li class=\"elementor-icon-list-item\">\n\t\t\t\t\t\t\t\t\t\t\t<span class=\"elementor-icon-list-icon\">\n\t\t\t\t\t\t\t<svg aria-hidden=\"true\" class=\"e-font-icon-svg e-fas-check\" viewbox=\"0 0 512 512\" xmlns=\"http:\/\/www.w3.org\/2000\/svg\"><path d=\"M173.898 439.404l-166.4-166.4c-9.997-9.997-9.997-26.206 0-36.204l36.203-36.204c9.997-9.998 26.207-9.998 36.204 0L192 312.69 432.095 72.596c9.997-9.997 26.207-9.997 36.204 0l36.203 36.204c9.997 9.997 9.997 26.206 0 36.204l-294.4 294.401c-9.998 9.997-26.207 9.997-36.204-.001z\"><\/path><\/svg>\t\t\t\t\t\t<\/span>\n\t\t\t\t\t\t\t\t\t\t<span class=\"elementor-icon-list-text\">Driver&#039;s insurance<\/span>\n\t\t\t\t\t\t\t\t\t<\/li>\n\t\t\t\t\t\t\t\t<li class=\"elementor-icon-list-item\">\n\t\t\t\t\t\t\t\t\t\t\t<span class=\"elementor-icon-list-icon\">\n\t\t\t\t\t\t\t<svg aria-hidden=\"true\" class=\"e-font-icon-svg e-fas-check\" viewbox=\"0 0 512 512\" xmlns=\"http:\/\/www.w3.org\/2000\/svg\"><path d=\"M173.898 439.404l-166.4-166.4c-9.997-9.997-9.997-26.206 0-36.204l36.203-36.204c9.997-9.998 26.207-9.998 36.204 0L192 312.69 432.095 72.596c9.997-9.997 26.207-9.997 36.204 0l36.203 36.204c9.997 9.997 9.997 26.206 0 36.204l-294.4 294.401c-9.998 9.997-26.207 9.997-36.204-.001z\"><\/path><\/svg>\t\t\t\t\t\t<\/span>\n\t\t\t\t\t\t\t\t\t\t<span class=\"elementor-icon-list-text\">Passenger seat insurance<\/span>\n\t\t\t\t\t\t\t\t\t<\/li>\n\t\t\t\t\t\t\t\t<li class=\"elementor-icon-list-item\">\n\t\t\t\t\t\t\t\t\t\t\t<span class=\"elementor-icon-list-icon\">\n\t\t\t\t\t\t\t<svg aria-hidden=\"true\" class=\"e-font-icon-svg e-fas-check\" viewbox=\"0 0 512 512\" xmlns=\"http:\/\/www.w3.org\/2000\/svg\"><path d=\"M173.898 439.404l-166.4-166.4c-9.997-9.997-9.997-26.206 0-36.204l36.203-36.204c9.997-9.998 26.207-9.998 36.204 0L192 312.69 432.095 72.596c9.997-9.997 26.207-9.997 36.204 0l36.203 36.204c9.997 9.997 9.997 26.206 0 36.204l-294.4 294.401c-9.998 9.997-26.207 9.997-36.204-.001z\"><\/path><\/svg>\t\t\t\t\t\t<\/span>\n\t\t\t\t\t\t\t\t\t\t<span class=\"elementor-icon-list-text\">Liability insurance<\/span>\n\t\t\t\t\t\t\t\t\t<\/li>\n\t\t\t\t\t\t\t\t<li class=\"elementor-icon-list-item\">\n\t\t\t\t\t\t\t\t\t\t\t<span class=\"elementor-icon-list-icon\">\n\t\t\t\t\t\t\t<svg aria-hidden=\"true\" class=\"e-font-icon-svg e-fas-check\" viewbox=\"0 0 512 512\" xmlns=\"http:\/\/www.w3.org\/2000\/svg\"><path d=\"M173.898 439.404l-166.4-166.4c-9.997-9.997-9.997-26.206 0-36.204l36.203-36.204c9.997-9.998 26.207-9.998 36.204 0L192 312.69 432.095 72.596c9.997-9.997 26.207-9.997 36.204 0l36.203 36.204c9.997 9.997 9.997 26.206 0 36.204l-294.4 294.401c-9.998 9.997-26.207 9.997-36.204-.001z\"><\/path><\/svg>\t\t\t\t\t\t<\/span>\n\t\t\t\t\t\t\t\t\t\t<span class=\"elementor-icon-list-text\">Vehicle and third-party damage insurance<\/span>\n\t\t\t\t\t\t\t\t\t<\/li>\n\t\t\t\t\t\t<\/ul>\n\t\t\t\t\t\t<\/div>\n\t\t\t\t<\/div>\n\t\t\t\t<div class=\"elementor-element elementor-element-aaae296 elementor-icon-list--layout-traditional elementor-list-item-link-full_width elementor-invisible elementor-widget elementor-widget-icon-list\" data-id=\"aaae296\" data-element_type=\"widget\" data-e-type=\"widget\" data-settings=\"{&quot;_animation&quot;:&quot;fadeInUp&quot;,&quot;_animation_delay&quot;:200}\" data-widget_type=\"icon-list.default\">\n\t\t\t\t<div class=\"elementor-widget-container\">\n\t\t\t\t\t\t\t<ul class=\"elementor-icon-list-items\">\n\t\t\t\t\t\t\t<li class=\"elementor-icon-list-item\">\n\t\t\t\t\t\t\t\t\t\t\t<span class=\"elementor-icon-list-icon\">\n\t\t\t\t\t\t\t<svg aria-hidden=\"true\" class=\"e-font-icon-svg e-fas-check\" viewbox=\"0 0 512 512\" xmlns=\"http:\/\/www.w3.org\/2000\/svg\"><path d=\"M173.898 439.404l-166.4-166.4c-9.997-9.997-9.997-26.206 0-36.204l36.203-36.204c9.997-9.998 26.207-9.998 36.204 0L192 312.69 432.095 72.596c9.997-9.997 26.207-9.997 36.204 0l36.203 36.204c9.997 9.997 9.997 26.206 0 36.204l-294.4 294.401c-9.998 9.997-26.207 9.997-36.204-.001z\"><\/path><\/svg>\t\t\t\t\t\t<\/span>\n\t\t\t\t\t\t\t\t\t\t<span class=\"elementor-icon-list-text\">Medical expense reimbursement insurance for passengers in the event of an accident<\/span>\n\t\t\t\t\t\t\t\t\t<\/li>\n\t\t\t\t\t\t\t\t<li class=\"elementor-icon-list-item\">\n\t\t\t\t\t\t\t\t\t\t\t<span class=\"elementor-icon-list-icon\">\n\t\t\t\t\t\t\t<svg aria-hidden=\"true\" class=\"e-font-icon-svg e-fas-check\" viewbox=\"0 0 512 512\" xmlns=\"http:\/\/www.w3.org\/2000\/svg\"><path d=\"M173.898 439.404l-166.4-166.4c-9.997-9.997-9.997-26.206 0-36.204l36.203-36.204c9.997-9.998 26.207-9.998 36.204 0L192 312.69 432.095 72.596c9.997-9.997 26.207-9.997 36.204 0l36.203 36.204c9.997 9.997 9.997 26.206 0 36.204l-294.4 294.401c-9.998 9.997-26.207 9.997-36.204-.001z\"><\/path><\/svg>\t\t\t\t\t\t<\/span>\n\t\t\t\t\t\t\t\t\t\t<span class=\"elementor-icon-list-text\">Achs Certification and Affiliation<\/span>\n\t\t\t\t\t\t\t\t\t<\/li>\n\t\t\t\t\t\t\t\t<li class=\"elementor-icon-list-item\">\n\t\t\t\t\t\t\t\t\t\t\t<span class=\"elementor-icon-list-icon\">\n\t\t\t\t\t\t\t<svg aria-hidden=\"true\" class=\"e-font-icon-svg e-fas-check\" viewbox=\"0 0 512 512\" xmlns=\"http:\/\/www.w3.org\/2000\/svg\"><path d=\"M173.898 439.404l-166.4-166.4c-9.997-9.997-9.997-26.206 0-36.204l36.203-36.204c9.997-9.998 26.207-9.998 36.204 0L192 312.69 432.095 72.596c9.997-9.997 26.207-9.997 36.204 0l36.203 36.204c9.997 9.997 9.997 26.206 0 36.204l-294.4 294.401c-9.998 9.997-26.207 9.997-36.204-.001z\"><\/path><\/svg>\t\t\t\t\t\t<\/span>\n\t\t\t\t\t\t\t\t\t\t<span class=\"elementor-icon-list-text\">Sernatur Certification<\/span>\n\t\t\t\t\t\t\t\t\t<\/li>\n\t\t\t\t\t\t<\/ul>\n\t\t\t\t\t\t<\/div>\n\t\t\t\t<\/div>\n\t\t\t\t\t<\/div>\n\t\t\t\t<\/div>\n\t\t<div class=\"elementor-element elementor-element-9ba10eb e-grid e-con-boxed e-con e-parent\" data-id=\"9ba10eb\" data-element_type=\"container\" data-e-type=\"container\">\n\t\t\t\t\t<div class=\"e-con-inner\">\n\t\t\t\t<div class=\"elementor-element elementor-element-6e28239 elementor-invisible elementor-widget elementor-widget-image\" data-id=\"6e28239\" data-element_type=\"widget\" data-e-type=\"widget\" data-settings=\"{&quot;_animation&quot;:&quot;fadeInUp&quot;,&quot;_animation_delay&quot;:100}\" data-widget_type=\"image.default\">\n\t\t\t\t<div class=\"elementor-widget-container\">\n\t\t\t\t\t\t\t\t\t\t\t\t\t\t\t<img fetchpriority=\"high\" decoding=\"async\" width=\"400\" height=\"400\" src=\"https:\/\/turisvina.cl\/wp-content\/uploads\/2025\/05\/As2D8jaZ_400x400.jpg\" class=\"attachment-large size-large wp-image-2424\" alt=\"\" srcset=\"https:\/\/turisvina.cl\/wp-content\/uploads\/2025\/05\/As2D8jaZ_400x400.jpg 400w, https:\/\/turisvina.cl\/wp-content\/uploads\/2025\/05\/As2D8jaZ_400x400-300x300.jpg 300w, https:\/\/turisvina.cl\/wp-content\/uploads\/2025\/05\/As2D8jaZ_400x400-150x150.jpg 150w, https:\/\/turisvina.cl\/wp-content\/uploads\/2025\/05\/As2D8jaZ_400x400-80x80.jpg 80w, https:\/\/turisvina.cl\/wp-content\/uploads\/2025\/05\/As2D8jaZ_400x400-360x360.jpg 360w, https:\/\/turisvina.cl\/wp-content\/uploads\/2025\/05\/As2D8jaZ_400x400-373x373.jpg 373w, https:\/\/turisvina.cl\/wp-content\/uploads\/2025\/05\/As2D8jaZ_400x400-365x365.jpg 365w, https:\/\/turisvina.cl\/wp-content\/uploads\/2025\/05\/As2D8jaZ_400x400-100x100.jpg 100w\" sizes=\"(max-width: 400px) 100vw, 400px\" \/>\t\t\t\t\t\t\t\t\t\t\t\t\t\t\t<\/div>\n\t\t\t\t<\/div>\n\t\t\t\t<div class=\"elementor-element elementor-element-862b8e2 elementor-invisible elementor-widget elementor-widget-image\" data-id=\"862b8e2\" data-element_type=\"widget\" data-e-type=\"widget\" data-settings=\"{&quot;_animation&quot;:&quot;fadeInUp&quot;,&quot;_animation_delay&quot;:200}\" data-widget_type=\"image.default\">\n\t\t\t\t<div class=\"elementor-widget-container\">\n\t\t\t\t\t\t\t\t\t\t\t\t\t\t\t<img decoding=\"async\" width=\"225\" height=\"225\" src=\"https:\/\/turisvina.cl\/wp-content\/uploads\/2025\/05\/Logo_ACHS.png\" class=\"attachment-large size-large wp-image-2425\" alt=\"\" srcset=\"https:\/\/turisvina.cl\/wp-content\/uploads\/2025\/05\/Logo_ACHS.png 225w, https:\/\/turisvina.cl\/wp-content\/uploads\/2025\/05\/Logo_ACHS-150x150.png 150w, https:\/\/turisvina.cl\/wp-content\/uploads\/2025\/05\/Logo_ACHS-80x80.png 80w, https:\/\/turisvina.cl\/wp-content\/uploads\/2025\/05\/Logo_ACHS-100x100.png 100w\" sizes=\"(max-width: 225px) 100vw, 225px\" \/>\t\t\t\t\t\t\t\t\t\t\t\t\t\t\t<\/div>\n\t\t\t\t<\/div>\n\t\t\t\t<div class=\"elementor-element elementor-element-9199a51 elementor-invisible elementor-widget elementor-widget-image\" data-id=\"9199a51\" data-element_type=\"widget\" data-e-type=\"widget\" data-settings=\"{&quot;_animation&quot;:&quot;fadeInUp&quot;,&quot;_animation_delay&quot;:300}\" data-widget_type=\"image.default\">\n\t\t\t\t<div class=\"elementor-widget-container\">\n\t\t\t\t\t\t\t\t\t\t\t\t\t\t\t<img decoding=\"async\" width=\"293\" height=\"365\" src=\"https:\/\/turisvina.cl\/wp-content\/uploads\/2024\/03\/sernatur2.png\" class=\"attachment-large size-large wp-image-1947\" alt=\"\" srcset=\"https:\/\/turisvina.cl\/wp-content\/uploads\/2024\/03\/sernatur2.png 293w, https:\/\/turisvina.cl\/wp-content\/uploads\/2024\/03\/sernatur2-241x300.png 241w, https:\/\/turisvina.cl\/wp-content\/uploads\/2024\/03\/sernatur2-64x80.png 64w\" sizes=\"(max-width: 293px) 100vw, 293px\" \/>\t\t\t\t\t\t\t\t\t\t\t\t\t\t\t<\/div>\n\t\t\t\t<\/div>\n\t\t\t\t<div class=\"elementor-element elementor-element-4588cb0 elementor-invisible elementor-widget elementor-widget-image\" data-id=\"4588cb0\" data-element_type=\"widget\" data-e-type=\"widget\" data-settings=\"{&quot;_animation&quot;:&quot;fadeInUp&quot;,&quot;_animation_delay&quot;:400}\" data-widget_type=\"image.default\">\n\t\t\t\t<div class=\"elementor-widget-container\">\n\t\t\t\t\t\t\t\t\t\t\t\t\t\t\t<img loading=\"lazy\" decoding=\"async\" width=\"834\" height=\"1024\" src=\"https:\/\/turisvina.cl\/wp-content\/uploads\/2025\/05\/CHILE-SELLO-MUJER-1-834x1024-1.png\" class=\"attachment-large size-large wp-image-2074\" alt=\"\" srcset=\"https:\/\/turisvina.cl\/wp-content\/uploads\/2025\/05\/CHILE-SELLO-MUJER-1-834x1024-1.png 834w, https:\/\/turisvina.cl\/wp-content\/uploads\/2025\/05\/CHILE-SELLO-MUJER-1-834x1024-1-244x300.png 244w, https:\/\/turisvina.cl\/wp-content\/uploads\/2025\/05\/CHILE-SELLO-MUJER-1-834x1024-1-768x943.png 768w, https:\/\/turisvina.cl\/wp-content\/uploads\/2025\/05\/CHILE-SELLO-MUJER-1-834x1024-1-65x80.png 65w, https:\/\/turisvina.cl\/wp-content\/uploads\/2025\/05\/CHILE-SELLO-MUJER-1-834x1024-1-360x442.png 360w, https:\/\/turisvina.cl\/wp-content\/uploads\/2025\/05\/CHILE-SELLO-MUJER-1-834x1024-1-373x458.png 373w, https:\/\/turisvina.cl\/wp-content\/uploads\/2025\/05\/CHILE-SELLO-MUJER-1-834x1024-1-620x761.png 620w, https:\/\/turisvina.cl\/wp-content\/uploads\/2025\/05\/CHILE-SELLO-MUJER-1-834x1024-1-460x565.png 460w, https:\/\/turisvina.cl\/wp-content\/uploads\/2025\/05\/CHILE-SELLO-MUJER-1-834x1024-1-365x448.png 365w, https:\/\/turisvina.cl\/wp-content\/uploads\/2025\/05\/CHILE-SELLO-MUJER-1-834x1024-1-300x368.png 300w, https:\/\/turisvina.cl\/wp-content\/uploads\/2025\/05\/CHILE-SELLO-MUJER-1-834x1024-1-600x737.png 600w\" sizes=\"(max-width: 834px) 100vw, 834px\" \/>\t\t\t\t\t\t\t\t\t\t\t\t\t\t\t<\/div>\n\t\t\t\t<\/div>\n\t\t\t\t<div class=\"elementor-element elementor-element-2fa9d33 elementor-invisible elementor-widget elementor-widget-image\" data-id=\"2fa9d33\" data-element_type=\"widget\" data-e-type=\"widget\" data-settings=\"{&quot;_animation&quot;:&quot;fadeInUp&quot;,&quot;_animation_delay&quot;:500}\" data-widget_type=\"image.default\">\n\t\t\t\t<div class=\"elementor-widget-container\">\n\t\t\t\t\t\t\t\t\t\t\t\t\t\t\t<img loading=\"lazy\" decoding=\"async\" width=\"400\" height=\"400\" src=\"https:\/\/turisvina.cl\/wp-content\/uploads\/2025\/05\/V8Zw5i8H_400x400.jpg\" class=\"attachment-large size-large wp-image-2426\" alt=\"\" srcset=\"https:\/\/turisvina.cl\/wp-content\/uploads\/2025\/05\/V8Zw5i8H_400x400.jpg 400w, https:\/\/turisvina.cl\/wp-content\/uploads\/2025\/05\/V8Zw5i8H_400x400-300x300.jpg 300w, https:\/\/turisvina.cl\/wp-content\/uploads\/2025\/05\/V8Zw5i8H_400x400-150x150.jpg 150w, https:\/\/turisvina.cl\/wp-content\/uploads\/2025\/05\/V8Zw5i8H_400x400-80x80.jpg 80w, https:\/\/turisvina.cl\/wp-content\/uploads\/2025\/05\/V8Zw5i8H_400x400-360x360.jpg 360w, https:\/\/turisvina.cl\/wp-content\/uploads\/2025\/05\/V8Zw5i8H_400x400-373x373.jpg 373w, https:\/\/turisvina.cl\/wp-content\/uploads\/2025\/05\/V8Zw5i8H_400x400-365x365.jpg 365w, https:\/\/turisvina.cl\/wp-content\/uploads\/2025\/05\/V8Zw5i8H_400x400-100x100.jpg 100w\" sizes=\"(max-width: 400px) 100vw, 400px\" \/>\t\t\t\t\t\t\t\t\t\t\t\t\t\t\t<\/div>\n\t\t\t\t<\/div>\n\t\t\t\t\t<\/div>\n\t\t\t\t<\/div>\n\t\t\t\t<\/div>","protected":false},"excerpt":{"rendered":"<p class=\"tx-excerpt\">TurisVi\u00f1a Garant\u00edas y seguridad en cada viaje En TurisVi\u00f1a nos tomamos la seguridad en serio. Cada viaje est\u00e1 respaldado por una flota autorizada bajo el Decreto 80 del Ministerio de Transporte, con seguros integrales que...<\/p>","protected":false},"author":1,"featured_media":0,"parent":0,"menu_order":0,"comment_status":"closed","ping_status":"closed","template":"","meta":{"footnotes":""},"class_list":["post-2421","page","type-page","status-publish","hentry"],"yoast_head":"<!-- This site is optimized with the Yoast SEO Premium plugin v27.1 (Yoast SEO v27.4) - https:\/\/yoast.com\/product\/yoast-seo-premium-wordpress\/ -->\n<title>Garant\u00edas de Seguridad TurisVi\u00f1a | Transporte Seguro y Certificado<\/title>\n<meta name=\"description\" content=\"Conoce todas las certificaciones, seguros y normativas que respaldan cada viaje con TurisVi\u00f1a. Servicio autorizado por el Ministerio de Transporte y SERNATUR.\" \/>\n<meta name=\"robots\" content=\"index, follow, max-snippet:-1, max-image-preview:large, max-video-preview:-1\" \/>\n<link rel=\"canonical\" href=\"https:\/\/turisvina.cl\/en\/seguros-y-garantia\/\" \/>\n<meta property=\"og:locale\" content=\"en_US\" \/>\n<meta property=\"og:type\" content=\"article\" \/>\n<meta property=\"og:title\" content=\"Seguros y Garant\u00eda\" \/>\n<meta property=\"og:description\" content=\"Conoce todas las certificaciones, seguros y normativas que respaldan cada viaje con TurisVi\u00f1a. Servicio autorizado por el Ministerio de Transporte y SERNATUR.\" \/>\n<meta property=\"og:url\" content=\"https:\/\/turisvina.cl\/en\/seguros-y-garantia\/\" \/>\n<meta property=\"og:site_name\" content=\"Turisvi\u00f1a\" \/>\n<meta property=\"article:modified_time\" content=\"2025-05-07T14:50:04+00:00\" \/>\n<meta property=\"og:image\" content=\"https:\/\/turisvina.cl\/wp-content\/uploads\/2025\/05\/As2D8jaZ_400x400.jpg\" \/>\n<meta name=\"twitter:card\" content=\"summary_large_image\" \/>\n<meta name=\"twitter:label1\" content=\"Est. reading time\" \/>\n\t<meta name=\"twitter:data1\" content=\"2 minutes\" \/>\n<script type=\"application\/ld+json\" class=\"yoast-schema-graph\">{\"@context\":\"https:\\\/\\\/schema.org\",\"@graph\":[{\"@type\":\"WebPage\",\"@id\":\"https:\\\/\\\/turisvina.cl\\\/seguros-y-garantia\\\/\",\"url\":\"https:\\\/\\\/turisvina.cl\\\/seguros-y-garantia\\\/\",\"name\":\"Garant\u00edas de Seguridad TurisVi\u00f1a | Transporte Seguro y Certificado\",\"isPartOf\":{\"@id\":\"https:\\\/\\\/turisvina.cl\\\/#website\"},\"primaryImageOfPage\":{\"@id\":\"https:\\\/\\\/turisvina.cl\\\/seguros-y-garantia\\\/#primaryimage\"},\"image\":{\"@id\":\"https:\\\/\\\/turisvina.cl\\\/seguros-y-garantia\\\/#primaryimage\"},\"thumbnailUrl\":\"https:\\\/\\\/turisvina.cl\\\/wp-content\\\/uploads\\\/2025\\\/05\\\/As2D8jaZ_400x400.jpg\",\"datePublished\":\"2025-05-07T14:32:31+00:00\",\"dateModified\":\"2025-05-07T14:50:04+00:00\",\"description\":\"Conoce todas las certificaciones, seguros y normativas que respaldan cada viaje con TurisVi\u00f1a. Servicio autorizado por el Ministerio de Transporte y SERNATUR.\",\"breadcrumb\":{\"@id\":\"https:\\\/\\\/turisvina.cl\\\/seguros-y-garantia\\\/#breadcrumb\"},\"inLanguage\":\"en-US\",\"potentialAction\":[{\"@type\":\"ReadAction\",\"target\":[\"https:\\\/\\\/turisvina.cl\\\/seguros-y-garantia\\\/\"]}]},{\"@type\":\"ImageObject\",\"inLanguage\":\"en-US\",\"@id\":\"https:\\\/\\\/turisvina.cl\\\/seguros-y-garantia\\\/#primaryimage\",\"url\":\"https:\\\/\\\/turisvina.cl\\\/wp-content\\\/uploads\\\/2025\\\/05\\\/As2D8jaZ_400x400.jpg\",\"contentUrl\":\"https:\\\/\\\/turisvina.cl\\\/wp-content\\\/uploads\\\/2025\\\/05\\\/As2D8jaZ_400x400.jpg\"},{\"@type\":\"BreadcrumbList\",\"@id\":\"https:\\\/\\\/turisvina.cl\\\/seguros-y-garantia\\\/#breadcrumb\",\"itemListElement\":[{\"@type\":\"ListItem\",\"position\":1,\"name\":\"Portada\",\"item\":\"https:\\\/\\\/turisvina.cl\\\/\"},{\"@type\":\"ListItem\",\"position\":2,\"name\":\"Seguros y Garant\u00eda\"}]},{\"@type\":\"WebSite\",\"@id\":\"https:\\\/\\\/turisvina.cl\\\/#website\",\"url\":\"https:\\\/\\\/turisvina.cl\\\/\",\"name\":\"Turisvi\u00f1a\",\"description\":\"\",\"publisher\":{\"@id\":\"https:\\\/\\\/turisvina.cl\\\/#organization\"},\"potentialAction\":[{\"@type\":\"SearchAction\",\"target\":{\"@type\":\"EntryPoint\",\"urlTemplate\":\"https:\\\/\\\/turisvina.cl\\\/?s={search_term_string}\"},\"query-input\":{\"@type\":\"PropertyValueSpecification\",\"valueRequired\":true,\"valueName\":\"search_term_string\"}}],\"inLanguage\":\"en-US\"},{\"@type\":\"Organization\",\"@id\":\"https:\\\/\\\/turisvina.cl\\\/#organization\",\"name\":\"Turisvi\u00f1a\",\"url\":\"https:\\\/\\\/turisvina.cl\\\/\",\"logo\":{\"@type\":\"ImageObject\",\"inLanguage\":\"en-US\",\"@id\":\"https:\\\/\\\/turisvina.cl\\\/#\\\/schema\\\/logo\\\/image\\\/\",\"url\":\"https:\\\/\\\/turisvina.cl\\\/wp-content\\\/uploads\\\/2024\\\/03\\\/turisvinalogo.png\",\"contentUrl\":\"https:\\\/\\\/turisvina.cl\\\/wp-content\\\/uploads\\\/2024\\\/03\\\/turisvinalogo.png\",\"width\":766,\"height\":315,\"caption\":\"Turisvi\u00f1a\"},\"image\":{\"@id\":\"https:\\\/\\\/turisvina.cl\\\/#\\\/schema\\\/logo\\\/image\\\/\"}}]}<\/script>\n<!-- \/ Yoast SEO Premium plugin. -->","yoast_head_json":{"title":"Garant\u00edas de Seguridad TurisVi\u00f1a | Transporte Seguro y Certificado","description":"Conoce todas las certificaciones, seguros y normativas que respaldan cada viaje con TurisVi\u00f1a. Servicio autorizado por el Ministerio de Transporte y SERNATUR.","robots":{"index":"index","follow":"follow","max-snippet":"max-snippet:-1","max-image-preview":"max-image-preview:large","max-video-preview":"max-video-preview:-1"},"canonical":"https:\/\/turisvina.cl\/en\/seguros-y-garantia\/","og_locale":"en_US","og_type":"article","og_title":"Seguros y Garant\u00eda","og_description":"Conoce todas las certificaciones, seguros y normativas que respaldan cada viaje con TurisVi\u00f1a. Servicio autorizado por el Ministerio de Transporte y SERNATUR.","og_url":"https:\/\/turisvina.cl\/en\/seguros-y-garantia\/","og_site_name":"Turisvi\u00f1a","article_modified_time":"2025-05-07T14:50:04+00:00","og_image":[{"url":"https:\/\/turisvina.cl\/wp-content\/uploads\/2025\/05\/As2D8jaZ_400x400.jpg","type":"","width":"","height":""}],"twitter_card":"summary_large_image","twitter_misc":{"Est. reading time":"2 minutes"},"schema":{"@context":"https:\/\/schema.org","@graph":[{"@type":"WebPage","@id":"https:\/\/turisvina.cl\/seguros-y-garantia\/","url":"https:\/\/turisvina.cl\/seguros-y-garantia\/","name":"Garant\u00edas de Seguridad TurisVi\u00f1a | Transporte Seguro y Certificado","isPartOf":{"@id":"https:\/\/turisvina.cl\/#website"},"primaryImageOfPage":{"@id":"https:\/\/turisvina.cl\/seguros-y-garantia\/#primaryimage"},"image":{"@id":"https:\/\/turisvina.cl\/seguros-y-garantia\/#primaryimage"},"thumbnailUrl":"https:\/\/turisvina.cl\/wp-content\/uploads\/2025\/05\/As2D8jaZ_400x400.jpg","datePublished":"2025-05-07T14:32:31+00:00","dateModified":"2025-05-07T14:50:04+00:00","description":"Conoce todas las certificaciones, seguros y normativas que respaldan cada viaje con TurisVi\u00f1a. Servicio autorizado por el Ministerio de Transporte y SERNATUR.","breadcrumb":{"@id":"https:\/\/turisvina.cl\/seguros-y-garantia\/#breadcrumb"},"inLanguage":"en-US","potentialAction":[{"@type":"ReadAction","target":["https:\/\/turisvina.cl\/seguros-y-garantia\/"]}]},{"@type":"ImageObject","inLanguage":"en-US","@id":"https:\/\/turisvina.cl\/seguros-y-garantia\/#primaryimage","url":"https:\/\/turisvina.cl\/wp-content\/uploads\/2025\/05\/As2D8jaZ_400x400.jpg","contentUrl":"https:\/\/turisvina.cl\/wp-content\/uploads\/2025\/05\/As2D8jaZ_400x400.jpg"},{"@type":"BreadcrumbList","@id":"https:\/\/turisvina.cl\/seguros-y-garantia\/#breadcrumb","itemListElement":[{"@type":"ListItem","position":1,"name":"Portada","item":"https:\/\/turisvina.cl\/"},{"@type":"ListItem","position":2,"name":"Seguros y Garant\u00eda"}]},{"@type":"WebSite","@id":"https:\/\/turisvina.cl\/#website","url":"https:\/\/turisvina.cl\/","name":"Turisvi\u00f1a","description":"","publisher":{"@id":"https:\/\/turisvina.cl\/#organization"},"potentialAction":[{"@type":"SearchAction","target":{"@type":"EntryPoint","urlTemplate":"https:\/\/turisvina.cl\/?s={search_term_string}"},"query-input":{"@type":"PropertyValueSpecification","valueRequired":true,"valueName":"search_term_string"}}],"inLanguage":"en-US"},{"@type":"Organization","@id":"https:\/\/turisvina.cl\/#organization","name":"Turisvi\u00f1a","url":"https:\/\/turisvina.cl\/","logo":{"@type":"ImageObject","inLanguage":"en-US","@id":"https:\/\/turisvina.cl\/#\/schema\/logo\/image\/","url":"https:\/\/turisvina.cl\/wp-content\/uploads\/2024\/03\/turisvinalogo.png","contentUrl":"https:\/\/turisvina.cl\/wp-content\/uploads\/2024\/03\/turisvinalogo.png","width":766,"height":315,"caption":"Turisvi\u00f1a"},"image":{"@id":"https:\/\/turisvina.cl\/#\/schema\/logo\/image\/"}}]}},"_links":{"self":[{"href":"https:\/\/turisvina.cl\/en\/wp-json\/wp\/v2\/pages\/2421","targetHints":{"allow":["GET"]}}],"collection":[{"href":"https:\/\/turisvina.cl\/en\/wp-json\/wp\/v2\/pages"}],"about":[{"href":"https:\/\/turisvina.cl\/en\/wp-json\/wp\/v2\/types\/page"}],"author":[{"embeddable":true,"href":"https:\/\/turisvina.cl\/en\/wp-json\/wp\/v2\/users\/1"}],"replies":[{"embeddable":true,"href":"https:\/\/turisvina.cl\/en\/wp-json\/wp\/v2\/comments?post=2421"}],"version-history":[{"count":7,"href":"https:\/\/turisvina.cl\/en\/wp-json\/wp\/v2\/pages\/2421\/revisions"}],"predecessor-version":[{"id":2436,"href":"https:\/\/turisvina.cl\/en\/wp-json\/wp\/v2\/pages\/2421\/revisions\/2436"}],"wp:attachment":[{"href":"https:\/\/turisvina.cl\/en\/wp-json\/wp\/v2\/media?parent=2421"}],"curies":[{"name":"wp","href":"https:\/\/api.w.org\/{rel}","templated":true}]}}