{"id":3179,"date":"2025-05-28T10:23:53","date_gmt":"2025-05-28T14:23:53","guid":{"rendered":"https:\/\/turisvina.cl\/?page_id=3179"},"modified":"2025-05-28T11:15:56","modified_gmt":"2025-05-28T15:15:56","slug":"viajes-internacionales","status":"publish","type":"page","link":"https:\/\/turisvina.cl\/en\/viajes-internacionales\/","title":{"rendered":"International Travel"},"content":{"rendered":"<div data-elementor-type=\"wp-page\" data-elementor-id=\"3179\" class=\"elementor elementor-3179\" data-elementor-post-type=\"page\">\n\t\t\t\t<div class=\"elementor-element elementor-element-1e770f5 e-flex e-con-boxed e-con e-parent\" data-id=\"1e770f5\" data-element_type=\"container\" data-e-type=\"container\">\n\t\t\t\t\t<div class=\"e-con-inner\">\n\t\t\t\t<div class=\"elementor-element elementor-element-151ddde tx-hd-align-center elementor-widget elementor-widget-avas-heading\" data-id=\"151ddde\" data-element_type=\"widget\" data-e-type=\"widget\" data-widget_type=\"avas-heading.default\">\n\t\t\t\t<div class=\"elementor-widget-container\">\n\t\t\t\t\t        <div class=\"tx-hd-wrap\">\n\n            <div class=\"tx-hd-wm\"><\/div>\n\n            \n            <div class=\"tx-hd-sub\">TurisVi\u00f1a<\/div>\n                        <h1 class=\"tx-hd-title\">\n                <span class=\"tx-hd-first-part\">Explore the World with Our International Trips<\/span>\n                <span class=\"tx-hd-last-part\"><\/span>\n            <\/h1>    \n            \n            <div class=\"tx-hd-desc\"><\/div>\n\n\n                   \n        <\/div><!-- tx-hd-wrap -->\n\n\n\n\n\n\n\n\n\t\t\t\t<\/div>\n\t\t\t\t<\/div>\n\t\t\t\t\t<\/div>\n\t\t\t\t<\/div>\n\t\t<div class=\"elementor-element elementor-element-44598bd e-flex e-con-boxed e-con e-parent\" data-id=\"44598bd\" data-element_type=\"container\" data-e-type=\"container\">\n\t\t\t\t\t<div class=\"e-con-inner\">\n\t\t<div class=\"elementor-element elementor-element-14e5bd6 e-con-full e-flex e-con e-child\" data-id=\"14e5bd6\" data-element_type=\"container\" data-e-type=\"container\">\n\t\t<div class=\"elementor-element elementor-element-efe91c2 e-con-full e-flex e-con e-child\" data-id=\"efe91c2\" data-element_type=\"container\" data-e-type=\"container\" data-settings=\"{&quot;background_background&quot;:&quot;classic&quot;}\">\n\t\t\t\t<\/div>\n\t\t\t\t<div class=\"elementor-element elementor-element-137cca9 tx-hd-align-center elementor-widget elementor-widget-avas-heading\" data-id=\"137cca9\" data-element_type=\"widget\" data-e-type=\"widget\" data-widget_type=\"avas-heading.default\">\n\t\t\t\t<div class=\"elementor-widget-container\">\n\t\t\t\t\t        <div class=\"tx-hd-wrap\">\n\n            <div class=\"tx-hd-wm\"><\/div>\n\n            \n            <div class=\"tx-hd-sub\"><\/div>\n                        <h2 class=\"tx-hd-title\">\n                <span class=\"tx-hd-first-part\">Argentina<\/span>\n                <span class=\"tx-hd-last-part\"><\/span>\n            <\/h2>    \n            \n            <div class=\"tx-hd-desc\"><p>Experience Argentina with TurisVi\u00f1a: tango, snow, wine, and nature. Discover Buenos Aires, Bariloche, Mendoza, and much more with flexible and secure packages.<\/p><\/div>\n\n\n                   \n        <\/div><!-- tx-hd-wrap -->\n\n\n\n\n\n\n\n\n\t\t\t\t<\/div>\n\t\t\t\t<\/div>\n\t\t\t\t<div class=\"elementor-element elementor-element-a5fa44b elementor-align-center elementor-widget elementor-widget-button\" data-id=\"a5fa44b\" data-element_type=\"widget\" data-e-type=\"widget\" data-widget_type=\"button.default\">\n\t\t\t\t<div class=\"elementor-widget-container\">\n\t\t\t\t\t\t\t\t\t<div class=\"elementor-button-wrapper\">\n\t\t\t\t\t<a class=\"elementor-button elementor-button-link elementor-size-sm\" href=\"https:\/\/turisvina.cl\/en\/argentina\/\">\n\t\t\t\t\t\t<span class=\"elementor-button-content-wrapper\">\n\t\t\t\t\t\t\t\t\t<span class=\"elementor-button-text\">See more<\/span>\n\t\t\t\t\t<\/span>\n\t\t\t\t\t<\/a>\n\t\t\t\t<\/div>\n\t\t\t\t\t\t\t\t<\/div>\n\t\t\t\t<\/div>\n\t\t\t\t<\/div>\n\t\t<div class=\"elementor-element elementor-element-494cd7f e-con-full e-flex e-con e-child\" data-id=\"494cd7f\" data-element_type=\"container\" data-e-type=\"container\">\n\t\t<div class=\"elementor-element elementor-element-6dd2a37 e-con-full e-flex e-con e-child\" data-id=\"6dd2a37\" data-element_type=\"container\" data-e-type=\"container\" data-settings=\"{&quot;background_background&quot;:&quot;classic&quot;}\">\n\t\t\t\t<\/div>\n\t\t\t\t<div class=\"elementor-element elementor-element-1e3b5d1 tx-hd-align-center elementor-widget elementor-widget-avas-heading\" data-id=\"1e3b5d1\" data-element_type=\"widget\" data-e-type=\"widget\" data-widget_type=\"avas-heading.default\">\n\t\t\t\t<div class=\"elementor-widget-container\">\n\t\t\t\t\t        <div class=\"tx-hd-wrap\">\n\n            <div class=\"tx-hd-wm\"><\/div>\n\n            \n            <div class=\"tx-hd-sub\"><\/div>\n                        <h2 class=\"tx-hd-title\">\n                <span class=\"tx-hd-first-part\">Brazil<\/span>\n                <span class=\"tx-hd-last-part\"><\/span>\n            <\/h2>    \n            \n            <div class=\"tx-hd-desc\"><p>Discover Brazil with TurisVi\u00f1a. Explore its beaches, jungles, and vibrant culture in destinations like Rio de Janeiro, Salvador, and Florian\u00f3polis. Flexible tour packages.<\/p><\/div>\n\n\n                   \n        <\/div><!-- tx-hd-wrap -->\n\n\n\n\n\n\n\n\n\t\t\t\t<\/div>\n\t\t\t\t<\/div>\n\t\t\t\t<div class=\"elementor-element elementor-element-438b787 elementor-align-center elementor-widget elementor-widget-button\" data-id=\"438b787\" data-element_type=\"widget\" data-e-type=\"widget\" data-widget_type=\"button.default\">\n\t\t\t\t<div class=\"elementor-widget-container\">\n\t\t\t\t\t\t\t\t\t<div class=\"elementor-button-wrapper\">\n\t\t\t\t\t<a class=\"elementor-button elementor-button-link elementor-size-sm\" href=\"https:\/\/turisvina.cl\/en\/brasil\/\">\n\t\t\t\t\t\t<span class=\"elementor-button-content-wrapper\">\n\t\t\t\t\t\t\t\t\t<span class=\"elementor-button-text\">See more<\/span>\n\t\t\t\t\t<\/span>\n\t\t\t\t\t<\/a>\n\t\t\t\t<\/div>\n\t\t\t\t\t\t\t\t<\/div>\n\t\t\t\t<\/div>\n\t\t\t\t<\/div>\n\t\t<div class=\"elementor-element elementor-element-d6c7729 e-con-full e-flex e-con e-child\" data-id=\"d6c7729\" data-element_type=\"container\" data-e-type=\"container\">\n\t\t<div class=\"elementor-element elementor-element-da2c152 e-con-full e-flex e-con e-child\" data-id=\"da2c152\" data-element_type=\"container\" data-e-type=\"container\" data-settings=\"{&quot;background_background&quot;:&quot;classic&quot;}\">\n\t\t\t\t<\/div>\n\t\t\t\t<div class=\"elementor-element elementor-element-406255d tx-hd-align-center elementor-widget elementor-widget-avas-heading\" data-id=\"406255d\" data-element_type=\"widget\" data-e-type=\"widget\" data-widget_type=\"avas-heading.default\">\n\t\t\t\t<div class=\"elementor-widget-container\">\n\t\t\t\t\t        <div class=\"tx-hd-wrap\">\n\n            <div class=\"tx-hd-wm\"><\/div>\n\n            \n            <div class=\"tx-hd-sub\"><\/div>\n                        <h2 class=\"tx-hd-title\">\n                <span class=\"tx-hd-first-part\">Colombia<\/span>\n                <span class=\"tx-hd-last-part\"><\/span>\n            <\/h2>    \n            \n            <div class=\"tx-hd-desc\"><p>Travel to Colombia with TurisVi\u00f1a and enjoy the Caribbean, coffee culture, and vibrant cities like Cartagena, Bogot\u00e1, and Medell\u00edn. Customized packages available year-round.<\/p><\/div>\n\n\n                   \n        <\/div><!-- tx-hd-wrap -->\n\n\n\n\n\n\n\n\n\t\t\t\t<\/div>\n\t\t\t\t<\/div>\n\t\t\t\t<div class=\"elementor-element elementor-element-9ed4b33 elementor-align-center elementor-widget elementor-widget-button\" data-id=\"9ed4b33\" data-element_type=\"widget\" data-e-type=\"widget\" data-widget_type=\"button.default\">\n\t\t\t\t<div class=\"elementor-widget-container\">\n\t\t\t\t\t\t\t\t\t<div class=\"elementor-button-wrapper\">\n\t\t\t\t\t<a class=\"elementor-button elementor-button-link elementor-size-sm\" href=\"https:\/\/turisvina.cl\/en\/colombia\/\">\n\t\t\t\t\t\t<span class=\"elementor-button-content-wrapper\">\n\t\t\t\t\t\t\t\t\t<span class=\"elementor-button-text\">See more<\/span>\n\t\t\t\t\t<\/span>\n\t\t\t\t\t<\/a>\n\t\t\t\t<\/div>\n\t\t\t\t\t\t\t\t<\/div>\n\t\t\t\t<\/div>\n\t\t\t\t<\/div>\n\t\t\t\t\t<\/div>\n\t\t\t\t<\/div>\n\t\t\t\t<\/div>","protected":false},"excerpt":{"rendered":"<p class=\"tx-excerpt\">TurisVi\u00f1a Explora el Mundo con Nuestros Viajes Internacionales Argentina Vive la experiencia argentina con TurisVi\u00f1a: tango, nieve, vino y naturaleza. Descubre Buenos Aires, Bariloche, Mendoza y mucho m\u00e1s con paquetes flexibles y seguros. Ver m\u00e1s...<\/p>","protected":false},"author":1,"featured_media":0,"parent":0,"menu_order":0,"comment_status":"closed","ping_status":"closed","template":"","meta":{"footnotes":""},"class_list":["post-3179","page","type-page","status-publish","hentry"],"yoast_head":"<!-- This site is optimized with the Yoast SEO Premium plugin v27.1 (Yoast SEO v27.4) - https:\/\/yoast.com\/product\/yoast-seo-premium-wordpress\/ -->\n<title>Viajes Internacionales | Explora el Mundo con TurisVi\u00f1a<\/title>\n<meta name=\"description\" content=\"Descubre los mejores destinos internacionales con TurisVi\u00f1a. Viaja a Sudam\u00e9rica, el Caribe, Europa y m\u00e1s con servicios personalizados, paquetes completos y asesor\u00eda experta.\" \/>\n<meta name=\"robots\" content=\"index, follow, max-snippet:-1, max-image-preview:large, max-video-preview:-1\" \/>\n<link rel=\"canonical\" href=\"https:\/\/turisvina.cl\/en\/viajes-internacionales\/\" \/>\n<meta property=\"og:locale\" content=\"en_US\" \/>\n<meta property=\"og:type\" content=\"article\" \/>\n<meta property=\"og:title\" content=\"Viajes Internacionales\" \/>\n<meta property=\"og:description\" content=\"Descubre los mejores destinos internacionales con TurisVi\u00f1a. Viaja a Sudam\u00e9rica, el Caribe, Europa y m\u00e1s con servicios personalizados, paquetes completos y asesor\u00eda experta.\" \/>\n<meta property=\"og:url\" content=\"https:\/\/turisvina.cl\/en\/viajes-internacionales\/\" \/>\n<meta property=\"og:site_name\" content=\"Turisvi\u00f1a\" \/>\n<meta property=\"article:modified_time\" content=\"2025-05-28T15:15:56+00:00\" \/>\n<meta name=\"twitter:card\" content=\"summary_large_image\" \/>\n<meta name=\"twitter:label1\" content=\"Est. reading time\" \/>\n\t<meta name=\"twitter:data1\" content=\"1 minute\" \/>\n<script type=\"application\/ld+json\" class=\"yoast-schema-graph\">{\"@context\":\"https:\\\/\\\/schema.org\",\"@graph\":[{\"@type\":\"WebPage\",\"@id\":\"https:\\\/\\\/turisvina.cl\\\/viajes-internacionales\\\/\",\"url\":\"https:\\\/\\\/turisvina.cl\\\/viajes-internacionales\\\/\",\"name\":\"Viajes Internacionales | Explora el Mundo con TurisVi\u00f1a\",\"isPartOf\":{\"@id\":\"https:\\\/\\\/turisvina.cl\\\/#website\"},\"datePublished\":\"2025-05-28T14:23:53+00:00\",\"dateModified\":\"2025-05-28T15:15:56+00:00\",\"description\":\"Descubre los mejores destinos internacionales con TurisVi\u00f1a. Viaja a Sudam\u00e9rica, el Caribe, Europa y m\u00e1s con servicios personalizados, paquetes completos y asesor\u00eda experta.\",\"breadcrumb\":{\"@id\":\"https:\\\/\\\/turisvina.cl\\\/viajes-internacionales\\\/#breadcrumb\"},\"inLanguage\":\"en-US\",\"potentialAction\":[{\"@type\":\"ReadAction\",\"target\":[\"https:\\\/\\\/turisvina.cl\\\/viajes-internacionales\\\/\"]}]},{\"@type\":\"BreadcrumbList\",\"@id\":\"https:\\\/\\\/turisvina.cl\\\/viajes-internacionales\\\/#breadcrumb\",\"itemListElement\":[{\"@type\":\"ListItem\",\"position\":1,\"name\":\"Portada\",\"item\":\"https:\\\/\\\/turisvina.cl\\\/\"},{\"@type\":\"ListItem\",\"position\":2,\"name\":\"Viajes Internacionales\"}]},{\"@type\":\"WebSite\",\"@id\":\"https:\\\/\\\/turisvina.cl\\\/#website\",\"url\":\"https:\\\/\\\/turisvina.cl\\\/\",\"name\":\"Turisvi\u00f1a\",\"description\":\"\",\"publisher\":{\"@id\":\"https:\\\/\\\/turisvina.cl\\\/#organization\"},\"potentialAction\":[{\"@type\":\"SearchAction\",\"target\":{\"@type\":\"EntryPoint\",\"urlTemplate\":\"https:\\\/\\\/turisvina.cl\\\/?s={search_term_string}\"},\"query-input\":{\"@type\":\"PropertyValueSpecification\",\"valueRequired\":true,\"valueName\":\"search_term_string\"}}],\"inLanguage\":\"en-US\"},{\"@type\":\"Organization\",\"@id\":\"https:\\\/\\\/turisvina.cl\\\/#organization\",\"name\":\"Turisvi\u00f1a\",\"url\":\"https:\\\/\\\/turisvina.cl\\\/\",\"logo\":{\"@type\":\"ImageObject\",\"inLanguage\":\"en-US\",\"@id\":\"https:\\\/\\\/turisvina.cl\\\/#\\\/schema\\\/logo\\\/image\\\/\",\"url\":\"https:\\\/\\\/turisvina.cl\\\/wp-content\\\/uploads\\\/2024\\\/03\\\/turisvinalogo.png\",\"contentUrl\":\"https:\\\/\\\/turisvina.cl\\\/wp-content\\\/uploads\\\/2024\\\/03\\\/turisvinalogo.png\",\"width\":766,\"height\":315,\"caption\":\"Turisvi\u00f1a\"},\"image\":{\"@id\":\"https:\\\/\\\/turisvina.cl\\\/#\\\/schema\\\/logo\\\/image\\\/\"}}]}<\/script>\n<!-- \/ Yoast SEO Premium plugin. -->","yoast_head_json":{"title":"Viajes Internacionales | Explora el Mundo con TurisVi\u00f1a","description":"Descubre los mejores destinos internacionales con TurisVi\u00f1a. Viaja a Sudam\u00e9rica, el Caribe, Europa y m\u00e1s con servicios personalizados, paquetes completos y asesor\u00eda experta.","robots":{"index":"index","follow":"follow","max-snippet":"max-snippet:-1","max-image-preview":"max-image-preview:large","max-video-preview":"max-video-preview:-1"},"canonical":"https:\/\/turisvina.cl\/en\/viajes-internacionales\/","og_locale":"en_US","og_type":"article","og_title":"Viajes Internacionales","og_description":"Descubre los mejores destinos internacionales con TurisVi\u00f1a. Viaja a Sudam\u00e9rica, el Caribe, Europa y m\u00e1s con servicios personalizados, paquetes completos y asesor\u00eda experta.","og_url":"https:\/\/turisvina.cl\/en\/viajes-internacionales\/","og_site_name":"Turisvi\u00f1a","article_modified_time":"2025-05-28T15:15:56+00:00","twitter_card":"summary_large_image","twitter_misc":{"Est. reading time":"1 minute"},"schema":{"@context":"https:\/\/schema.org","@graph":[{"@type":"WebPage","@id":"https:\/\/turisvina.cl\/viajes-internacionales\/","url":"https:\/\/turisvina.cl\/viajes-internacionales\/","name":"Viajes Internacionales | Explora el Mundo con TurisVi\u00f1a","isPartOf":{"@id":"https:\/\/turisvina.cl\/#website"},"datePublished":"2025-05-28T14:23:53+00:00","dateModified":"2025-05-28T15:15:56+00:00","description":"Descubre los mejores destinos internacionales con TurisVi\u00f1a. Viaja a Sudam\u00e9rica, el Caribe, Europa y m\u00e1s con servicios personalizados, paquetes completos y asesor\u00eda experta.","breadcrumb":{"@id":"https:\/\/turisvina.cl\/viajes-internacionales\/#breadcrumb"},"inLanguage":"en-US","potentialAction":[{"@type":"ReadAction","target":["https:\/\/turisvina.cl\/viajes-internacionales\/"]}]},{"@type":"BreadcrumbList","@id":"https:\/\/turisvina.cl\/viajes-internacionales\/#breadcrumb","itemListElement":[{"@type":"ListItem","position":1,"name":"Portada","item":"https:\/\/turisvina.cl\/"},{"@type":"ListItem","position":2,"name":"Viajes Internacionales"}]},{"@type":"WebSite","@id":"https:\/\/turisvina.cl\/#website","url":"https:\/\/turisvina.cl\/","name":"Turisvi\u00f1a","description":"","publisher":{"@id":"https:\/\/turisvina.cl\/#organization"},"potentialAction":[{"@type":"SearchAction","target":{"@type":"EntryPoint","urlTemplate":"https:\/\/turisvina.cl\/?s={search_term_string}"},"query-input":{"@type":"PropertyValueSpecification","valueRequired":true,"valueName":"search_term_string"}}],"inLanguage":"en-US"},{"@type":"Organization","@id":"https:\/\/turisvina.cl\/#organization","name":"Turisvi\u00f1a","url":"https:\/\/turisvina.cl\/","logo":{"@type":"ImageObject","inLanguage":"en-US","@id":"https:\/\/turisvina.cl\/#\/schema\/logo\/image\/","url":"https:\/\/turisvina.cl\/wp-content\/uploads\/2024\/03\/turisvinalogo.png","contentUrl":"https:\/\/turisvina.cl\/wp-content\/uploads\/2024\/03\/turisvinalogo.png","width":766,"height":315,"caption":"Turisvi\u00f1a"},"image":{"@id":"https:\/\/turisvina.cl\/#\/schema\/logo\/image\/"}}]}},"_links":{"self":[{"href":"https:\/\/turisvina.cl\/en\/wp-json\/wp\/v2\/pages\/3179","targetHints":{"allow":["GET"]}}],"collection":[{"href":"https:\/\/turisvina.cl\/en\/wp-json\/wp\/v2\/pages"}],"about":[{"href":"https:\/\/turisvina.cl\/en\/wp-json\/wp\/v2\/types\/page"}],"author":[{"embeddable":true,"href":"https:\/\/turisvina.cl\/en\/wp-json\/wp\/v2\/users\/1"}],"replies":[{"embeddable":true,"href":"https:\/\/turisvina.cl\/en\/wp-json\/wp\/v2\/comments?post=3179"}],"version-history":[{"count":11,"href":"https:\/\/turisvina.cl\/en\/wp-json\/wp\/v2\/pages\/3179\/revisions"}],"predecessor-version":[{"id":4081,"href":"https:\/\/turisvina.cl\/en\/wp-json\/wp\/v2\/pages\/3179\/revisions\/4081"}],"wp:attachment":[{"href":"https:\/\/turisvina.cl\/en\/wp-json\/wp\/v2\/media?parent=3179"}],"curies":[{"name":"wp","href":"https:\/\/api.w.org\/{rel}","templated":true}]}}