{"id":3512,"date":"2025-08-06T12:44:22","date_gmt":"2025-08-06T16:44:22","guid":{"rendered":"https:\/\/turisvina.cl\/?page_id=3512"},"modified":"2025-08-13T10:47:56","modified_gmt":"2025-08-13T14:47:56","slug":"tour-patrimoniales","status":"publish","type":"page","link":"https:\/\/turisvina.cl\/en\/tour-patrimoniales\/","title":{"rendered":"Tour Patrimoniales"},"content":{"rendered":"<div data-elementor-type=\"wp-page\" data-elementor-id=\"3512\" class=\"elementor elementor-3512\" data-elementor-post-type=\"page\">\n\t\t\t\t<div class=\"elementor-element elementor-element-39482be e-flex e-con-boxed elementor-invisible e-con e-parent\" data-id=\"39482be\" data-element_type=\"container\" data-e-type=\"container\" data-settings=\"{&quot;background_background&quot;:&quot;classic&quot;,&quot;animation&quot;:&quot;fadeIn&quot;}\">\n\t\t\t\t\t<div class=\"e-con-inner\">\n\t\t<div class=\"elementor-element elementor-element-6b56529 e-flex e-con-boxed e-con e-child\" data-id=\"6b56529\" data-element_type=\"container\" data-e-type=\"container\">\n\t\t\t\t\t<div class=\"e-con-inner\">\n\t\t\t\t<div class=\"elementor-element elementor-element-4385820 tx-hd-align-center elementor-invisible elementor-widget elementor-widget-avas-heading\" data-id=\"4385820\" data-element_type=\"widget\" data-e-type=\"widget\" data-settings=\"{&quot;_animation&quot;:&quot;fadeIn&quot;}\" data-widget_type=\"avas-heading.default\">\n\t\t\t\t<div class=\"elementor-widget-container\">\n\t\t\t\t\t        <div class=\"tx-hd-wrap\">\n\n            <div class=\"tx-hd-wm\"><\/div>\n\n            \n            <div class=\"tx-hd-sub\">TurisVi\u00f1a<\/div>\n                        <h1 class=\"tx-hd-title\">\n                <span class=\"tx-hd-first-part\">Guided experiences in the garden city<\/span>\n                <span class=\"tx-hd-last-part\"><\/span>\n            <\/h1>    \n            \n            <div class=\"tx-hd-desc\"><p>Discover the area&#039;s natural and cultural riches with guided tours of iconic, iconic spaces. From the biodiversity of the Botanical Garden to the archaeological heritage of the Fonck Museum, each tour is designed to connect you with the history and beauty of the surroundings. All tours include private transportation for your convenience.<\/p><\/div>\n\n\n                   \n        <\/div><!-- tx-hd-wrap -->\n\n\n\n\n\n\n\n\n\t\t\t\t<\/div>\n\t\t\t\t<\/div>\n\t\t\t\t\t<\/div>\n\t\t\t\t<\/div>\n\t\t\t\t\t<\/div>\n\t\t\t\t<\/div>\n\t\t<div class=\"elementor-element elementor-element-ffa5dc7 e-flex e-con-boxed elementor-invisible e-con e-parent\" data-id=\"ffa5dc7\" data-element_type=\"container\" data-e-type=\"container\" data-settings=\"{&quot;animation&quot;:&quot;fadeInUp&quot;,&quot;animation_delay&quot;:100}\">\n\t\t\t\t\t<div class=\"e-con-inner\">\n\t\t<div class=\"elementor-element elementor-element-b7f7b18 e-con-full e-flex e-con e-child\" data-id=\"b7f7b18\" data-element_type=\"container\" data-e-type=\"container\">\n\t\t\t\t<div class=\"elementor-element elementor-element-1f3ac92 tx-hd-align-center elementor-widget elementor-widget-avas-heading\" data-id=\"1f3ac92\" data-element_type=\"widget\" data-e-type=\"widget\" data-widget_type=\"avas-heading.default\">\n\t\t\t\t<div class=\"elementor-widget-container\">\n\t\t\t\t\t        <div class=\"tx-hd-wrap\">\n\n            <div class=\"tx-hd-wm\"><\/div>\n\n            \n            <div class=\"tx-hd-sub\">Vi\u00f1a del Mar <\/div>\n                        <h2 class=\"tx-hd-title\">\n                <span class=\"tx-hd-first-part\">Botanical garden <\/span>\n                <span class=\"tx-hd-last-part\"><\/span>\n            <\/h2>    \n            \n            <div class=\"tx-hd-desc\"><p><strong>Includes:<\/strong> Guided tour and private transportation.<\/p><\/div>\n\n\n                   \n        <\/div><!-- tx-hd-wrap -->\n\n\n\n\n\n\n\n\n\t\t\t\t<\/div>\n\t\t\t\t<\/div>\n\t\t\t\t<div class=\"elementor-element elementor-element-bdd64db elementor-widget elementor-widget-text-editor\" data-id=\"bdd64db\" data-element_type=\"widget\" data-e-type=\"widget\" data-widget_type=\"text-editor.default\">\n\t\t\t\t<div class=\"elementor-widget-container\">\n\t\t\t\t\t\t\t\t\t<p><strong>Duration:<\/strong> 180 minutes<\/p>\t\t\t\t\t\t\t\t<\/div>\n\t\t\t\t<\/div>\n\t\t\t\t<\/div>\n\t\t<div class=\"elementor-element elementor-element-9ba1773 e-con-full e-flex e-con e-child\" data-id=\"9ba1773\" data-element_type=\"container\" data-e-type=\"container\">\n\t\t\t\t<div class=\"elementor-element elementor-element-c74264b tx-hd-align-center elementor-widget elementor-widget-avas-heading\" data-id=\"c74264b\" data-element_type=\"widget\" data-e-type=\"widget\" data-widget_type=\"avas-heading.default\">\n\t\t\t\t<div class=\"elementor-widget-container\">\n\t\t\t\t\t        <div class=\"tx-hd-wrap\">\n\n            <div class=\"tx-hd-wm\"><\/div>\n\n            \n            <div class=\"tx-hd-sub\">Vi\u00f1a del Mar <\/div>\n                        <h2 class=\"tx-hd-title\">\n                <span class=\"tx-hd-first-part\">Fonck Museum <\/span>\n                <span class=\"tx-hd-last-part\"><\/span>\n            <\/h2>    \n            \n            <div class=\"tx-hd-desc\"><strong>Includes:<\/strong> Guided tour, private transportation, and audiobook.<\/div>\n\n\n                   \n        <\/div><!-- tx-hd-wrap -->\n\n\n\n\n\n\n\n\n\t\t\t\t<\/div>\n\t\t\t\t<\/div>\n\t\t\t\t<div class=\"elementor-element elementor-element-923a971 elementor-widget elementor-widget-text-editor\" data-id=\"923a971\" data-element_type=\"widget\" data-e-type=\"widget\" data-widget_type=\"text-editor.default\">\n\t\t\t\t<div class=\"elementor-widget-container\">\n\t\t\t\t\t\t\t\t\t<p><strong>Duration:<\/strong> 45 minutes<\/p>\t\t\t\t\t\t\t\t<\/div>\n\t\t\t\t<\/div>\n\t\t\t\t<\/div>\n\t\t\t\t\t<\/div>\n\t\t\t\t<\/div>\n\t\t<div class=\"elementor-element elementor-element-f3740cd e-flex e-con-boxed elementor-invisible e-con e-parent\" data-id=\"f3740cd\" data-element_type=\"container\" data-e-type=\"container\" data-settings=\"{&quot;animation&quot;:&quot;fadeInUp&quot;}\">\n\t\t\t\t\t<div class=\"e-con-inner\">\n\t\t<div class=\"elementor-element elementor-element-34c9b40 e-con-full e-flex elementor-invisible e-con e-child\" data-id=\"34c9b40\" data-element_type=\"container\" data-e-type=\"container\" data-settings=\"{&quot;background_background&quot;:&quot;classic&quot;,&quot;animation&quot;:&quot;fadeIn&quot;}\">\n\t\t<div class=\"elementor-element elementor-element-33bc98b e-con-full e-flex e-con e-child\" data-id=\"33bc98b\" data-element_type=\"container\" data-e-type=\"container\">\n\t\t\t\t<div class=\"elementor-element elementor-element-01b7272 elementor-widget elementor-widget-heading\" data-id=\"01b7272\" data-element_type=\"widget\" data-e-type=\"widget\" data-widget_type=\"heading.default\">\n\t\t\t\t<div class=\"elementor-widget-container\">\n\t\t\t\t\t<h2 class=\"elementor-heading-title elementor-size-default\">Book your tour right now<\/h2>\t\t\t\t<\/div>\n\t\t\t\t<\/div>\n\t\t\t\t<div class=\"elementor-element elementor-element-6fb65c9 elementor-widget elementor-widget-avas-button\" data-id=\"6fb65c9\" data-element_type=\"widget\" data-e-type=\"widget\" data-widget_type=\"avas-button.default\">\n\t\t\t\t<div class=\"elementor-widget-container\">\n\t\t\t\t\t\n        <div class=\"tx-btn-wrap style-0\">\n            \n           <a data-hover=\"\" href=\"https:\/\/api.whatsapp.com\/send?phone=56323467715\" class=\"elementor-animation-grow tx-btn-link\" target=\"_self\" >\n\n            \n            Whatsapp\n            \n            \n           <\/a>\n          \n        <\/div><!-- tx-btn-wrap -->\n        \n        \n\t\t\t\t<\/div>\n\t\t\t\t<\/div>\n\t\t\t\t<\/div>\n\t\t<div class=\"elementor-element elementor-element-fab5b42 e-con-full e-flex e-con e-child\" data-id=\"fab5b42\" data-element_type=\"container\" data-e-type=\"container\">\n\t\t\t\t<div class=\"elementor-element elementor-element-49c2eca elementor-widget elementor-widget-image\" data-id=\"49c2eca\" data-element_type=\"widget\" data-e-type=\"widget\" data-widget_type=\"image.default\">\n\t\t\t\t<div class=\"elementor-widget-container\">\n\t\t\t\t\t\t\t\t\t\t\t\t\t\t\t<img fetchpriority=\"high\" decoding=\"async\" width=\"1024\" height=\"668\" src=\"https:\/\/turisvina.cl\/wp-content\/uploads\/2025\/05\/turistas-1024x668.png\" class=\"attachment-large size-large wp-image-2046\" alt=\"\" srcset=\"https:\/\/turisvina.cl\/wp-content\/uploads\/2025\/05\/turistas-1024x668.png 1024w, https:\/\/turisvina.cl\/wp-content\/uploads\/2025\/05\/turistas-300x196.png 300w, https:\/\/turisvina.cl\/wp-content\/uploads\/2025\/05\/turistas-768x501.png 768w, https:\/\/turisvina.cl\/wp-content\/uploads\/2025\/05\/turistas-460x300.png 460w, https:\/\/turisvina.cl\/wp-content\/uploads\/2025\/05\/turistas-80x52.png 80w, https:\/\/turisvina.cl\/wp-content\/uploads\/2025\/05\/turistas-360x235.png 360w, https:\/\/turisvina.cl\/wp-content\/uploads\/2025\/05\/turistas-373x243.png 373w, https:\/\/turisvina.cl\/wp-content\/uploads\/2025\/05\/turistas-620x404.png 620w, https:\/\/turisvina.cl\/wp-content\/uploads\/2025\/05\/turistas-365x238.png 365w, https:\/\/turisvina.cl\/wp-content\/uploads\/2025\/05\/turistas-600x391.png 600w, https:\/\/turisvina.cl\/wp-content\/uploads\/2025\/05\/turistas.png 1087w\" sizes=\"(max-width: 1024px) 100vw, 1024px\" \/>\t\t\t\t\t\t\t\t\t\t\t\t\t\t\t<\/div>\n\t\t\t\t<\/div>\n\t\t\t\t<\/div>\n\t\t\t\t<\/div>\n\t\t\t\t\t<\/div>\n\t\t\t\t<\/div>\n\t\t\t\t<\/div>","protected":false},"excerpt":{"rendered":"<p class=\"tx-excerpt\">TurisVi\u00f1a Experiencias guiadas en la ciudad jard\u00edn Descubre la riqueza natural y cultural de la zona con tours guiados por espacios emblem\u00e1ticos y llenos de identidad. Desde la biodiversidad del Jard\u00edn Bot\u00e1nico hasta el patrimonio...<\/p>","protected":false},"author":1,"featured_media":0,"parent":0,"menu_order":0,"comment_status":"closed","ping_status":"closed","template":"elementor_header_footer","meta":{"footnotes":""},"class_list":["post-3512","page","type-page","status-publish","hentry"],"yoast_head":"<!-- This site is optimized with the Yoast SEO Premium plugin v27.1 (Yoast SEO v27.4) - https:\/\/yoast.com\/product\/yoast-seo-premium-wordpress\/ -->\n<title>Tour Patrimoniales - Turisvi\u00f1a<\/title>\n<meta name=\"robots\" content=\"index, follow, max-snippet:-1, max-image-preview:large, max-video-preview:-1\" \/>\n<link rel=\"canonical\" href=\"https:\/\/turisvina.cl\/en\/tour-patrimoniales\/\" \/>\n<meta property=\"og:locale\" content=\"en_US\" \/>\n<meta property=\"og:type\" content=\"article\" \/>\n<meta property=\"og:title\" content=\"Tour Patrimoniales\" \/>\n<meta property=\"og:description\" content=\"TurisVi\u00f1a Experiencias guiadas en la ciudad jard\u00edn Descubre la riqueza natural y cultural de la zona con tours guiados por espacios emblem\u00e1ticos y llenos de identidad. Desde la biodiversidad del Jard\u00edn Bot\u00e1nico hasta el patrimonio arqueol\u00f3gico del Museo Fonck, cada recorrido est\u00e1 dise\u00f1ado para conectarte con la historia y la belleza del entorno. Todos los [&hellip;]\" \/>\n<meta property=\"og:url\" content=\"https:\/\/turisvina.cl\/en\/tour-patrimoniales\/\" \/>\n<meta property=\"og:site_name\" content=\"Turisvi\u00f1a\" \/>\n<meta property=\"article:modified_time\" content=\"2025-08-13T14:47:56+00:00\" \/>\n<meta property=\"og:image\" content=\"https:\/\/turisvina.cl\/wp-content\/uploads\/2025\/05\/turistas.png\" \/>\n\t<meta property=\"og:image:width\" content=\"1087\" \/>\n\t<meta property=\"og:image:height\" content=\"709\" \/>\n\t<meta property=\"og:image:type\" content=\"image\/png\" \/>\n<meta name=\"twitter:card\" content=\"summary_large_image\" \/>\n<meta name=\"twitter:label1\" content=\"Est. reading time\" \/>\n\t<meta name=\"twitter:data1\" content=\"1 minute\" \/>\n<script type=\"application\/ld+json\" class=\"yoast-schema-graph\">{\"@context\":\"https:\\\/\\\/schema.org\",\"@graph\":[{\"@type\":\"WebPage\",\"@id\":\"https:\\\/\\\/turisvina.cl\\\/tour-patrimoniales\\\/\",\"url\":\"https:\\\/\\\/turisvina.cl\\\/tour-patrimoniales\\\/\",\"name\":\"Tour Patrimoniales - Turisvi\u00f1a\",\"isPartOf\":{\"@id\":\"https:\\\/\\\/turisvina.cl\\\/#website\"},\"primaryImageOfPage\":{\"@id\":\"https:\\\/\\\/turisvina.cl\\\/tour-patrimoniales\\\/#primaryimage\"},\"image\":{\"@id\":\"https:\\\/\\\/turisvina.cl\\\/tour-patrimoniales\\\/#primaryimage\"},\"thumbnailUrl\":\"https:\\\/\\\/turisvina.cl\\\/wp-content\\\/uploads\\\/2025\\\/05\\\/turistas-1024x668.png\",\"datePublished\":\"2025-08-06T16:44:22+00:00\",\"dateModified\":\"2025-08-13T14:47:56+00:00\",\"breadcrumb\":{\"@id\":\"https:\\\/\\\/turisvina.cl\\\/tour-patrimoniales\\\/#breadcrumb\"},\"inLanguage\":\"en-US\",\"potentialAction\":[{\"@type\":\"ReadAction\",\"target\":[\"https:\\\/\\\/turisvina.cl\\\/tour-patrimoniales\\\/\"]}]},{\"@type\":\"ImageObject\",\"inLanguage\":\"en-US\",\"@id\":\"https:\\\/\\\/turisvina.cl\\\/tour-patrimoniales\\\/#primaryimage\",\"url\":\"https:\\\/\\\/turisvina.cl\\\/wp-content\\\/uploads\\\/2025\\\/05\\\/turistas-1024x668.png\",\"contentUrl\":\"https:\\\/\\\/turisvina.cl\\\/wp-content\\\/uploads\\\/2025\\\/05\\\/turistas-1024x668.png\"},{\"@type\":\"BreadcrumbList\",\"@id\":\"https:\\\/\\\/turisvina.cl\\\/tour-patrimoniales\\\/#breadcrumb\",\"itemListElement\":[{\"@type\":\"ListItem\",\"position\":1,\"name\":\"Portada\",\"item\":\"https:\\\/\\\/turisvina.cl\\\/\"},{\"@type\":\"ListItem\",\"position\":2,\"name\":\"Tour Patrimoniales\"}]},{\"@type\":\"WebSite\",\"@id\":\"https:\\\/\\\/turisvina.cl\\\/#website\",\"url\":\"https:\\\/\\\/turisvina.cl\\\/\",\"name\":\"Turisvi\u00f1a\",\"description\":\"\",\"publisher\":{\"@id\":\"https:\\\/\\\/turisvina.cl\\\/#organization\"},\"potentialAction\":[{\"@type\":\"SearchAction\",\"target\":{\"@type\":\"EntryPoint\",\"urlTemplate\":\"https:\\\/\\\/turisvina.cl\\\/?s={search_term_string}\"},\"query-input\":{\"@type\":\"PropertyValueSpecification\",\"valueRequired\":true,\"valueName\":\"search_term_string\"}}],\"inLanguage\":\"en-US\"},{\"@type\":\"Organization\",\"@id\":\"https:\\\/\\\/turisvina.cl\\\/#organization\",\"name\":\"Turisvi\u00f1a\",\"url\":\"https:\\\/\\\/turisvina.cl\\\/\",\"logo\":{\"@type\":\"ImageObject\",\"inLanguage\":\"en-US\",\"@id\":\"https:\\\/\\\/turisvina.cl\\\/#\\\/schema\\\/logo\\\/image\\\/\",\"url\":\"https:\\\/\\\/turisvina.cl\\\/wp-content\\\/uploads\\\/2024\\\/03\\\/turisvinalogo.png\",\"contentUrl\":\"https:\\\/\\\/turisvina.cl\\\/wp-content\\\/uploads\\\/2024\\\/03\\\/turisvinalogo.png\",\"width\":766,\"height\":315,\"caption\":\"Turisvi\u00f1a\"},\"image\":{\"@id\":\"https:\\\/\\\/turisvina.cl\\\/#\\\/schema\\\/logo\\\/image\\\/\"}}]}<\/script>\n<!-- \/ Yoast SEO Premium plugin. -->","yoast_head_json":{"title":"Tour Patrimoniales - Turisvi\u00f1a","robots":{"index":"index","follow":"follow","max-snippet":"max-snippet:-1","max-image-preview":"max-image-preview:large","max-video-preview":"max-video-preview:-1"},"canonical":"https:\/\/turisvina.cl\/en\/tour-patrimoniales\/","og_locale":"en_US","og_type":"article","og_title":"Tour Patrimoniales","og_description":"TurisVi\u00f1a Experiencias guiadas en la ciudad jard\u00edn Descubre la riqueza natural y cultural de la zona con tours guiados por espacios emblem\u00e1ticos y llenos de identidad. Desde la biodiversidad del Jard\u00edn Bot\u00e1nico hasta el patrimonio arqueol\u00f3gico del Museo Fonck, cada recorrido est\u00e1 dise\u00f1ado para conectarte con la historia y la belleza del entorno. Todos los [&hellip;]","og_url":"https:\/\/turisvina.cl\/en\/tour-patrimoniales\/","og_site_name":"Turisvi\u00f1a","article_modified_time":"2025-08-13T14:47:56+00:00","og_image":[{"width":1087,"height":709,"url":"https:\/\/turisvina.cl\/wp-content\/uploads\/2025\/05\/turistas.png","type":"image\/png"}],"twitter_card":"summary_large_image","twitter_misc":{"Est. reading time":"1 minute"},"schema":{"@context":"https:\/\/schema.org","@graph":[{"@type":"WebPage","@id":"https:\/\/turisvina.cl\/tour-patrimoniales\/","url":"https:\/\/turisvina.cl\/tour-patrimoniales\/","name":"Tour Patrimoniales - Turisvi\u00f1a","isPartOf":{"@id":"https:\/\/turisvina.cl\/#website"},"primaryImageOfPage":{"@id":"https:\/\/turisvina.cl\/tour-patrimoniales\/#primaryimage"},"image":{"@id":"https:\/\/turisvina.cl\/tour-patrimoniales\/#primaryimage"},"thumbnailUrl":"https:\/\/turisvina.cl\/wp-content\/uploads\/2025\/05\/turistas-1024x668.png","datePublished":"2025-08-06T16:44:22+00:00","dateModified":"2025-08-13T14:47:56+00:00","breadcrumb":{"@id":"https:\/\/turisvina.cl\/tour-patrimoniales\/#breadcrumb"},"inLanguage":"en-US","potentialAction":[{"@type":"ReadAction","target":["https:\/\/turisvina.cl\/tour-patrimoniales\/"]}]},{"@type":"ImageObject","inLanguage":"en-US","@id":"https:\/\/turisvina.cl\/tour-patrimoniales\/#primaryimage","url":"https:\/\/turisvina.cl\/wp-content\/uploads\/2025\/05\/turistas-1024x668.png","contentUrl":"https:\/\/turisvina.cl\/wp-content\/uploads\/2025\/05\/turistas-1024x668.png"},{"@type":"BreadcrumbList","@id":"https:\/\/turisvina.cl\/tour-patrimoniales\/#breadcrumb","itemListElement":[{"@type":"ListItem","position":1,"name":"Portada","item":"https:\/\/turisvina.cl\/"},{"@type":"ListItem","position":2,"name":"Tour Patrimoniales"}]},{"@type":"WebSite","@id":"https:\/\/turisvina.cl\/#website","url":"https:\/\/turisvina.cl\/","name":"Turisvi\u00f1a","description":"","publisher":{"@id":"https:\/\/turisvina.cl\/#organization"},"potentialAction":[{"@type":"SearchAction","target":{"@type":"EntryPoint","urlTemplate":"https:\/\/turisvina.cl\/?s={search_term_string}"},"query-input":{"@type":"PropertyValueSpecification","valueRequired":true,"valueName":"search_term_string"}}],"inLanguage":"en-US"},{"@type":"Organization","@id":"https:\/\/turisvina.cl\/#organization","name":"Turisvi\u00f1a","url":"https:\/\/turisvina.cl\/","logo":{"@type":"ImageObject","inLanguage":"en-US","@id":"https:\/\/turisvina.cl\/#\/schema\/logo\/image\/","url":"https:\/\/turisvina.cl\/wp-content\/uploads\/2024\/03\/turisvinalogo.png","contentUrl":"https:\/\/turisvina.cl\/wp-content\/uploads\/2024\/03\/turisvinalogo.png","width":766,"height":315,"caption":"Turisvi\u00f1a"},"image":{"@id":"https:\/\/turisvina.cl\/#\/schema\/logo\/image\/"}}]}},"_links":{"self":[{"href":"https:\/\/turisvina.cl\/en\/wp-json\/wp\/v2\/pages\/3512","targetHints":{"allow":["GET"]}}],"collection":[{"href":"https:\/\/turisvina.cl\/en\/wp-json\/wp\/v2\/pages"}],"about":[{"href":"https:\/\/turisvina.cl\/en\/wp-json\/wp\/v2\/types\/page"}],"author":[{"embeddable":true,"href":"https:\/\/turisvina.cl\/en\/wp-json\/wp\/v2\/users\/1"}],"replies":[{"embeddable":true,"href":"https:\/\/turisvina.cl\/en\/wp-json\/wp\/v2\/comments?post=3512"}],"version-history":[{"count":25,"href":"https:\/\/turisvina.cl\/en\/wp-json\/wp\/v2\/pages\/3512\/revisions"}],"predecessor-version":[{"id":3602,"href":"https:\/\/turisvina.cl\/en\/wp-json\/wp\/v2\/pages\/3512\/revisions\/3602"}],"wp:attachment":[{"href":"https:\/\/turisvina.cl\/en\/wp-json\/wp\/v2\/media?parent=3512"}],"curies":[{"name":"wp","href":"https:\/\/api.w.org\/{rel}","templated":true}]}}