{"id":4224,"date":"2026-01-08T17:53:26","date_gmt":"2026-01-08T20:53:26","guid":{"rendered":"https:\/\/turisvina.cl\/?page_id=4224"},"modified":"2026-03-05T12:54:47","modified_gmt":"2026-03-05T15:54:47","slug":"catalogo-2026","status":"publish","type":"page","link":"https:\/\/turisvina.cl\/en\/catalogo-2026\/","title":{"rendered":"TurisVi\u00f1a &#8211; Catalogo 2026"},"content":{"rendered":"<div data-elementor-type=\"wp-page\" data-elementor-id=\"4224\" class=\"elementor elementor-4224\" data-elementor-post-type=\"page\">\n\t\t\t\t<div class=\"elementor-element elementor-element-de471fd e-flex e-con-boxed e-con e-parent\" data-id=\"de471fd\" data-element_type=\"container\" data-e-type=\"container\">\n\t\t\t\t\t<div class=\"e-con-inner\">\n\t\t\t\t<div class=\"elementor-element elementor-element-63c6838 elementor-widget elementor-widget-heading\" data-id=\"63c6838\" data-element_type=\"widget\" data-e-type=\"widget\" data-widget_type=\"heading.default\">\n\t\t\t\t<div class=\"elementor-widget-container\">\n\t\t\t\t\t<h1 class=\"elementor-heading-title elementor-size-default\"><p data-start=\"255\" data-end=\"335\"><span data-start=\"255\" data-end=\"335\">Cat\u00e1logo de experiencias y actividades tur\u00edsticas en la Regi\u00f3n de Valpara\u00edso<\/span><\/p><h3 data-start=\"337\" data-end=\"366\"><\/h3><h3 data-start=\"337\" data-end=\"366\"><\/h3><\/h1>\t\t\t\t<\/div>\n\t\t\t\t<\/div>\n\t\t<div class=\"elementor-element elementor-element-ac9a0f0 e-con-full e-flex e-con e-child\" data-id=\"ac9a0f0\" data-element_type=\"container\" data-e-type=\"container\">\n\t\t\t\t<div class=\"elementor-element elementor-element-dc63637 elementor-widget elementor-widget-shortcode\" data-id=\"dc63637\" data-element_type=\"widget\" data-e-type=\"widget\" data-widget_type=\"shortcode.default\">\n\t\t\t\t<div class=\"elementor-widget-container\">\n\t\t\t\t\t\t\t<div class=\"elementor-shortcode\"> <div class=\"_df_book df-lite\" id=\"df_4221\"  _slug=\"catalogo\" data-title=\"catalogo\" wpoptions=\"true\" thumbtype=\"\" ><\/div><script class=\"df-shortcode-script\" nowprocket type=\"application\/javascript\">window.option_df_4221 = {\"outline\":[],\"backgroundColor\":\"#ffffff\",\"autoEnableOutline\":\"false\",\"autoEnableThumbnail\":\"false\",\"overwritePDFOutline\":\"false\",\"direction\":\"1\",\"pageSize\":\"0\",\"maxTextureSize\":\"2048\",\"source\":\"https:\\\/\\\/turisvina.cl\\\/wp-content\\\/uploads\\\/2026\\\/03\\\/Catalogo-Turisvina-marzo-1.pdf\",\"wpOptions\":\"true\"}; if(window.DFLIP && window.DFLIP.parseBooks){window.DFLIP.parseBooks();}<\/script> <\/div>\n\t\t\t\t\t\t<\/div>\n\t\t\t\t<\/div>\n\t\t\t\t<\/div>\n\t\t\t\t\t<\/div>\n\t\t\t\t<\/div>\n\t\t<div class=\"elementor-element elementor-element-01d4035 e-flex e-con-boxed e-con e-parent\" data-id=\"01d4035\" data-element_type=\"container\" data-e-type=\"container\">\n\t\t\t\t\t<div class=\"e-con-inner\">\n\t\t\t\t<div class=\"elementor-element elementor-element-38d8cfb elementor-align-center elementor-widget elementor-widget-button\" data-id=\"38d8cfb\" data-element_type=\"widget\" data-e-type=\"widget\" data-widget_type=\"button.default\">\n\t\t\t\t<div class=\"elementor-widget-container\">\n\t\t\t\t\t\t\t\t\t<div class=\"elementor-button-wrapper\">\n\t\t\t\t\t<a class=\"elementor-button elementor-button-link elementor-size-sm\" href=\"https:\/\/drive.google.com\/file\/d\/1BmpPZeARiL5KMT-X5DOHSw30OE9C4Kc5\/view?usp=drive_link\">\n\t\t\t\t\t\t<span class=\"elementor-button-content-wrapper\">\n\t\t\t\t\t\t\t\t\t<span class=\"elementor-button-text\">Descarga aqu\u00ed el cat\u00e1logo tur\u00edstico en versi\u00f3n Full HD.<\/span>\n\t\t\t\t\t<\/span>\n\t\t\t\t\t<\/a>\n\t\t\t\t<\/div>\n\t\t\t\t\t\t\t\t<\/div>\n\t\t\t\t<\/div>\n\t\t\t\t\t<\/div>\n\t\t\t\t<\/div>\n\t\t\t\t<\/div>","protected":false},"excerpt":{"rendered":"<p class=\"tx-excerpt\">Cat\u00e1logo de experiencias y actividades tur\u00edsticas en la Regi\u00f3n de Valpara\u00edso Descarga aqu\u00ed el cat\u00e1logo tur\u00edstico en versi\u00f3n Full HD.\n<\/p>","protected":false},"author":1,"featured_media":0,"parent":0,"menu_order":0,"comment_status":"closed","ping_status":"closed","template":"elementor_header_footer","meta":{"footnotes":""},"class_list":["post-4224","page","type-page","status-publish","hentry"],"yoast_head":"<!-- This site is optimized with the Yoast SEO Premium plugin v27.1 (Yoast SEO v27.4) - https:\/\/yoast.com\/product\/yoast-seo-premium-wordpress\/ -->\n<title>Cat\u00e1logo Tur\u00edstico TurisVi\u00f1a<\/title>\n<meta name=\"description\" content=\"Cat\u00e1logo de Experiencias Tur\u00edsticas en la Regi\u00f3n de Valpara\u00edso | TurisVi\u00f1a\" \/>\n<meta name=\"robots\" content=\"index, follow, max-snippet:-1, max-image-preview:large, max-video-preview:-1\" \/>\n<link rel=\"canonical\" href=\"https:\/\/turisvina.cl\/en\/catalogo-2026\/\" \/>\n<meta property=\"og:locale\" content=\"en_US\" \/>\n<meta property=\"og:type\" content=\"article\" \/>\n<meta property=\"og:title\" content=\"Cat\u00e1logo Tur\u00edstico TurisVi\u00f1a\" \/>\n<meta property=\"og:description\" content=\"Cat\u00e1logo de Experiencias Tur\u00edsticas en la Regi\u00f3n de Valpara\u00edso | TurisVi\u00f1a\" \/>\n<meta property=\"og:url\" content=\"https:\/\/turisvina.cl\/en\/catalogo-2026\/\" \/>\n<meta property=\"og:site_name\" content=\"Turisvi\u00f1a\" \/>\n<meta property=\"article:modified_time\" content=\"2026-03-05T15:54:47+00:00\" \/>\n<meta property=\"og:image\" content=\"https:\/\/turisvina.cl\/wp-content\/uploads\/2026\/03\/catalogo-turisvina.jpg\" \/>\n\t<meta property=\"og:image:width\" content=\"2480\" \/>\n\t<meta property=\"og:image:height\" content=\"1847\" \/>\n\t<meta property=\"og:image:type\" content=\"image\/jpeg\" \/>\n<meta name=\"twitter:card\" content=\"summary_large_image\" \/>\n<meta name=\"twitter:title\" content=\"TurisVi\u00f1a - Catalogo 2026\" \/>\n<meta name=\"twitter:label1\" content=\"Est. reading time\" \/>\n\t<meta name=\"twitter:data1\" content=\"1 minute\" \/>\n<script type=\"application\/ld+json\" class=\"yoast-schema-graph\">{\"@context\":\"https:\\\/\\\/schema.org\",\"@graph\":[{\"@type\":\"WebPage\",\"@id\":\"https:\\\/\\\/turisvina.cl\\\/catalogo-2026\\\/\",\"url\":\"https:\\\/\\\/turisvina.cl\\\/catalogo-2026\\\/\",\"name\":\"Cat\u00e1logo Tur\u00edstico TurisVi\u00f1a\",\"isPartOf\":{\"@id\":\"https:\\\/\\\/turisvina.cl\\\/#website\"},\"datePublished\":\"2026-01-08T20:53:26+00:00\",\"dateModified\":\"2026-03-05T15:54:47+00:00\",\"description\":\"Cat\u00e1logo de Experiencias Tur\u00edsticas en la Regi\u00f3n de Valpara\u00edso | TurisVi\u00f1a\",\"breadcrumb\":{\"@id\":\"https:\\\/\\\/turisvina.cl\\\/catalogo-2026\\\/#breadcrumb\"},\"inLanguage\":\"en-US\",\"potentialAction\":[{\"@type\":\"ReadAction\",\"target\":[\"https:\\\/\\\/turisvina.cl\\\/catalogo-2026\\\/\"]}]},{\"@type\":\"BreadcrumbList\",\"@id\":\"https:\\\/\\\/turisvina.cl\\\/catalogo-2026\\\/#breadcrumb\",\"itemListElement\":[{\"@type\":\"ListItem\",\"position\":1,\"name\":\"Portada\",\"item\":\"https:\\\/\\\/turisvina.cl\\\/\"},{\"@type\":\"ListItem\",\"position\":2,\"name\":\"TurisVi\u00f1a &#8211; Catalogo 2026\"}]},{\"@type\":\"WebSite\",\"@id\":\"https:\\\/\\\/turisvina.cl\\\/#website\",\"url\":\"https:\\\/\\\/turisvina.cl\\\/\",\"name\":\"Turisvi\u00f1a\",\"description\":\"\",\"publisher\":{\"@id\":\"https:\\\/\\\/turisvina.cl\\\/#organization\"},\"potentialAction\":[{\"@type\":\"SearchAction\",\"target\":{\"@type\":\"EntryPoint\",\"urlTemplate\":\"https:\\\/\\\/turisvina.cl\\\/?s={search_term_string}\"},\"query-input\":{\"@type\":\"PropertyValueSpecification\",\"valueRequired\":true,\"valueName\":\"search_term_string\"}}],\"inLanguage\":\"en-US\"},{\"@type\":\"Organization\",\"@id\":\"https:\\\/\\\/turisvina.cl\\\/#organization\",\"name\":\"Turisvi\u00f1a\",\"url\":\"https:\\\/\\\/turisvina.cl\\\/\",\"logo\":{\"@type\":\"ImageObject\",\"inLanguage\":\"en-US\",\"@id\":\"https:\\\/\\\/turisvina.cl\\\/#\\\/schema\\\/logo\\\/image\\\/\",\"url\":\"https:\\\/\\\/turisvina.cl\\\/wp-content\\\/uploads\\\/2024\\\/03\\\/turisvinalogo.png\",\"contentUrl\":\"https:\\\/\\\/turisvina.cl\\\/wp-content\\\/uploads\\\/2024\\\/03\\\/turisvinalogo.png\",\"width\":766,\"height\":315,\"caption\":\"Turisvi\u00f1a\"},\"image\":{\"@id\":\"https:\\\/\\\/turisvina.cl\\\/#\\\/schema\\\/logo\\\/image\\\/\"}}]}<\/script>\n<!-- \/ Yoast SEO Premium plugin. -->","yoast_head_json":{"title":"Cat\u00e1logo Tur\u00edstico TurisVi\u00f1a","description":"Cat\u00e1logo de Experiencias Tur\u00edsticas en la Regi\u00f3n de Valpara\u00edso | TurisVi\u00f1a","robots":{"index":"index","follow":"follow","max-snippet":"max-snippet:-1","max-image-preview":"max-image-preview:large","max-video-preview":"max-video-preview:-1"},"canonical":"https:\/\/turisvina.cl\/en\/catalogo-2026\/","og_locale":"en_US","og_type":"article","og_title":"Cat\u00e1logo Tur\u00edstico TurisVi\u00f1a","og_description":"Cat\u00e1logo de Experiencias Tur\u00edsticas en la Regi\u00f3n de Valpara\u00edso | TurisVi\u00f1a","og_url":"https:\/\/turisvina.cl\/en\/catalogo-2026\/","og_site_name":"Turisvi\u00f1a","article_modified_time":"2026-03-05T15:54:47+00:00","og_image":[{"width":2480,"height":1847,"url":"https:\/\/turisvina.cl\/wp-content\/uploads\/2026\/03\/catalogo-turisvina.jpg","type":"image\/jpeg"}],"twitter_card":"summary_large_image","twitter_title":"TurisVi\u00f1a - Catalogo 2026","twitter_misc":{"Est. reading time":"1 minute"},"schema":{"@context":"https:\/\/schema.org","@graph":[{"@type":"WebPage","@id":"https:\/\/turisvina.cl\/catalogo-2026\/","url":"https:\/\/turisvina.cl\/catalogo-2026\/","name":"Cat\u00e1logo Tur\u00edstico TurisVi\u00f1a","isPartOf":{"@id":"https:\/\/turisvina.cl\/#website"},"datePublished":"2026-01-08T20:53:26+00:00","dateModified":"2026-03-05T15:54:47+00:00","description":"Cat\u00e1logo de Experiencias Tur\u00edsticas en la Regi\u00f3n de Valpara\u00edso | TurisVi\u00f1a","breadcrumb":{"@id":"https:\/\/turisvina.cl\/catalogo-2026\/#breadcrumb"},"inLanguage":"en-US","potentialAction":[{"@type":"ReadAction","target":["https:\/\/turisvina.cl\/catalogo-2026\/"]}]},{"@type":"BreadcrumbList","@id":"https:\/\/turisvina.cl\/catalogo-2026\/#breadcrumb","itemListElement":[{"@type":"ListItem","position":1,"name":"Portada","item":"https:\/\/turisvina.cl\/"},{"@type":"ListItem","position":2,"name":"TurisVi\u00f1a &#8211; Catalogo 2026"}]},{"@type":"WebSite","@id":"https:\/\/turisvina.cl\/#website","url":"https:\/\/turisvina.cl\/","name":"Turisvi\u00f1a","description":"","publisher":{"@id":"https:\/\/turisvina.cl\/#organization"},"potentialAction":[{"@type":"SearchAction","target":{"@type":"EntryPoint","urlTemplate":"https:\/\/turisvina.cl\/?s={search_term_string}"},"query-input":{"@type":"PropertyValueSpecification","valueRequired":true,"valueName":"search_term_string"}}],"inLanguage":"en-US"},{"@type":"Organization","@id":"https:\/\/turisvina.cl\/#organization","name":"Turisvi\u00f1a","url":"https:\/\/turisvina.cl\/","logo":{"@type":"ImageObject","inLanguage":"en-US","@id":"https:\/\/turisvina.cl\/#\/schema\/logo\/image\/","url":"https:\/\/turisvina.cl\/wp-content\/uploads\/2024\/03\/turisvinalogo.png","contentUrl":"https:\/\/turisvina.cl\/wp-content\/uploads\/2024\/03\/turisvinalogo.png","width":766,"height":315,"caption":"Turisvi\u00f1a"},"image":{"@id":"https:\/\/turisvina.cl\/#\/schema\/logo\/image\/"}}]}},"_links":{"self":[{"href":"https:\/\/turisvina.cl\/en\/wp-json\/wp\/v2\/pages\/4224","targetHints":{"allow":["GET"]}}],"collection":[{"href":"https:\/\/turisvina.cl\/en\/wp-json\/wp\/v2\/pages"}],"about":[{"href":"https:\/\/turisvina.cl\/en\/wp-json\/wp\/v2\/types\/page"}],"author":[{"embeddable":true,"href":"https:\/\/turisvina.cl\/en\/wp-json\/wp\/v2\/users\/1"}],"replies":[{"embeddable":true,"href":"https:\/\/turisvina.cl\/en\/wp-json\/wp\/v2\/comments?post=4224"}],"version-history":[{"count":32,"href":"https:\/\/turisvina.cl\/en\/wp-json\/wp\/v2\/pages\/4224\/revisions"}],"predecessor-version":[{"id":4672,"href":"https:\/\/turisvina.cl\/en\/wp-json\/wp\/v2\/pages\/4224\/revisions\/4672"}],"wp:attachment":[{"href":"https:\/\/turisvina.cl\/en\/wp-json\/wp\/v2\/media?parent=4224"}],"curies":[{"name":"wp","href":"https:\/\/api.w.org\/{rel}","templated":true}]}}