{"id":4562,"date":"2026-02-24T11:58:58","date_gmt":"2026-02-24T14:58:58","guid":{"rendered":"https:\/\/turisvina.cl\/?post_type=product&#038;p=4562"},"modified":"2026-02-24T12:22:31","modified_gmt":"2026-02-24T15:22:31","slug":"cerros-y-bahia-portena","status":"publish","type":"product","link":"https:\/\/turisvina.cl\/en\/product\/cerros-y-bahia-portena\/","title":{"rendered":"Cerros y bah\u00eda porte\u00f1a"},"content":{"rendered":"<p>Vive una experiencia de medio d\u00eda recorriendo los cerros m\u00e1s emblem\u00e1ticos de Valpara\u00edso y navegando su bah\u00eda. Un tour que combina patrimonio, arte urbano, miradores y vistas desde el mar para descubrir la esencia real del puerto, a un ritmo cercano y tranquilo.<\/p>\n<p><strong>ITINERARIO<\/strong><\/p>\n<p><strong>09:30 hrs &#8211; Encuentro en hotel o punto de salida<\/strong><br \/>\nTraslado hacia el punto de inicio del tour en Valpara\u00edso.<br \/>\n<strong>10:00 &#8211; 10:30 hrs &#8211; Ascensor Reina Victoria<\/strong><br \/>\nRecorrido en ascensor patrimonial, llegada al Cerro Alegre \u0443 breve rese\u00f1a hist\u00f3rica.<br \/>\n<strong>10:30 &#8211; 12:30 hrs &#8211; Recorrido por Cerro Alegre y Cerro Concepci\u00f3n<\/strong><br \/>\nCaminata guiada por pasajes emblem\u00e1ticos, murales, miradores, tiendas de arte v caf\u00e9s. Incluye Paseo Dimalaw, Paseo Atkinson, Paseo Gervasoni<br \/>\ny Pasaje G\u00e1lvez.<br \/>\n<strong>12:30 &#8211; 12:45 hrs &#8211; Descenso al plan \/ Plaza Sotomayor<\/strong><br \/>\nExplicaci\u00f3n hist\u00f3rica del puerto y su importancia.<br \/>\n<strong>13:00 &#8211; 13:40 hrs &#8211; Paseo en lancha por la bah\u00eda (opcional)<\/strong><br \/>\nSalida desde Muelle Prat. Vista del puerto y los cerros desde el mar.<br \/>\n<strong>14:00-14:15 hrs &#8211; Traslado al Cerro Artiller\u00eda<\/strong><br \/>\n<strong>14:15-15:15 hrs &#8211; Paseo 21 de Mavo<\/strong><br \/>\nMiradores, artesan\u00edas y vistas panor\u00e1micas de la bah\u00eda.<br \/>\n<strong>15:30 &#8211; 16:00 hrs &#8211; Regreso al hotel<\/strong><\/p>\n<p><strong>INCLUYE<\/strong><\/p>\n<p>\u2022 Recorrido guiado por Cerro Alegre, Cerro Concepci\u00f3n y Paseo 21 de Mayo.<br \/>\n\u2022 Ascensor Reina Victoria.<br \/>\n\u2022 Paradas para fotograf\u00edas en miradores.<br \/>\n\u2022 Conductor profesional.<br \/>\n\u2022 Veh\u00edculo autorizado por el Ministerio de Transportes.<br \/>\n\u2022 Seguro de viaje para pasajeros.<br \/>\n\u2022 Tiempo de espera en cada punto del recorrido.<\/p>\n<p><strong>NO INCLUYE<\/strong><\/p>\n<p>\u2022 Alimentaci\u00f3n (caf\u00e9s, snacks, etc.)<br \/>\n\u2022 Compras personales (artesan\u00edas souvenirs)<\/p>\n<div class=\"notranslate\" style=\"all: initial;\"><\/div>","protected":false},"excerpt":{"rendered":"<p class=\"tx-excerpt\">Vive una experiencia de medio d\u00eda recorriendo los cerros m\u00e1s emblem\u00e1ticos de Valpara\u00edso y navegando su bah\u00eda. Un tour que combina patrimonio, arte urbano, miradores y vistas desde el mar para descubrir la esencia real...<\/p>","protected":false},"featured_media":0,"comment_status":"open","ping_status":"closed","template":"","meta":[],"product_brand":[],"product_cat":[95],"product_tag":[],"class_list":{"0":"post-4562","1":"product","2":"type-product","3":"status-publish","5":"product_cat-tours-medio-dia","7":"first","8":"instock","9":"shipping-taxable","10":"purchasable","11":"product-type-variable"},"yoast_head":"<!-- This site is optimized with the Yoast SEO Premium plugin v27.1 (Yoast SEO v27.3) - https:\/\/yoast.com\/product\/yoast-seo-premium-wordpress\/ -->\n<title>Cerros y bah\u00eda porte\u00f1a - Turisvi\u00f1a<\/title>\n<meta name=\"robots\" content=\"index, follow, max-snippet:-1, max-image-preview:large, max-video-preview:-1\" \/>\n<link rel=\"canonical\" href=\"https:\/\/turisvina.cl\/en\/product\/cerros-y-bahia-portena\/\" \/>\n<meta property=\"og:locale\" content=\"en_US\" \/>\n<meta property=\"og:type\" content=\"article\" \/>\n<meta property=\"og:title\" content=\"Cerros y bah\u00eda porte\u00f1a\" \/>\n<meta property=\"og:description\" content=\"Vive una experiencia de medio d\u00eda recorriendo los cerros m\u00e1s emblem\u00e1ticos de Valpara\u00edso y navegando su bah\u00eda. Un tour que combina patrimonio, arte urbano, miradores y vistas desde el mar para descubrir la esencia real del puerto, a un ritmo cercano y tranquilo. ITINERARIO 09:30 hrs &#8211; Encuentro en hotel o punto de salida Traslado [&hellip;]\" \/>\n<meta property=\"og:url\" content=\"https:\/\/turisvina.cl\/en\/product\/cerros-y-bahia-portena\/\" \/>\n<meta property=\"og:site_name\" content=\"Turisvi\u00f1a\" \/>\n<meta property=\"article:modified_time\" content=\"2026-02-24T15:22:31+00:00\" \/>\n<meta name=\"twitter:card\" content=\"summary_large_image\" \/>\n<meta name=\"twitter:label1\" content=\"Est. reading time\" \/>\n\t<meta name=\"twitter:data1\" content=\"2 minutes\" \/>\n<script type=\"application\/ld+json\" class=\"yoast-schema-graph\">{\"@context\":\"https:\\\/\\\/schema.org\",\"@graph\":[{\"@type\":\"WebPage\",\"@id\":\"https:\\\/\\\/turisvina.cl\\\/producto\\\/cerros-y-bahia-portena\\\/\",\"url\":\"https:\\\/\\\/turisvina.cl\\\/producto\\\/cerros-y-bahia-portena\\\/\",\"name\":\"Cerros y bah\u00eda porte\u00f1a - Turisvi\u00f1a\",\"isPartOf\":{\"@id\":\"https:\\\/\\\/turisvina.cl\\\/#website\"},\"datePublished\":\"2026-02-24T14:58:58+00:00\",\"dateModified\":\"2026-02-24T15:22:31+00:00\",\"breadcrumb\":{\"@id\":\"https:\\\/\\\/turisvina.cl\\\/producto\\\/cerros-y-bahia-portena\\\/#breadcrumb\"},\"inLanguage\":\"en-US\",\"potentialAction\":[{\"@type\":\"ReadAction\",\"target\":[\"https:\\\/\\\/turisvina.cl\\\/producto\\\/cerros-y-bahia-portena\\\/\"]}]},{\"@type\":\"BreadcrumbList\",\"@id\":\"https:\\\/\\\/turisvina.cl\\\/producto\\\/cerros-y-bahia-portena\\\/#breadcrumb\",\"itemListElement\":[{\"@type\":\"ListItem\",\"position\":1,\"name\":\"Portada\",\"item\":\"https:\\\/\\\/turisvina.cl\\\/\"},{\"@type\":\"ListItem\",\"position\":2,\"name\":\"Tienda\",\"item\":\"https:\\\/\\\/turisvina.cl\\\/tienda\\\/\"},{\"@type\":\"ListItem\",\"position\":3,\"name\":\"Cerros y bah\u00eda porte\u00f1a\"}]},{\"@type\":\"WebSite\",\"@id\":\"https:\\\/\\\/turisvina.cl\\\/#website\",\"url\":\"https:\\\/\\\/turisvina.cl\\\/\",\"name\":\"Turisvi\u00f1a\",\"description\":\"\",\"publisher\":{\"@id\":\"https:\\\/\\\/turisvina.cl\\\/#organization\"},\"potentialAction\":[{\"@type\":\"SearchAction\",\"target\":{\"@type\":\"EntryPoint\",\"urlTemplate\":\"https:\\\/\\\/turisvina.cl\\\/?s={search_term_string}\"},\"query-input\":{\"@type\":\"PropertyValueSpecification\",\"valueRequired\":true,\"valueName\":\"search_term_string\"}}],\"inLanguage\":\"en-US\"},{\"@type\":\"Organization\",\"@id\":\"https:\\\/\\\/turisvina.cl\\\/#organization\",\"name\":\"Turisvi\u00f1a\",\"url\":\"https:\\\/\\\/turisvina.cl\\\/\",\"logo\":{\"@type\":\"ImageObject\",\"inLanguage\":\"en-US\",\"@id\":\"https:\\\/\\\/turisvina.cl\\\/#\\\/schema\\\/logo\\\/image\\\/\",\"url\":\"https:\\\/\\\/turisvina.cl\\\/wp-content\\\/uploads\\\/2024\\\/03\\\/turisvinalogo.png\",\"contentUrl\":\"https:\\\/\\\/turisvina.cl\\\/wp-content\\\/uploads\\\/2024\\\/03\\\/turisvinalogo.png\",\"width\":766,\"height\":315,\"caption\":\"Turisvi\u00f1a\"},\"image\":{\"@id\":\"https:\\\/\\\/turisvina.cl\\\/#\\\/schema\\\/logo\\\/image\\\/\"}}]}<\/script>\n<!-- \/ Yoast SEO Premium plugin. -->","yoast_head_json":{"title":"Cerros y bah\u00eda porte\u00f1a - Turisvi\u00f1a","robots":{"index":"index","follow":"follow","max-snippet":"max-snippet:-1","max-image-preview":"max-image-preview:large","max-video-preview":"max-video-preview:-1"},"canonical":"https:\/\/turisvina.cl\/en\/product\/cerros-y-bahia-portena\/","og_locale":"en_US","og_type":"article","og_title":"Cerros y bah\u00eda porte\u00f1a","og_description":"Vive una experiencia de medio d\u00eda recorriendo los cerros m\u00e1s emblem\u00e1ticos de Valpara\u00edso y navegando su bah\u00eda. Un tour que combina patrimonio, arte urbano, miradores y vistas desde el mar para descubrir la esencia real del puerto, a un ritmo cercano y tranquilo. ITINERARIO 09:30 hrs &#8211; Encuentro en hotel o punto de salida Traslado [&hellip;]","og_url":"https:\/\/turisvina.cl\/en\/product\/cerros-y-bahia-portena\/","og_site_name":"Turisvi\u00f1a","article_modified_time":"2026-02-24T15:22:31+00:00","twitter_card":"summary_large_image","twitter_misc":{"Est. reading time":"2 minutes"},"schema":{"@context":"https:\/\/schema.org","@graph":[{"@type":"WebPage","@id":"https:\/\/turisvina.cl\/producto\/cerros-y-bahia-portena\/","url":"https:\/\/turisvina.cl\/producto\/cerros-y-bahia-portena\/","name":"Cerros y bah\u00eda porte\u00f1a - Turisvi\u00f1a","isPartOf":{"@id":"https:\/\/turisvina.cl\/#website"},"datePublished":"2026-02-24T14:58:58+00:00","dateModified":"2026-02-24T15:22:31+00:00","breadcrumb":{"@id":"https:\/\/turisvina.cl\/producto\/cerros-y-bahia-portena\/#breadcrumb"},"inLanguage":"en-US","potentialAction":[{"@type":"ReadAction","target":["https:\/\/turisvina.cl\/producto\/cerros-y-bahia-portena\/"]}]},{"@type":"BreadcrumbList","@id":"https:\/\/turisvina.cl\/producto\/cerros-y-bahia-portena\/#breadcrumb","itemListElement":[{"@type":"ListItem","position":1,"name":"Portada","item":"https:\/\/turisvina.cl\/"},{"@type":"ListItem","position":2,"name":"Tienda","item":"https:\/\/turisvina.cl\/tienda\/"},{"@type":"ListItem","position":3,"name":"Cerros y bah\u00eda porte\u00f1a"}]},{"@type":"WebSite","@id":"https:\/\/turisvina.cl\/#website","url":"https:\/\/turisvina.cl\/","name":"Turisvi\u00f1a","description":"","publisher":{"@id":"https:\/\/turisvina.cl\/#organization"},"potentialAction":[{"@type":"SearchAction","target":{"@type":"EntryPoint","urlTemplate":"https:\/\/turisvina.cl\/?s={search_term_string}"},"query-input":{"@type":"PropertyValueSpecification","valueRequired":true,"valueName":"search_term_string"}}],"inLanguage":"en-US"},{"@type":"Organization","@id":"https:\/\/turisvina.cl\/#organization","name":"Turisvi\u00f1a","url":"https:\/\/turisvina.cl\/","logo":{"@type":"ImageObject","inLanguage":"en-US","@id":"https:\/\/turisvina.cl\/#\/schema\/logo\/image\/","url":"https:\/\/turisvina.cl\/wp-content\/uploads\/2024\/03\/turisvinalogo.png","contentUrl":"https:\/\/turisvina.cl\/wp-content\/uploads\/2024\/03\/turisvinalogo.png","width":766,"height":315,"caption":"Turisvi\u00f1a"},"image":{"@id":"https:\/\/turisvina.cl\/#\/schema\/logo\/image\/"}}]}},"_links":{"self":[{"href":"https:\/\/turisvina.cl\/en\/wp-json\/wp\/v2\/product\/4562","targetHints":{"allow":["GET"]}}],"collection":[{"href":"https:\/\/turisvina.cl\/en\/wp-json\/wp\/v2\/product"}],"about":[{"href":"https:\/\/turisvina.cl\/en\/wp-json\/wp\/v2\/types\/product"}],"replies":[{"embeddable":true,"href":"https:\/\/turisvina.cl\/en\/wp-json\/wp\/v2\/comments?post=4562"}],"wp:attachment":[{"href":"https:\/\/turisvina.cl\/en\/wp-json\/wp\/v2\/media?parent=4562"}],"wp:term":[{"taxonomy":"product_brand","embeddable":true,"href":"https:\/\/turisvina.cl\/en\/wp-json\/wp\/v2\/product_brand?post=4562"},{"taxonomy":"product_cat","embeddable":true,"href":"https:\/\/turisvina.cl\/en\/wp-json\/wp\/v2\/product_cat?post=4562"},{"taxonomy":"product_tag","embeddable":true,"href":"https:\/\/turisvina.cl\/en\/wp-json\/wp\/v2\/product_tag?post=4562"}],"curies":[{"name":"wp","href":"https:\/\/api.w.org\/{rel}","templated":true}]}}