{"id":4594,"date":"2026-02-24T13:39:26","date_gmt":"2026-02-24T16:39:26","guid":{"rendered":"https:\/\/turisvina.cl\/?post_type=product&#038;p=4594"},"modified":"2026-02-24T13:39:26","modified_gmt":"2026-02-24T16:39:26","slug":"entre-jardines-y-colores","status":"publish","type":"product","link":"https:\/\/turisvina.cl\/en\/product\/entre-jardines-y-colores\/","title":{"rendered":"Entre jardines y colores"},"content":{"rendered":"<p>Un recorrido de medio d\u00eda que une la elegancia de Vi\u00f1a del Mar con la historia y colorido de Valpara\u00edso. Un tour ideal para quienes buscan una introducci\u00f3n completa a ambas ciudades, combinando jardines, borde costero, cerros patrimoniales y vistas desde el mar.<\/p>\n<p><strong>ITINERARIO<\/strong><\/p>\n<p><strong>9:30 hrs &#8211; Encuentro en hotel o punto de salida (Vi\u00f1a del Mar).<\/strong><br \/>\nInicio del viaje hacia el Valle de Casablanca.<br \/>\n<strong>09:15 &#8211; 11:15 hrs &#8211; Vi\u00f1a del Mar<\/strong><br \/>\nRecorrido panor\u00e1mico por sectores emblem\u00e1ticos como Quinta Vergara, Muelle Vergara y Reloj de flores, con paradas para fotograf\u00edas.<br \/>\n<strong>11:15 &#8211; 11:30 hrs- Traslado a Valpara\u00edso<\/strong><br \/>\n<strong>11:30 &#8211; 13:30 hrs &#8211; Valpara\u00edso<\/strong><br \/>\nRecorrido por los sectores m\u00e1s emblem\u00e1ticos del puerto: Ascensor Reina Victoria, Cerro Alegre y Cerro Concepci\u00f3n, Puerto de Valpara\u00edso.<br \/>\nPaseo en lancha por la bah\u00eda (opcional).<br \/>\n<strong>13:30 &#8211; 14:00 hrs &#8211; Regreso al hotel<\/strong><\/p>\n<p><strong>INCLUYE<\/strong><\/p>\n<p>\u2022 Recorrido guiado por Vi\u00f1a del Mar y Valpara\u00edso<br \/>\n\u2022 Paradas para fotografi\u00e1s.<br \/>\n\u2022 Conductor profesional.<br \/>\n\u2022 Veh\u00edculo autorizado por el Ministerio de Transportes.<br \/>\n\u2022 Seguro de viaje para pasajeros.<br \/>\n\u2022 Tiempo de espera en cada punto del recorrido.<\/p>\n<p><strong>NO INCLUYE<\/strong><\/p>\n<p>\u2022 Alimentaci\u00f3n<br \/>\n\u2022 Compras personales (artesan\u00edas souvenirs)<\/p>","protected":false},"excerpt":{"rendered":"<p class=\"tx-excerpt\">Un recorrido de medio d\u00eda que une la elegancia de Vi\u00f1a del Mar con la historia y colorido de Valpara\u00edso. Un tour ideal para quienes buscan una introducci\u00f3n completa a ambas ciudades, combinando jardines, borde...<\/p>","protected":false},"featured_media":0,"comment_status":"open","ping_status":"closed","template":"","meta":[],"product_brand":[],"product_cat":[95],"product_tag":[],"class_list":{"0":"post-4594","1":"product","2":"type-product","3":"status-publish","5":"product_cat-tours-medio-dia","7":"first","8":"instock","9":"shipping-taxable","10":"purchasable","11":"product-type-variable"},"yoast_head":"<!-- This site is optimized with the Yoast SEO Premium plugin v27.1 (Yoast SEO v27.3) - https:\/\/yoast.com\/product\/yoast-seo-premium-wordpress\/ -->\n<title>Entre jardines y colores - Turisvi\u00f1a<\/title>\n<meta name=\"robots\" content=\"index, follow, max-snippet:-1, max-image-preview:large, max-video-preview:-1\" \/>\n<link rel=\"canonical\" href=\"https:\/\/turisvina.cl\/en\/product\/entre-jardines-y-colores\/\" \/>\n<meta property=\"og:locale\" content=\"en_US\" \/>\n<meta property=\"og:type\" content=\"article\" \/>\n<meta property=\"og:title\" content=\"Entre jardines y colores\" \/>\n<meta property=\"og:description\" content=\"Un recorrido de medio d\u00eda que une la elegancia de Vi\u00f1a del Mar con la historia y colorido de Valpara\u00edso. Un tour ideal para quienes buscan una introducci\u00f3n completa a ambas ciudades, combinando jardines, borde costero, cerros patrimoniales y vistas desde el mar. ITINERARIO 9:30 hrs &#8211; Encuentro en hotel o punto de salida (Vi\u00f1a [&hellip;]\" \/>\n<meta property=\"og:url\" content=\"https:\/\/turisvina.cl\/en\/product\/entre-jardines-y-colores\/\" \/>\n<meta property=\"og:site_name\" content=\"Turisvi\u00f1a\" \/>\n<meta name=\"twitter:card\" content=\"summary_large_image\" \/>\n<meta name=\"twitter:label1\" content=\"Est. reading time\" \/>\n\t<meta name=\"twitter:data1\" content=\"1 minute\" \/>\n<script type=\"application\/ld+json\" class=\"yoast-schema-graph\">{\"@context\":\"https:\\\/\\\/schema.org\",\"@graph\":[{\"@type\":\"WebPage\",\"@id\":\"https:\\\/\\\/turisvina.cl\\\/producto\\\/entre-jardines-y-colores\\\/\",\"url\":\"https:\\\/\\\/turisvina.cl\\\/producto\\\/entre-jardines-y-colores\\\/\",\"name\":\"Entre jardines y colores - Turisvi\u00f1a\",\"isPartOf\":{\"@id\":\"https:\\\/\\\/turisvina.cl\\\/#website\"},\"datePublished\":\"2026-02-24T16:39:26+00:00\",\"breadcrumb\":{\"@id\":\"https:\\\/\\\/turisvina.cl\\\/producto\\\/entre-jardines-y-colores\\\/#breadcrumb\"},\"inLanguage\":\"en-US\",\"potentialAction\":[{\"@type\":\"ReadAction\",\"target\":[\"https:\\\/\\\/turisvina.cl\\\/producto\\\/entre-jardines-y-colores\\\/\"]}]},{\"@type\":\"BreadcrumbList\",\"@id\":\"https:\\\/\\\/turisvina.cl\\\/producto\\\/entre-jardines-y-colores\\\/#breadcrumb\",\"itemListElement\":[{\"@type\":\"ListItem\",\"position\":1,\"name\":\"Portada\",\"item\":\"https:\\\/\\\/turisvina.cl\\\/\"},{\"@type\":\"ListItem\",\"position\":2,\"name\":\"Tienda\",\"item\":\"https:\\\/\\\/turisvina.cl\\\/tienda\\\/\"},{\"@type\":\"ListItem\",\"position\":3,\"name\":\"Entre jardines y colores\"}]},{\"@type\":\"WebSite\",\"@id\":\"https:\\\/\\\/turisvina.cl\\\/#website\",\"url\":\"https:\\\/\\\/turisvina.cl\\\/\",\"name\":\"Turisvi\u00f1a\",\"description\":\"\",\"publisher\":{\"@id\":\"https:\\\/\\\/turisvina.cl\\\/#organization\"},\"potentialAction\":[{\"@type\":\"SearchAction\",\"target\":{\"@type\":\"EntryPoint\",\"urlTemplate\":\"https:\\\/\\\/turisvina.cl\\\/?s={search_term_string}\"},\"query-input\":{\"@type\":\"PropertyValueSpecification\",\"valueRequired\":true,\"valueName\":\"search_term_string\"}}],\"inLanguage\":\"en-US\"},{\"@type\":\"Organization\",\"@id\":\"https:\\\/\\\/turisvina.cl\\\/#organization\",\"name\":\"Turisvi\u00f1a\",\"url\":\"https:\\\/\\\/turisvina.cl\\\/\",\"logo\":{\"@type\":\"ImageObject\",\"inLanguage\":\"en-US\",\"@id\":\"https:\\\/\\\/turisvina.cl\\\/#\\\/schema\\\/logo\\\/image\\\/\",\"url\":\"https:\\\/\\\/turisvina.cl\\\/wp-content\\\/uploads\\\/2024\\\/03\\\/turisvinalogo.png\",\"contentUrl\":\"https:\\\/\\\/turisvina.cl\\\/wp-content\\\/uploads\\\/2024\\\/03\\\/turisvinalogo.png\",\"width\":766,\"height\":315,\"caption\":\"Turisvi\u00f1a\"},\"image\":{\"@id\":\"https:\\\/\\\/turisvina.cl\\\/#\\\/schema\\\/logo\\\/image\\\/\"}}]}<\/script>\n<!-- \/ Yoast SEO Premium plugin. -->","yoast_head_json":{"title":"Entre jardines y colores - Turisvi\u00f1a","robots":{"index":"index","follow":"follow","max-snippet":"max-snippet:-1","max-image-preview":"max-image-preview:large","max-video-preview":"max-video-preview:-1"},"canonical":"https:\/\/turisvina.cl\/en\/product\/entre-jardines-y-colores\/","og_locale":"en_US","og_type":"article","og_title":"Entre jardines y colores","og_description":"Un recorrido de medio d\u00eda que une la elegancia de Vi\u00f1a del Mar con la historia y colorido de Valpara\u00edso. Un tour ideal para quienes buscan una introducci\u00f3n completa a ambas ciudades, combinando jardines, borde costero, cerros patrimoniales y vistas desde el mar. ITINERARIO 9:30 hrs &#8211; Encuentro en hotel o punto de salida (Vi\u00f1a [&hellip;]","og_url":"https:\/\/turisvina.cl\/en\/product\/entre-jardines-y-colores\/","og_site_name":"Turisvi\u00f1a","twitter_card":"summary_large_image","twitter_misc":{"Est. reading time":"1 minute"},"schema":{"@context":"https:\/\/schema.org","@graph":[{"@type":"WebPage","@id":"https:\/\/turisvina.cl\/producto\/entre-jardines-y-colores\/","url":"https:\/\/turisvina.cl\/producto\/entre-jardines-y-colores\/","name":"Entre jardines y colores - Turisvi\u00f1a","isPartOf":{"@id":"https:\/\/turisvina.cl\/#website"},"datePublished":"2026-02-24T16:39:26+00:00","breadcrumb":{"@id":"https:\/\/turisvina.cl\/producto\/entre-jardines-y-colores\/#breadcrumb"},"inLanguage":"en-US","potentialAction":[{"@type":"ReadAction","target":["https:\/\/turisvina.cl\/producto\/entre-jardines-y-colores\/"]}]},{"@type":"BreadcrumbList","@id":"https:\/\/turisvina.cl\/producto\/entre-jardines-y-colores\/#breadcrumb","itemListElement":[{"@type":"ListItem","position":1,"name":"Portada","item":"https:\/\/turisvina.cl\/"},{"@type":"ListItem","position":2,"name":"Tienda","item":"https:\/\/turisvina.cl\/tienda\/"},{"@type":"ListItem","position":3,"name":"Entre jardines y colores"}]},{"@type":"WebSite","@id":"https:\/\/turisvina.cl\/#website","url":"https:\/\/turisvina.cl\/","name":"Turisvi\u00f1a","description":"","publisher":{"@id":"https:\/\/turisvina.cl\/#organization"},"potentialAction":[{"@type":"SearchAction","target":{"@type":"EntryPoint","urlTemplate":"https:\/\/turisvina.cl\/?s={search_term_string}"},"query-input":{"@type":"PropertyValueSpecification","valueRequired":true,"valueName":"search_term_string"}}],"inLanguage":"en-US"},{"@type":"Organization","@id":"https:\/\/turisvina.cl\/#organization","name":"Turisvi\u00f1a","url":"https:\/\/turisvina.cl\/","logo":{"@type":"ImageObject","inLanguage":"en-US","@id":"https:\/\/turisvina.cl\/#\/schema\/logo\/image\/","url":"https:\/\/turisvina.cl\/wp-content\/uploads\/2024\/03\/turisvinalogo.png","contentUrl":"https:\/\/turisvina.cl\/wp-content\/uploads\/2024\/03\/turisvinalogo.png","width":766,"height":315,"caption":"Turisvi\u00f1a"},"image":{"@id":"https:\/\/turisvina.cl\/#\/schema\/logo\/image\/"}}]}},"_links":{"self":[{"href":"https:\/\/turisvina.cl\/en\/wp-json\/wp\/v2\/product\/4594","targetHints":{"allow":["GET"]}}],"collection":[{"href":"https:\/\/turisvina.cl\/en\/wp-json\/wp\/v2\/product"}],"about":[{"href":"https:\/\/turisvina.cl\/en\/wp-json\/wp\/v2\/types\/product"}],"replies":[{"embeddable":true,"href":"https:\/\/turisvina.cl\/en\/wp-json\/wp\/v2\/comments?post=4594"}],"wp:attachment":[{"href":"https:\/\/turisvina.cl\/en\/wp-json\/wp\/v2\/media?parent=4594"}],"wp:term":[{"taxonomy":"product_brand","embeddable":true,"href":"https:\/\/turisvina.cl\/en\/wp-json\/wp\/v2\/product_brand?post=4594"},{"taxonomy":"product_cat","embeddable":true,"href":"https:\/\/turisvina.cl\/en\/wp-json\/wp\/v2\/product_cat?post=4594"},{"taxonomy":"product_tag","embeddable":true,"href":"https:\/\/turisvina.cl\/en\/wp-json\/wp\/v2\/product_tag?post=4594"}],"curies":[{"name":"wp","href":"https:\/\/api.w.org\/{rel}","templated":true}]}}