{"id":4615,"date":"2026-02-24T17:02:16","date_gmt":"2026-02-24T20:02:16","guid":{"rendered":"https:\/\/turisvina.cl\/?post_type=product&#038;p=4615"},"modified":"2026-02-24T17:49:06","modified_gmt":"2026-02-24T20:49:06","slug":"tour-en-bicicleta-puerto-deportivo","status":"publish","type":"product","link":"https:\/\/turisvina.cl\/en\/product\/tour-en-bicicleta-puerto-deportivo\/","title":{"rendered":"Tour en bicicleta + Puerto Deportivo"},"content":{"rendered":"<p>Los pasajeros realizan el recorrido en bicicleta junto a un gu\u00eda, siguiendo una ruta planificada.<br \/>\nEl tour puede adaptarse seg\u00fan el tiempo disponible y las preferencias del grupo.<\/p>\n<p><strong>ITINERARIO<\/strong><\/p>\n<p><strong>9:00 hrs &#8211; Encuentro en hotel o punto de salida<\/strong><br \/>\nEntrega de bicicletas y charla de seguridad.<br \/>\n<strong>09:10 hrs &#8211; Inicio del recorrido en bicicleta<\/strong><br \/>\nRecorrido panor\u00e1mico por la costa de vi\u00f1a del mar y Valpara\u00edso.<br \/>\n<strong>09:35 hrs &#8211; Llegada al Puerto Deportivo<\/strong><br \/>\nTiempo breve para prepararse y recibir la introducci\u00f3n de puerto deportivo.<br \/>\n<strong>09:45 hrs &#8211; Experiencia de velero guiada<\/strong><br \/>\nSesi\u00f3n guiada o pr\u00e1ctica supervisada.<br \/>\n<strong>10:45 hrs &#8211; Snack ligero<\/strong><br \/>\nMomento para descansar y disfrutar de un snack ligero antes de continuar la actividad.<br \/>\n<strong>11:10 hrs &#8211; Regreso en bicicleta<\/strong><br \/>\nParada opcional para fotograf\u00edas.<br \/>\n<strong>12:00 hrs &#8211; Devoluci\u00f3n de bicicletas y cierre de la experiencia.<\/strong><\/p>\n<p><strong>INCLUYE<\/strong><br \/>\n\u2022 Bicicleta y casco.<br \/>\n\u2022 Actividad de velero guiada.<br \/>\n\u2022 Snack ligero.<br \/>\n\u2022 Coordinaci\u00f3n general (gu\u00eda opcional)<\/p>","protected":false},"excerpt":{"rendered":"<p class=\"tx-excerpt\">Los pasajeros realizan el recorrido en bicicleta junto a un gu\u00eda, siguiendo una ruta planificada. El tour puede adaptarse seg\u00fan el tiempo disponible y las preferencias del grupo. ITINERARIO 9:00 hrs &#8211; Encuentro en hotel...<\/p>","protected":false},"featured_media":0,"comment_status":"open","ping_status":"closed","template":"","meta":[],"product_brand":[],"product_cat":[95],"product_tag":[],"class_list":{"0":"post-4615","1":"product","2":"type-product","3":"status-publish","5":"product_cat-tours-medio-dia","7":"first","8":"outofstock","9":"shipping-taxable","10":"product-type-variable"},"yoast_head":"<!-- This site is optimized with the Yoast SEO Premium plugin v27.1 (Yoast SEO v27.3) - https:\/\/yoast.com\/product\/yoast-seo-premium-wordpress\/ -->\n<title>Tour en bicicleta + Puerto Deportivo - Turisvi\u00f1a<\/title>\n<meta name=\"robots\" content=\"index, follow, max-snippet:-1, max-image-preview:large, max-video-preview:-1\" \/>\n<link rel=\"canonical\" href=\"https:\/\/turisvina.cl\/en\/product\/tour-en-bicicleta-puerto-deportivo\/\" \/>\n<meta property=\"og:locale\" content=\"en_US\" \/>\n<meta property=\"og:type\" content=\"article\" \/>\n<meta property=\"og:title\" content=\"Tour en bicicleta + Puerto Deportivo\" \/>\n<meta property=\"og:description\" content=\"Los pasajeros realizan el recorrido en bicicleta junto a un gu\u00eda, siguiendo una ruta planificada. El tour puede adaptarse seg\u00fan el tiempo disponible y las preferencias del grupo. ITINERARIO 9:00 hrs &#8211; Encuentro en hotel o punto de salida Entrega de bicicletas y charla de seguridad. 09:10 hrs &#8211; Inicio del recorrido en bicicleta Recorrido [&hellip;]\" \/>\n<meta property=\"og:url\" content=\"https:\/\/turisvina.cl\/en\/product\/tour-en-bicicleta-puerto-deportivo\/\" \/>\n<meta property=\"og:site_name\" content=\"Turisvi\u00f1a\" \/>\n<meta property=\"article:modified_time\" content=\"2026-02-24T20:49:06+00:00\" \/>\n<meta name=\"twitter:card\" content=\"summary_large_image\" \/>\n<meta name=\"twitter:label1\" content=\"Est. reading time\" \/>\n\t<meta name=\"twitter:data1\" content=\"1 minute\" \/>\n<script type=\"application\/ld+json\" class=\"yoast-schema-graph\">{\"@context\":\"https:\\\/\\\/schema.org\",\"@graph\":[{\"@type\":\"WebPage\",\"@id\":\"https:\\\/\\\/turisvina.cl\\\/producto\\\/tour-en-bicicleta-puerto-deportivo\\\/\",\"url\":\"https:\\\/\\\/turisvina.cl\\\/producto\\\/tour-en-bicicleta-puerto-deportivo\\\/\",\"name\":\"Tour en bicicleta + Puerto Deportivo - Turisvi\u00f1a\",\"isPartOf\":{\"@id\":\"https:\\\/\\\/turisvina.cl\\\/#website\"},\"datePublished\":\"2026-02-24T20:02:16+00:00\",\"dateModified\":\"2026-02-24T20:49:06+00:00\",\"breadcrumb\":{\"@id\":\"https:\\\/\\\/turisvina.cl\\\/producto\\\/tour-en-bicicleta-puerto-deportivo\\\/#breadcrumb\"},\"inLanguage\":\"en-US\",\"potentialAction\":[{\"@type\":\"ReadAction\",\"target\":[\"https:\\\/\\\/turisvina.cl\\\/producto\\\/tour-en-bicicleta-puerto-deportivo\\\/\"]}]},{\"@type\":\"BreadcrumbList\",\"@id\":\"https:\\\/\\\/turisvina.cl\\\/producto\\\/tour-en-bicicleta-puerto-deportivo\\\/#breadcrumb\",\"itemListElement\":[{\"@type\":\"ListItem\",\"position\":1,\"name\":\"Portada\",\"item\":\"https:\\\/\\\/turisvina.cl\\\/\"},{\"@type\":\"ListItem\",\"position\":2,\"name\":\"Tienda\",\"item\":\"https:\\\/\\\/turisvina.cl\\\/tienda\\\/\"},{\"@type\":\"ListItem\",\"position\":3,\"name\":\"Tour en bicicleta + Puerto Deportivo\"}]},{\"@type\":\"WebSite\",\"@id\":\"https:\\\/\\\/turisvina.cl\\\/#website\",\"url\":\"https:\\\/\\\/turisvina.cl\\\/\",\"name\":\"Turisvi\u00f1a\",\"description\":\"\",\"publisher\":{\"@id\":\"https:\\\/\\\/turisvina.cl\\\/#organization\"},\"potentialAction\":[{\"@type\":\"SearchAction\",\"target\":{\"@type\":\"EntryPoint\",\"urlTemplate\":\"https:\\\/\\\/turisvina.cl\\\/?s={search_term_string}\"},\"query-input\":{\"@type\":\"PropertyValueSpecification\",\"valueRequired\":true,\"valueName\":\"search_term_string\"}}],\"inLanguage\":\"en-US\"},{\"@type\":\"Organization\",\"@id\":\"https:\\\/\\\/turisvina.cl\\\/#organization\",\"name\":\"Turisvi\u00f1a\",\"url\":\"https:\\\/\\\/turisvina.cl\\\/\",\"logo\":{\"@type\":\"ImageObject\",\"inLanguage\":\"en-US\",\"@id\":\"https:\\\/\\\/turisvina.cl\\\/#\\\/schema\\\/logo\\\/image\\\/\",\"url\":\"https:\\\/\\\/turisvina.cl\\\/wp-content\\\/uploads\\\/2024\\\/03\\\/turisvinalogo.png\",\"contentUrl\":\"https:\\\/\\\/turisvina.cl\\\/wp-content\\\/uploads\\\/2024\\\/03\\\/turisvinalogo.png\",\"width\":766,\"height\":315,\"caption\":\"Turisvi\u00f1a\"},\"image\":{\"@id\":\"https:\\\/\\\/turisvina.cl\\\/#\\\/schema\\\/logo\\\/image\\\/\"}}]}<\/script>\n<!-- \/ Yoast SEO Premium plugin. -->","yoast_head_json":{"title":"Tour en bicicleta + Puerto Deportivo - Turisvi\u00f1a","robots":{"index":"index","follow":"follow","max-snippet":"max-snippet:-1","max-image-preview":"max-image-preview:large","max-video-preview":"max-video-preview:-1"},"canonical":"https:\/\/turisvina.cl\/en\/product\/tour-en-bicicleta-puerto-deportivo\/","og_locale":"en_US","og_type":"article","og_title":"Tour en bicicleta + Puerto Deportivo","og_description":"Los pasajeros realizan el recorrido en bicicleta junto a un gu\u00eda, siguiendo una ruta planificada. El tour puede adaptarse seg\u00fan el tiempo disponible y las preferencias del grupo. ITINERARIO 9:00 hrs &#8211; Encuentro en hotel o punto de salida Entrega de bicicletas y charla de seguridad. 09:10 hrs &#8211; Inicio del recorrido en bicicleta Recorrido [&hellip;]","og_url":"https:\/\/turisvina.cl\/en\/product\/tour-en-bicicleta-puerto-deportivo\/","og_site_name":"Turisvi\u00f1a","article_modified_time":"2026-02-24T20:49:06+00:00","twitter_card":"summary_large_image","twitter_misc":{"Est. reading time":"1 minute"},"schema":{"@context":"https:\/\/schema.org","@graph":[{"@type":"WebPage","@id":"https:\/\/turisvina.cl\/producto\/tour-en-bicicleta-puerto-deportivo\/","url":"https:\/\/turisvina.cl\/producto\/tour-en-bicicleta-puerto-deportivo\/","name":"Tour en bicicleta + Puerto Deportivo - Turisvi\u00f1a","isPartOf":{"@id":"https:\/\/turisvina.cl\/#website"},"datePublished":"2026-02-24T20:02:16+00:00","dateModified":"2026-02-24T20:49:06+00:00","breadcrumb":{"@id":"https:\/\/turisvina.cl\/producto\/tour-en-bicicleta-puerto-deportivo\/#breadcrumb"},"inLanguage":"en-US","potentialAction":[{"@type":"ReadAction","target":["https:\/\/turisvina.cl\/producto\/tour-en-bicicleta-puerto-deportivo\/"]}]},{"@type":"BreadcrumbList","@id":"https:\/\/turisvina.cl\/producto\/tour-en-bicicleta-puerto-deportivo\/#breadcrumb","itemListElement":[{"@type":"ListItem","position":1,"name":"Portada","item":"https:\/\/turisvina.cl\/"},{"@type":"ListItem","position":2,"name":"Tienda","item":"https:\/\/turisvina.cl\/tienda\/"},{"@type":"ListItem","position":3,"name":"Tour en bicicleta + Puerto Deportivo"}]},{"@type":"WebSite","@id":"https:\/\/turisvina.cl\/#website","url":"https:\/\/turisvina.cl\/","name":"Turisvi\u00f1a","description":"","publisher":{"@id":"https:\/\/turisvina.cl\/#organization"},"potentialAction":[{"@type":"SearchAction","target":{"@type":"EntryPoint","urlTemplate":"https:\/\/turisvina.cl\/?s={search_term_string}"},"query-input":{"@type":"PropertyValueSpecification","valueRequired":true,"valueName":"search_term_string"}}],"inLanguage":"en-US"},{"@type":"Organization","@id":"https:\/\/turisvina.cl\/#organization","name":"Turisvi\u00f1a","url":"https:\/\/turisvina.cl\/","logo":{"@type":"ImageObject","inLanguage":"en-US","@id":"https:\/\/turisvina.cl\/#\/schema\/logo\/image\/","url":"https:\/\/turisvina.cl\/wp-content\/uploads\/2024\/03\/turisvinalogo.png","contentUrl":"https:\/\/turisvina.cl\/wp-content\/uploads\/2024\/03\/turisvinalogo.png","width":766,"height":315,"caption":"Turisvi\u00f1a"},"image":{"@id":"https:\/\/turisvina.cl\/#\/schema\/logo\/image\/"}}]}},"_links":{"self":[{"href":"https:\/\/turisvina.cl\/en\/wp-json\/wp\/v2\/product\/4615","targetHints":{"allow":["GET"]}}],"collection":[{"href":"https:\/\/turisvina.cl\/en\/wp-json\/wp\/v2\/product"}],"about":[{"href":"https:\/\/turisvina.cl\/en\/wp-json\/wp\/v2\/types\/product"}],"replies":[{"embeddable":true,"href":"https:\/\/turisvina.cl\/en\/wp-json\/wp\/v2\/comments?post=4615"}],"wp:attachment":[{"href":"https:\/\/turisvina.cl\/en\/wp-json\/wp\/v2\/media?parent=4615"}],"wp:term":[{"taxonomy":"product_brand","embeddable":true,"href":"https:\/\/turisvina.cl\/en\/wp-json\/wp\/v2\/product_brand?post=4615"},{"taxonomy":"product_cat","embeddable":true,"href":"https:\/\/turisvina.cl\/en\/wp-json\/wp\/v2\/product_cat?post=4615"},{"taxonomy":"product_tag","embeddable":true,"href":"https:\/\/turisvina.cl\/en\/wp-json\/wp\/v2\/product_tag?post=4615"}],"curies":[{"name":"wp","href":"https:\/\/api.w.org\/{rel}","templated":true}]}}